{"id":19942,"date":"2023-01-20T16:40:09","date_gmt":"2023-01-20T15:40:09","guid":{"rendered":"https:\/\/www.home.dbrsp.de\/?page_id=19942"},"modified":"2024-05-06T15:08:30","modified_gmt":"2024-05-06T13:08:30","slug":"dominik-brunner","status":"publish","type":"page","link":"https:\/\/www.home.dbrsp.de\/index.php\/dominik-brunner\/","title":{"rendered":"Dominik Brunner"},"content":{"rendered":"\n\t\t<div id=\"fws_69e88c4f0e7d4\"  data-column-margin=\"default\" data-midnight=\"light\" data-top-percent=\"15%\" data-bottom-percent=\"13%\"  class=\"wpb_row vc_row-fluid vc_row full-width-section vc_row-o-equal-height vc_row-flex vc_row-o-content-bottom\"  style=\"padding-top: calc(100vw * 0.15); padding-bottom: calc(100vw * 0.13); \"><div class=\"row-bg-wrap\" data-bg-animation=\"none\" data-bg-animation-delay=\"\" data-bg-overlay=\"true\"><div class=\"inner-wrap row-bg-layer using-image\" ><div class=\"row-bg viewport-desktop using-image\"  style=\"background-image: url(https:\/\/www.home.dbrsp.de\/wp-content\/uploads\/2023\/01\/DOMINIK-BRUNNER_SCHWARZ-WEIAX-FOTO.jpeg); background-position: center center; background-repeat: no-repeat; \"><\/div><\/div><div class=\"row-bg-overlay row-bg-layer\" style=\"background-color:rgba(10,10,10,0.65);  opacity: 0.3; \"><\/div><\/div><div class=\"row_col_wrap_12 col span_12 light left\">\n\t<div  class=\"vc_col-sm-12 wpb_column column_container vc_column_container col no-extra-padding inherit_tablet inherit_phone \"  data-padding-pos=\"all\" data-has-bg-color=\"false\" data-bg-color=\"\" data-bg-opacity=\"1\" data-animation=\"\" data-delay=\"0\" >\n\t\t<div class=\"vc_column-inner\" >\n\t\t\t<div class=\"wpb_wrapper\">\n\t\t\t\t<div class=\"nectar-split-heading  font_size_phone_35px \" data-align=\"default\" data-m-align=\"inherit\" data-text-effect=\"default\" data-animation-type=\"line-reveal-by-space\" data-animation-delay=\"0\" data-animation-offset=\"\" data-m-rm-animation=\"\" data-stagger=\"\" data-custom-font-size=\"false\" ><h1 >Dominik Brunner<\/h1><\/div>\n\t\t\t<\/div> \n\t\t<\/div>\n\t<\/div> \n<\/div><\/div>\n\t\t<div id=\"fws_69e88c4f0ed15\"  data-column-margin=\"default\" data-midnight=\"dark\"  class=\"wpb_row vc_row-fluid vc_row  top_margin_3pct\"  style=\"padding-top: 0px; padding-bottom: 0px; \"><div class=\"row-bg-wrap\" data-bg-animation=\"none\" data-bg-animation-delay=\"\" data-bg-overlay=\"false\"><div class=\"inner-wrap row-bg-layer\" ><div class=\"row-bg viewport-desktop\"  style=\"\"><\/div><\/div><\/div><div class=\"row_col_wrap_12 col span_12 dark left\">\n\t<div  class=\"vc_col-sm-12 wpb_column column_container vc_column_container col no-extra-padding inherit_tablet inherit_phone \"  data-padding-pos=\"all\" data-has-bg-color=\"false\" data-bg-color=\"\" data-bg-opacity=\"1\" data-animation=\"\" data-delay=\"0\" >\n\t\t<div class=\"vc_column-inner\" >\n\t\t\t<div class=\"wpb_wrapper\">\n\t\t\t\t<div class=\"divider-wrap height_phone_25px \" data-alignment=\"default\"><div  class=\"divider\"><\/div><\/div>\n<div class=\"wpb_text_column wpb_content_element \" >\n\t<p style=\"text-align: left;\">Dominik Brunner stellte sich am 12. September 2009 sch\u00fctzend vor vier bedrohte Kinder. Er wurde am M\u00fcnchner S-Bahnhof \u201eSolln\u201c Opfer eines Gewaltverbrechens und steht seitdem symbolisch f\u00fcr Zivilcourage und den Mut, sich f\u00fcr seine Mitmenschen einzusetzen.<\/p>\n<p style=\"text-align: left;\">Dominik Brunner verbrachte seine Kindheit in Ergoldsbach (Niederbayern). Nach dem Abitur<br \/>\nam Hans-Carossa-Gymnasium in Landshut begann er sein Studium der Rechtswissenschaften an der LMU (Ludwig-Maximilians-Universit\u00e4t) in M\u00fcnchen.<\/p>\n<p style=\"text-align: left;\">Nach dem erfolgreichen Abschluss seines Studiums arbeitete Dominik Brunner als Rechtsanwalt in den USA, Frankreich und Deutschland und setzte sich im Rahmen seines Berufs f\u00fcr Recht und Gesetz ein. Sp\u00e4ter war er als Justitiar der ERLUS AG und im Anschluss daran als Vorstand des Unternehmens in verschiedenen Bereichen t\u00e4tig. Neben seiner Neugierde, die ihm eine breite Allgemeinbildung erm\u00f6glichte, war Brunner zeit seines Lebens ein begeisterter Literatur-, Film- und Musikliebhaber.<\/p>\n<p style=\"text-align: left;\">Sein Beispiel zeigt uns, dass sich pers\u00f6nlicher Erfolg und selbstloses Handeln nicht gegenseitig ausschlie\u00dfen, sondern vielmehr wechselseitig positiv beeinflussen.<br \/>\nDominik Brunners Leben verdeutlicht uns, dass jeder Mensch nicht nur f\u00fcr sich, sondern auch gleichzeitig f\u00fcr seine Mitmenschen eintreten kann.<\/p>\n<p style=\"text-align: left;\">F\u00fcr die gelebte Zivilcourage und das selbstlose Engagement gedachten sowohl der damalige deutsche Bundespr\u00e4sident, Horst K\u00f6hler, als auch der damalige Bayerische Ministerpr\u00e4sident, Horst Seehofer, dem \u201eHelden von M\u00fcnchen-Solln\u201c und verliehen ihm nach seinem Tod das Bundesverdienstkreuz 1. Klasse, sowie den Bayerischen Verdienstorden.<\/p>\n<\/div>\n\n\n\n\n\t\t\t<\/div> \n\t\t<\/div>\n\t<\/div> \n<\/div><\/div>\n","protected":false},"excerpt":{"rendered":"Dominik Brunner Dominik Brunner stellte sich am 12. September 2009 sch\u00fctzend vor vier bedrohte Kinder. Er wurde am M\u00fcnchner S-Bahnhof \u201eSolln\u201c Opfer eines Gewaltverbrechens und steht seitdem symbolisch f\u00fcr Zivilcourage...","protected":false},"author":4,"featured_media":0,"parent":0,"menu_order":0,"comment_status":"closed","ping_status":"closed","template":"","meta":{"inline_featured_image":false,"footnotes":""},"class_list":["post-19942","page","type-page","status-publish"],"_links":{"self":[{"href":"https:\/\/www.home.dbrsp.de\/index.php\/wp-json\/wp\/v2\/pages\/19942","targetHints":{"allow":["GET"]}}],"collection":[{"href":"https:\/\/www.home.dbrsp.de\/index.php\/wp-json\/wp\/v2\/pages"}],"about":[{"href":"https:\/\/www.home.dbrsp.de\/index.php\/wp-json\/wp\/v2\/types\/page"}],"author":[{"embeddable":true,"href":"https:\/\/www.home.dbrsp.de\/index.php\/wp-json\/wp\/v2\/users\/4"}],"replies":[{"embeddable":true,"href":"https:\/\/www.home.dbrsp.de\/index.php\/wp-json\/wp\/v2\/comments?post=19942"}],"version-history":[{"count":22,"href":"https:\/\/www.home.dbrsp.de\/index.php\/wp-json\/wp\/v2\/pages\/19942\/revisions"}],"predecessor-version":[{"id":22515,"href":"https:\/\/www.home.dbrsp.de\/index.php\/wp-json\/wp\/v2\/pages\/19942\/revisions\/22515"}],"wp:attachment":[{"href":"https:\/\/www.home.dbrsp.de\/index.php\/wp-json\/wp\/v2\/media?parent=19942"}],"curies":[{"name":"wp","href":"https:\/\/api.w.org\/{rel}","templated":true}]}}