{"id":20360,"date":"2023-01-22T17:33:05","date_gmt":"2023-01-22T16:33:05","guid":{"rendered":"https:\/\/www.home.dbrsp.de\/?page_id=20360"},"modified":"2024-05-07T08:31:17","modified_gmt":"2024-05-07T06:31:17","slug":"leistungsnachweise","status":"publish","type":"page","link":"https:\/\/www.home.dbrsp.de\/index.php\/leistungsnachweise\/","title":{"rendered":"Leistungsnachweise"},"content":{"rendered":"\n\t\t<div id=\"fws_69f20d4d321b7\"  data-column-margin=\"default\" data-midnight=\"light\" data-top-percent=\"15%\" data-bottom-percent=\"13%\"  class=\"wpb_row vc_row-fluid vc_row full-width-section vc_row-o-equal-height vc_row-flex vc_row-o-content-bottom\"  style=\"padding-top: calc(100vw * 0.15); padding-bottom: calc(100vw * 0.13); \"><div class=\"row-bg-wrap\" data-bg-animation=\"none\" data-bg-animation-delay=\"\" data-bg-overlay=\"true\"><div class=\"inner-wrap row-bg-layer using-image\" ><div class=\"row-bg viewport-desktop using-image\"  style=\"background-image: url(https:\/\/www.home.dbrsp.de\/wp-content\/uploads\/2023\/01\/leistungsnachweise_background-scaled.jpg); background-position: right top; background-repeat: no-repeat; \"><\/div><\/div><div class=\"row-bg-overlay row-bg-layer\" style=\"background-color:rgba(10,10,10,0.6);  opacity: 0.3; \"><\/div><\/div><div class=\"row_col_wrap_12 col span_12 light left\">\n\t<div  class=\"vc_col-sm-12 wpb_column column_container vc_column_container col no-extra-padding inherit_tablet inherit_phone \"  data-padding-pos=\"all\" data-has-bg-color=\"false\" data-bg-color=\"\" data-bg-opacity=\"1\" data-animation=\"\" data-delay=\"0\" >\n\t\t<div class=\"vc_column-inner\" >\n\t\t\t<div class=\"wpb_wrapper\">\n\t\t\t\t<div class=\"nectar-split-heading  font_size_phone_35px \" data-align=\"default\" data-m-align=\"inherit\" data-text-effect=\"default\" data-animation-type=\"line-reveal-by-space\" data-animation-delay=\"0\" data-animation-offset=\"\" data-m-rm-animation=\"\" data-stagger=\"\" data-custom-font-size=\"false\" ><h1 >Leistungsnachweise<\/h1><\/div>\n\t\t\t<\/div> \n\t\t<\/div>\n\t<\/div> \n<\/div><\/div>\n\t\t<div id=\"fws_69f20d4d32590\"  data-column-margin=\"default\" data-midnight=\"dark\"  class=\"wpb_row vc_row-fluid vc_row\"  style=\"padding-top: 0px; padding-bottom: 0px; \"><div class=\"row-bg-wrap\" data-bg-animation=\"none\" data-bg-animation-delay=\"\" data-bg-overlay=\"false\"><div class=\"inner-wrap row-bg-layer\" ><div class=\"row-bg viewport-desktop\"  style=\"\"><\/div><\/div><\/div><div class=\"row_col_wrap_12 col span_12 dark left\">\n\t<div style=\"margin-top: 4%; margin-bottom: 4%; \" class=\"vc_col-sm-12 wpb_column column_container vc_column_container col no-extra-padding inherit_tablet inherit_phone \"  data-padding-pos=\"all\" data-has-bg-color=\"false\" data-bg-color=\"\" data-bg-opacity=\"1\" data-animation=\"\" data-delay=\"0\" >\n\t\t<div class=\"vc_column-inner\" >\n\t\t\t<div class=\"wpb_wrapper\">\n\t\t\t\t\n<div class=\"wpb_text_column wpb_content_element \" >\n\t<ol>\n<li><strong>Gro\u00dfe Leistungsnachweise\u00a0<\/strong>sind Schulaufgaben.<\/li>\n<li><strong>Kleine Leistungsnachweise\u00a0<\/strong>sind Kurzarbeiten, Stegreifaufgaben, fachliche Leistungstests sowie m\u00fcndliche und praktische Leistungen.\u00a0Sie sind m\u00f6glichst gleichm\u00e4\u00dfig \u00fcber das Schuljahr zu verteilen.\u00a0\u00dcber die Leistungen der Sch\u00fclerinnen und Sch\u00fcler f\u00fchren die Lehrkr\u00e4fte Aufzeichnungen.<a name=\"P50-A1\"><\/a><\/li>\n<\/ol>\n<ul>\n<li><strong>Kurzarbeiten<\/strong>\u00a0werden sp\u00e4testens eine Woche vorher angek\u00fcndigt. Sie erstrecken sich auf den Inhalt von h\u00f6chstens sechs unmittelbar vorhergegangener Unterrichtsstunden sowie auf Grundkenntnisse. Kurzarbeiten unterscheiden sich vom Umfang einer Schulaufgabe deutlich und sollen mit einem Zeitaufwand von h\u00f6chstens 30 Minuten bearbeitet werden k\u00f6nnen.\u00a0\u00a0Die Entscheidung, ob Kurzarbeiten geschrieben werden, trifft die Lehrerkonferenz zu Beginn des Schuljahres.<\/li>\n<li><strong>Stegreifaufgaben\u00a0<\/strong>werden nicht angek\u00fcndigt. Sie werden schriftlich bearbeitet und beschr\u00e4nken sich auf den Inhalt der vorhergegangenen Unterrichtsstunde einschlie\u00dflich der Grundkenntnisse. Die Bearbeitungszeit betr\u00e4gt nicht mehr als 20 Minuten.<\/li>\n<li><strong>Fachliche Leistungstests<\/strong>\u00a0(z.B. Jahrgangsstufentests) k\u00f6nnen nach Ma\u00dfgabe n\u00e4herer Bestimmungen des Staatsministeriums durchgef\u00fchrt werden. Sie werden sp\u00e4testens eine Woche vorher angek\u00fcndigt. An dem Tag, an dem die Klasse einen fachlichen Leistungstest schreibt, werden Schulaufgaben, Kurzarbeiten und Stegreifaufgaben nicht gehalten.<\/li>\n<li><strong>M\u00fcndliche Leistungsnachweise<\/strong>\u00a0sind Rechenschaftsablagen, Referate und Unterrichtsbeitr\u00e4ge.<\/li>\n<li><strong>Praktische Leistungsnachweise<\/strong>\u00a0sind zu erbringen in den F\u00e4chern Sport, Musik, Kunsterziehung, Werken, Textiles Gestalten, Haushalt und Ern\u00e4hrung sowie Informationstechnologie.<\/li>\n<\/ul>\n<p><strong>Anzahl der Leistungserhebungen<\/strong><\/p>\n<ul>\n<li>Die Zahl der Kurzarbeiten und Stegreifaufgaben sowie der m\u00fcndlichen und praktischen Leistungsnachweise bestimmt die Lehrkraft des betreffenden Fachs.<\/li>\n<li>An einem Tag darf nicht mehr als eine Schulaufgabe oder eine Kurzarbeit geschrieben werden. An Tagen, an denen die Klasse eine Schulaufgabe oder eine Kurzarbeit schreibt, werden Stegreifaufgaben nicht gegeben. In einer Woche sollen h\u00f6chstens drei angek\u00fcndigte schriftliche Leistungsnachweise gehalten werden, davon h\u00f6chstens zwei Schulaufgaben.<\/li>\n<li>Anzahl der Schulaufgaben:<\/li>\n<\/ul>\n\n<table id=\"tablepress-6\" class=\"tablepress tablepress-id-6\">\n<thead>\n<tr class=\"row-1\">\n\t<th class=\"column-1\">Vorr\u00fcckungsfach<\/th><th class=\"column-2\">Jahrgangsstufen:<\/th><td class=\"column-3\"><\/td><td class=\"column-4\"><\/td><td class=\"column-5\"><\/td><td class=\"column-6\"><\/td><td class=\"column-7\"><\/td>\n<\/tr>\n<\/thead>\n<tbody class=\"row-striping row-hover\">\n<tr class=\"row-2\">\n\t<td class=\"column-1\"><\/td><td class=\"column-2\"><strong>5<\/strong><\/td><td class=\"column-3\"><strong>6<\/strong><\/td><td class=\"column-4\"><strong>7<\/strong><\/td><td class=\"column-5\"><strong>8<\/strong><\/td><td class=\"column-6\"><strong>9<\/strong><\/td><td class=\"column-7\"><strong>10<\/strong><\/td>\n<\/tr>\n<tr class=\"row-3\">\n\t<td class=\"column-1\">Deutsch<\/td><td class=\"column-2\">4<\/td><td class=\"column-3\">4<\/td><td class=\"column-4\">4<\/td><td class=\"column-5\">4<\/td><td class=\"column-6\">3<\/td><td class=\"column-7\">3<\/td>\n<\/tr>\n<tr class=\"row-4\">\n\t<td class=\"column-1\">Englisch<\/td><td class=\"column-2\">4<\/td><td class=\"column-3\">4<\/td><td class=\"column-4\">4<\/td><td class=\"column-5\">4<\/td><td class=\"column-6\">3<\/td><td class=\"column-7\">3<\/td>\n<\/tr>\n<tr class=\"row-5\">\n\t<td class=\"column-1\">Mathematik I<\/td><td class=\"column-2\">4<\/td><td class=\"column-3\">4<\/td><td class=\"column-4\">4<\/td><td class=\"column-5\">4<\/td><td class=\"column-6\">4<\/td><td class=\"column-7\">3<\/td>\n<\/tr>\n<tr class=\"row-6\">\n\t<td class=\"column-1\">Mathematik II-III<\/td><td class=\"column-2\">4<\/td><td class=\"column-3\">4<\/td><td class=\"column-4\">3<\/td><td class=\"column-5\">3<\/td><td class=\"column-6\">3<\/td><td class=\"column-7\">3<\/td>\n<\/tr>\n<tr class=\"row-7\">\n\t<td class=\"column-1\">Physik I<\/td><td class=\"column-2\">-<\/td><td class=\"column-3\">-<\/td><td class=\"column-4\">-<\/td><td class=\"column-5\">2<\/td><td class=\"column-6\">2<\/td><td class=\"column-7\">2<\/td>\n<\/tr>\n<tr class=\"row-8\">\n\t<td class=\"column-1\">BWL\/Rechnungswesen II<\/td><td class=\"column-2\">-<\/td><td class=\"column-3\">-<\/td><td class=\"column-4\">3<\/td><td class=\"column-5\">3<\/td><td class=\"column-6\">3<\/td><td class=\"column-7\">3<\/td>\n<\/tr>\n<tr class=\"row-9\">\n\t<td class=\"column-1\">Franz\u00f6sisch III<\/td><td class=\"column-2\">-<\/td><td class=\"column-3\">-<\/td><td class=\"column-4\">3<\/td><td class=\"column-5\">3<\/td><td class=\"column-6\">3<\/td><td class=\"column-7\">3<\/td>\n<\/tr>\n<tr class=\"row-10\">\n\t<td class=\"column-1\">Chemie I<\/td><td class=\"column-2\">-<\/td><td class=\"column-3\">-<\/td><td class=\"column-4\">-<\/td><td class=\"column-5\">2<\/td><td class=\"column-6\">2<\/td><td class=\"column-7\">2<\/td>\n<\/tr>\n<tr class=\"row-11\">\n\t<td class=\"column-1\">Chemie II<\/td><td class=\"column-2\">-<\/td><td class=\"column-3\">-<\/td><td class=\"column-4\">-<\/td><td class=\"column-5\">-<\/td><td class=\"column-6\">2<\/td><td class=\"column-7\">2<\/td>\n<\/tr>\n<tr class=\"row-12\">\n\t<td class=\"column-1\">Kunst, Werken Haushalt &amp; Ern\u00e4hrung, (Sozialwesen III)<\/td><td class=\"column-2\">-<\/td><td class=\"column-3\">-<\/td><td class=\"column-4\">3<\/td><td class=\"column-5\">3<\/td><td class=\"column-6\">3<\/td><td class=\"column-7\">3<\/td>\n<\/tr>\n<\/tbody>\n<\/table>\n<!-- #tablepress-6 from cache -->\n<\/div>\n\n\n\n\n\t\t\t<\/div> \n\t\t<\/div>\n\t<\/div> \n<\/div><\/div>\n","protected":false},"excerpt":{"rendered":"Leistungsnachweise Gro\u00dfe Leistungsnachweise\u00a0sind Schulaufgaben. Kleine Leistungsnachweise\u00a0sind Kurzarbeiten, Stegreifaufgaben, fachliche Leistungstests sowie m\u00fcndliche und praktische Leistungen.\u00a0Sie sind m\u00f6glichst gleichm\u00e4\u00dfig \u00fcber das Schuljahr zu verteilen.\u00a0\u00dcber die Leistungen der Sch\u00fclerinnen und Sch\u00fcler f\u00fchren...","protected":false},"author":6,"featured_media":0,"parent":0,"menu_order":0,"comment_status":"closed","ping_status":"closed","template":"","meta":{"inline_featured_image":false,"footnotes":""},"class_list":["post-20360","page","type-page","status-publish"],"_links":{"self":[{"href":"https:\/\/www.home.dbrsp.de\/index.php\/wp-json\/wp\/v2\/pages\/20360","targetHints":{"allow":["GET"]}}],"collection":[{"href":"https:\/\/www.home.dbrsp.de\/index.php\/wp-json\/wp\/v2\/pages"}],"about":[{"href":"https:\/\/www.home.dbrsp.de\/index.php\/wp-json\/wp\/v2\/types\/page"}],"author":[{"embeddable":true,"href":"https:\/\/www.home.dbrsp.de\/index.php\/wp-json\/wp\/v2\/users\/6"}],"replies":[{"embeddable":true,"href":"https:\/\/www.home.dbrsp.de\/index.php\/wp-json\/wp\/v2\/comments?post=20360"}],"version-history":[{"count":4,"href":"https:\/\/www.home.dbrsp.de\/index.php\/wp-json\/wp\/v2\/pages\/20360\/revisions"}],"predecessor-version":[{"id":22554,"href":"https:\/\/www.home.dbrsp.de\/index.php\/wp-json\/wp\/v2\/pages\/20360\/revisions\/22554"}],"wp:attachment":[{"href":"https:\/\/www.home.dbrsp.de\/index.php\/wp-json\/wp\/v2\/media?parent=20360"}],"curies":[{"name":"wp","href":"https:\/\/api.w.org\/{rel}","templated":true}]}}