{"id":20376,"date":"2023-01-22T17:48:52","date_gmt":"2023-01-22T16:48:52","guid":{"rendered":"https:\/\/www.home.dbrsp.de\/?page_id=20376"},"modified":"2024-05-07T15:15:16","modified_gmt":"2024-05-07T13:15:16","slug":"unterrichtszeiten","status":"publish","type":"page","link":"https:\/\/www.home.dbrsp.de\/index.php\/unterrichtszeiten\/","title":{"rendered":"Unterrichtszeiten"},"content":{"rendered":"\n\t\t<div id=\"fws_69f20dd021560\"  data-column-margin=\"default\" data-midnight=\"light\" data-top-percent=\"15%\" data-bottom-percent=\"13%\"  class=\"wpb_row vc_row-fluid vc_row full-width-section vc_row-o-equal-height vc_row-flex vc_row-o-content-bottom\"  style=\"padding-top: calc(100vw * 0.15); padding-bottom: calc(100vw * 0.13); \"><div class=\"row-bg-wrap\" data-bg-animation=\"none\" data-bg-animation-delay=\"\" data-bg-overlay=\"true\"><div class=\"inner-wrap row-bg-layer using-image\" ><div class=\"row-bg viewport-desktop using-image\"  style=\"background-image: url(https:\/\/www.home.dbrsp.de\/wp-content\/uploads\/2023\/01\/unterrichtszeiten_background-scaled.jpg); background-position: center center; background-repeat: no-repeat; \"><\/div><\/div><div class=\"row-bg-overlay row-bg-layer\" style=\"background-color:rgba(10,10,10,0.6);  opacity: 0.3; \"><\/div><\/div><div class=\"row_col_wrap_12 col span_12 light left\">\n\t<div  class=\"vc_col-sm-12 wpb_column column_container vc_column_container col no-extra-padding inherit_tablet inherit_phone \"  data-padding-pos=\"all\" data-has-bg-color=\"false\" data-bg-color=\"\" data-bg-opacity=\"1\" data-animation=\"\" data-delay=\"0\" >\n\t\t<div class=\"vc_column-inner\" >\n\t\t\t<div class=\"wpb_wrapper\">\n\t\t\t\t<div class=\"nectar-split-heading  font_size_phone_35px \" data-align=\"default\" data-m-align=\"inherit\" data-text-effect=\"default\" data-animation-type=\"line-reveal-by-space\" data-animation-delay=\"0\" data-animation-offset=\"\" data-m-rm-animation=\"\" data-stagger=\"\" data-custom-font-size=\"false\" ><h1 >Unterrichtszeiten<\/h1><\/div>\n\t\t\t<\/div> \n\t\t<\/div>\n\t<\/div> \n<\/div><\/div>\n\t\t<div id=\"home\"  data-column-margin=\"default\" data-midnight=\"dark\" data-top-percent=\"3%\" data-bottom-percent=\"3%\"  class=\"wpb_row vc_row-fluid vc_row full-width-content has-row-bg-color vc_row-o-equal-height vc_row-flex vc_row-o-content-middle  top_padding_tablet_2pct bottom_padding_tablet_2pct\"  style=\"padding-top: calc(100vw * 0.03); padding-bottom: calc(100vw * 0.03); --row-bg-color: #ffffff;\"><div class=\"row-bg-wrap\" data-bg-animation=\"none\" data-bg-animation-delay=\"\" data-bg-overlay=\"false\"><div class=\"inner-wrap row-bg-layer\" ><div class=\"row-bg viewport-desktop using-bg-color\"  style=\"background-color: #ffffff; \"><\/div><\/div><\/div><div class=\"row_col_wrap_12 col span_12 dark left\">\n\t<div  class=\"vc_col-sm-3 vc_hidden-sm vc_col-xs-12 vc_hidden-xs wpb_column column_container vc_column_container col no-extra-padding force-desktop-text-align-center right_margin_tablet_auto right_margin_phone_auto left_margin_tablet_auto left_margin_phone_auto inherit_tablet inherit_phone max_width_tablet_600px max_width_phone_420px \"  data-padding-pos=\"all\" data-has-bg-color=\"false\" data-bg-color=\"\" data-bg-opacity=\"1\" data-animation=\"\" data-delay=\"0\" >\n\t\t<div class=\"vc_column-inner\" >\n\t\t\t<div class=\"wpb_wrapper\">\n\t\t\t\t<div class=\"nectar_icon_wrap translate_x_desktop_50pct \" data-style=\"default\" data-padding=\"20px\" data-color=\"accent-color\" style=\"\" >\n\t\t<div class=\"nectar_icon\" ><i style=\"font-size: 160px; line-height: 160px; height: 160px; width: 160px;\" class=\"fa fa-calendar\"><\/i><\/div>\n\t<\/div>\n\t\t\t<\/div> \n\t\t<\/div>\n\t<\/div> \n\n\t<div style=\"z-index: 100; \" class=\"vc_col-sm-9 vc_col-xs-12 wpb_column column_container vc_column_container col padding-7-percent max_width_desktop_1000px top_margin_tablet_40px right_margin_tablet_auto right_margin_phone_auto left_margin_tablet_auto left_margin_phone_auto no-extra-padding_tablet no-extra-padding_phone max_width_tablet_600px max_width_phone_420px \"  data-padding-pos=\"left-right\" data-has-bg-color=\"false\" data-bg-color=\"\" data-bg-opacity=\"1\" data-animation=\"\" data-delay=\"0\" >\n\t\t<div class=\"vc_column-inner\" >\n\t\t\t<div class=\"wpb_wrapper\">\n\t\t\t\t<div id=\"fws_69f20dd021cf2\" data-midnight=\"\" data-column-margin=\"40px\" class=\"wpb_row vc_row-fluid vc_row inner_row\"  style=\"\"><div class=\"row-bg-wrap\"> <div class=\"row-bg\" ><\/div> <\/div><div class=\"row_col_wrap_12_inner col span_12  left\">\n\t<div  class=\"vc_col-sm-12 wpb_column column_container vc_column_container col child_column no-extra-padding inherit_tablet inherit_phone \"   data-padding-pos=\"all\" data-has-bg-color=\"false\" data-bg-color=\"\" data-bg-opacity=\"1\" data-animation=\"\" data-delay=\"0\" >\n\t\t<div class=\"vc_column-inner\" >\n\t\t<div class=\"wpb_wrapper\">\n\t\t\t\n<div class=\"wpb_text_column wpb_content_element \" >\n\t<p>Wir haben in Kooperation mit den umliegenden Schulen des Schulzentrums Poing (Grund-und Hauptschule \/Realschule \/\u00a0Sonderp\u00e4dagogisches F\u00f6rderzentrum (SFZ))\u00a0\u00a0<strong>einheitlich<\/strong>\u00a0folgende\u00a0<strong>Unterrichtszeiten<\/strong>\u00a0festgelegt. Vor Unterrichtsbeginn k\u00f6nnen die Sch\u00fclerinnen und Sch\u00fcler ab 07.45 Uhr das Schulhaus bzw. die Klassenzimmer betreten. Die Fahrsch\u00fcler k\u00f6nnen ab 07.30 Uhr im Atrium (unsere Aula) warten. Je nach p\u00e4dagogischen und organisatorischen Erfordernissen wenden wir\u00a0unterschiedliche Zeit-Szenarien an.<\/p>\n<\/div>\n\n\n\n<a class=\"nectar-button large see-through-2  has-icon\"  role=\"button\" style=\"\" target=\"_blank\" href=\"https:\/\/www.home.dbrsp.de\/wp-content\/uploads\/2023\/01\/Unterrichtszeiten_2016.jpg\" data-color-override=\"false\" data-hover-color-override=\"false\" data-hover-text-color-override=\"#ffffff\"><span>Download - Unterrichtszeiten<\/span><i  class=\"icon-button-arrow\"><\/i><\/a>\n\t\t<\/div> \n\t<\/div>\n\t<\/div> \n<\/div><\/div>\n\t\t\t<\/div> \n\t\t<\/div>\n\t<\/div> \n<\/div><\/div>\n","protected":false},"excerpt":{"rendered":"Unterrichtszeiten Wir haben in Kooperation mit den umliegenden Schulen des Schulzentrums Poing (Grund-und Hauptschule \/Realschule \/\u00a0Sonderp\u00e4dagogisches F\u00f6rderzentrum (SFZ))\u00a0\u00a0einheitlich\u00a0folgende\u00a0Unterrichtszeiten\u00a0festgelegt. Vor Unterrichtsbeginn k\u00f6nnen die Sch\u00fclerinnen und Sch\u00fcler ab 07.45 Uhr das Schulhaus...","protected":false},"author":6,"featured_media":0,"parent":0,"menu_order":0,"comment_status":"closed","ping_status":"closed","template":"","meta":{"inline_featured_image":false,"footnotes":""},"class_list":["post-20376","page","type-page","status-publish"],"_links":{"self":[{"href":"https:\/\/www.home.dbrsp.de\/index.php\/wp-json\/wp\/v2\/pages\/20376","targetHints":{"allow":["GET"]}}],"collection":[{"href":"https:\/\/www.home.dbrsp.de\/index.php\/wp-json\/wp\/v2\/pages"}],"about":[{"href":"https:\/\/www.home.dbrsp.de\/index.php\/wp-json\/wp\/v2\/types\/page"}],"author":[{"embeddable":true,"href":"https:\/\/www.home.dbrsp.de\/index.php\/wp-json\/wp\/v2\/users\/6"}],"replies":[{"embeddable":true,"href":"https:\/\/www.home.dbrsp.de\/index.php\/wp-json\/wp\/v2\/comments?post=20376"}],"version-history":[{"count":4,"href":"https:\/\/www.home.dbrsp.de\/index.php\/wp-json\/wp\/v2\/pages\/20376\/revisions"}],"predecessor-version":[{"id":22599,"href":"https:\/\/www.home.dbrsp.de\/index.php\/wp-json\/wp\/v2\/pages\/20376\/revisions\/22599"}],"wp:attachment":[{"href":"https:\/\/www.home.dbrsp.de\/index.php\/wp-json\/wp\/v2\/media?parent=20376"}],"curies":[{"name":"wp","href":"https:\/\/api.w.org\/{rel}","templated":true}]}}