{"id":209,"date":"2022-12-20T20:00:54","date_gmt":"2022-12-20T19:00:54","guid":{"rendered":"http:\/\/themenectar.com\/demo\/salient-corporate-2\/?page_id=209"},"modified":"2024-03-26T13:29:27","modified_gmt":"2024-03-26T12:29:27","slug":"aktuelles","status":"publish","type":"page","link":"https:\/\/www.home.dbrsp.de\/index.php\/aktuelles\/","title":{"rendered":"Aktuelles"},"content":{"rendered":"\n\t\t<div id=\"fws_6a034e20acdc3\"  data-column-margin=\"default\" data-midnight=\"dark\"  class=\"wpb_row vc_row-fluid vc_row\"  style=\"padding-top: 0px; padding-bottom: 30px; \"><div class=\"row-bg-wrap\" data-bg-animation=\"none\" data-bg-animation-delay=\"\" data-bg-overlay=\"false\"><div class=\"inner-wrap row-bg-layer\" ><div class=\"row-bg viewport-desktop\"  style=\"\"><\/div><\/div><\/div><div class=\"row_col_wrap_12 col span_12 dark left\">\n\t<div  class=\"vc_col-sm-12 wpb_column column_container vc_column_container col no-extra-padding inherit_tablet inherit_phone \"  data-padding-pos=\"all\" data-has-bg-color=\"false\" data-bg-color=\"\" data-bg-opacity=\"1\" data-animation=\"\" data-delay=\"0\" >\n\t\t<div class=\"vc_column-inner\" >\n\t\t\t<div class=\"wpb_wrapper\">\n\t\t\t\t\n<div class=\"row\">\n\n <div class=\"post-area col featured_img_left span_9   \" data-ams=\"\" data-remove-post-date=\"\" data-remove-post-author=\"1\" data-remove-post-comment-number=\"1\" data-remove-post-nectar-love=\"1\"> <div class=\"posts-container\" data-load-animation=\"fade_in_from_bottom\">     \n     \n<article id=\"post-22326\" class=\"post-22326 post type-post status-publish format-standard has-post-thumbnail category-kunst category-schuljahr-2023-24\">  \n  <div class=\"inner-wrap animated\">\n    <div class=\"post-content\">\n      <div class=\"article-content-wrap\">\n        <div class=\"post-featured-img-wrap\">\n          <a href=\"https:\/\/www.home.dbrsp.de\/index.php\/2024\/03\/21\/monets-garten-ein-immersives-ausstellungserlebnis\/\" aria-label=\"Monets Garten &#8211; Ein immersives Ausstellungserlebnis\"><span class=\"post-featured-img\"><img class=\"nectar-lazy wp-post-image skip-lazy\" alt=\"\" height=\"480\" width=\"640\" data-nectar-img-src=\"https:\/\/www.home.dbrsp.de\/wp-content\/uploads\/2024\/03\/Frontbild_2.jpg\" data-nectar-img-srcset=\"https:\/\/www.home.dbrsp.de\/wp-content\/uploads\/2024\/03\/Frontbild_2.jpg 640w, https:\/\/www.home.dbrsp.de\/wp-content\/uploads\/2024\/03\/Frontbild_2-300x225.jpg 300w, https:\/\/www.home.dbrsp.de\/wp-content\/uploads\/2024\/03\/Frontbild_2-16x12.jpg 16w\" sizes=\"(min-width: 690px) 40vw, 100vw\" \/><\/span><\/a>          \n        <\/div>\n        <div class=\"post-content-wrap\">\n          <a class=\"entire-meta-link\" href=\"https:\/\/www.home.dbrsp.de\/index.php\/2024\/03\/21\/monets-garten-ein-immersives-ausstellungserlebnis\/\"><span class=\"screen-reader-text\">Monets Garten &#8211; Ein immersives Ausstellungserlebnis<\/span><\/a>\n          <span class=\"meta-category\"><a class=\"kunst\" href=\"https:\/\/www.home.dbrsp.de\/index.php\/category\/kunst\/\">Kunst<\/a><a class=\"schuljahr-2023-24\" href=\"https:\/\/www.home.dbrsp.de\/index.php\/category\/schuljahr-2023-24\/\">Schuljahr 2023\/24<\/a><\/span>          \n          <div class=\"post-header\">\n            <h3 class=\"title\"><a href=\"https:\/\/www.home.dbrsp.de\/index.php\/2024\/03\/21\/monets-garten-ein-immersives-ausstellungserlebnis\/\"> Monets Garten &#8211; Ein immersives Ausstellungserlebnis<\/a><\/h3>\n          <\/div>\n          \n          <div class=\"excerpt\">Monets Garten - Ein immersives Ausstellungserlebnis Am Kulturtag begab sich die Kunstklasse 9c in \u201eMonets Garten\u201c, eine immersive Ausstellung in Form einer Multimedia-Erlebnisreise durch das Leben und Werk des impressionistischen&hellip;<\/div><div class=\"grav-wrap\"><a href=\"https:\/\/www.home.dbrsp.de\/index.php\/author\/scd\/\"><img alt='Dominik Sch\u00f6nberger' src='https:\/\/secure.gravatar.com\/avatar\/424b31adfd755eb6702733d40a76617851a3e1e1b6f7e77c14e01ab2d2ed6f7b?s=70&#038;d=blank&#038;r=g' srcset='https:\/\/secure.gravatar.com\/avatar\/424b31adfd755eb6702733d40a76617851a3e1e1b6f7e77c14e01ab2d2ed6f7b?s=140&#038;d=blank&#038;r=g 2x' class='avatar avatar-70 photo' height='70' width='70' \/><\/a><div class=\"text\"><a href=\"https:\/\/www.home.dbrsp.de\/index.php\/author\/scd\/\" rel=\"author\">Dominik Sch\u00f6nberger<\/a><span>21. M\u00e4rz 2024<\/span><\/div><\/div>        <\/div>\n      <\/div>\n    <\/div>\n  <\/div>\n<\/article>     \n     \n<article id=\"post-22231\" class=\"post-22231 post type-post status-publish format-standard has-post-thumbnail category-erasmus category-schuljahr-2023-24\">  \n  <div class=\"inner-wrap animated\">\n    <div class=\"post-content\">\n      <div class=\"article-content-wrap\">\n        <div class=\"post-featured-img-wrap\">\n          <a href=\"https:\/\/www.home.dbrsp.de\/index.php\/2024\/03\/14\/la-reunion-2023-reisebericht-mirella-8c\/\" aria-label=\"La R\u00e9union 2023 &#8211; Reisebericht Mirella (8C)\"><span class=\"post-featured-img\"><img class=\"nectar-lazy wp-post-image skip-lazy\" alt=\"\" height=\"1920\" width=\"2560\" data-nectar-img-src=\"https:\/\/www.home.dbrsp.de\/wp-content\/uploads\/2024\/03\/IMG_7847-scaled.jpeg\" data-nectar-img-srcset=\"\" sizes=\"(min-width: 690px) 40vw, 100vw\" \/><\/span><\/a>          \n        <\/div>\n        <div class=\"post-content-wrap\">\n          <a class=\"entire-meta-link\" href=\"https:\/\/www.home.dbrsp.de\/index.php\/2024\/03\/14\/la-reunion-2023-reisebericht-mirella-8c\/\"><span class=\"screen-reader-text\">La R\u00e9union 2023 &#8211; Reisebericht Mirella (8C)<\/span><\/a>\n          <span class=\"meta-category\"><a class=\"erasmus\" href=\"https:\/\/www.home.dbrsp.de\/index.php\/category\/erasmus\/\">ERASMUS+<\/a><a class=\"schuljahr-2023-24\" href=\"https:\/\/www.home.dbrsp.de\/index.php\/category\/schuljahr-2023-24\/\">Schuljahr 2023\/24<\/a><\/span>          \n          <div class=\"post-header\">\n            <h3 class=\"title\"><a href=\"https:\/\/www.home.dbrsp.de\/index.php\/2024\/03\/14\/la-reunion-2023-reisebericht-mirella-8c\/\"> La R\u00e9union 2023 &#8211; Reisebericht Mirella (8C)<\/a><\/h3>\n          <\/div>\n          \n          <div class=\"excerpt\">Bericht von Mirella, 8C Im November besuchten wir f\u00fcr 12 Tage Saint-Denis auf der Insel La R\u00e9union. Die Ziele unserer Reise waren, wie man sich gesund und gleichzeitig nachhaltig ern\u00e4hren\u00a0kann&hellip;<\/div><div class=\"grav-wrap\"><a href=\"https:\/\/www.home.dbrsp.de\/index.php\/author\/tinaminkus\/\"><img alt='Tina Minkus' src='https:\/\/secure.gravatar.com\/avatar\/9b75ef99671ec42d26259c7550af534546a8cd2df89e0bb635523434cf1c3b0b?s=70&#038;d=blank&#038;r=g' srcset='https:\/\/secure.gravatar.com\/avatar\/9b75ef99671ec42d26259c7550af534546a8cd2df89e0bb635523434cf1c3b0b?s=140&#038;d=blank&#038;r=g 2x' class='avatar avatar-70 photo' height='70' width='70' \/><\/a><div class=\"text\"><a href=\"https:\/\/www.home.dbrsp.de\/index.php\/author\/tinaminkus\/\" rel=\"author\">Tina Minkus<\/a><span>14. M\u00e4rz 2024<\/span><\/div><\/div>        <\/div>\n      <\/div>\n    <\/div>\n  <\/div>\n<\/article>     \n     \n<article id=\"post-22216\" class=\"post-22216 post type-post status-publish format-standard has-post-thumbnail category-erasmus category-schuljahr-2023-24\">  \n  <div class=\"inner-wrap animated\">\n    <div class=\"post-content\">\n      <div class=\"article-content-wrap\">\n        <div class=\"post-featured-img-wrap\">\n          <a href=\"https:\/\/www.home.dbrsp.de\/index.php\/2024\/03\/14\/la-reunion-2023-reisebericht-sina-8c\/\" aria-label=\"La R\u00e9union 2023 &#8211; Reisebericht Sina (8C)\"><span class=\"post-featured-img\"><img class=\"nectar-lazy wp-post-image skip-lazy\" alt=\"\" height=\"640\" width=\"480\" data-nectar-img-src=\"https:\/\/www.home.dbrsp.de\/wp-content\/uploads\/2024\/03\/Reunion_3-480x600.jpeg\" data-nectar-img-srcset=\"\" sizes=\"(min-width: 690px) 40vw, 100vw\" \/><\/span><\/a>          \n        <\/div>\n        <div class=\"post-content-wrap\">\n          <a class=\"entire-meta-link\" href=\"https:\/\/www.home.dbrsp.de\/index.php\/2024\/03\/14\/la-reunion-2023-reisebericht-sina-8c\/\"><span class=\"screen-reader-text\">La R\u00e9union 2023 &#8211; Reisebericht Sina (8C)<\/span><\/a>\n          <span class=\"meta-category\"><a class=\"erasmus\" href=\"https:\/\/www.home.dbrsp.de\/index.php\/category\/erasmus\/\">ERASMUS+<\/a><a class=\"schuljahr-2023-24\" href=\"https:\/\/www.home.dbrsp.de\/index.php\/category\/schuljahr-2023-24\/\">Schuljahr 2023\/24<\/a><\/span>          \n          <div class=\"post-header\">\n            <h3 class=\"title\"><a href=\"https:\/\/www.home.dbrsp.de\/index.php\/2024\/03\/14\/la-reunion-2023-reisebericht-sina-8c\/\"> La R\u00e9union 2023 &#8211; Reisebericht Sina (8C)<\/a><\/h3>\n          <\/div>\n          \n          <div class=\"excerpt\">Bericht von Sina, 8C Bei der Zusammenkunft aller 7. Klassen der Dominik-Brunner Realschule im Juli 2023 und der Vorstellung des Erasmus+ Projektes wurde bei vielen die Neugierde geweckt. Es bewarben&hellip;<\/div><div class=\"grav-wrap\"><a href=\"https:\/\/www.home.dbrsp.de\/index.php\/author\/scd\/\"><img alt='Dominik Sch\u00f6nberger' src='https:\/\/secure.gravatar.com\/avatar\/424b31adfd755eb6702733d40a76617851a3e1e1b6f7e77c14e01ab2d2ed6f7b?s=70&#038;d=blank&#038;r=g' srcset='https:\/\/secure.gravatar.com\/avatar\/424b31adfd755eb6702733d40a76617851a3e1e1b6f7e77c14e01ab2d2ed6f7b?s=140&#038;d=blank&#038;r=g 2x' class='avatar avatar-70 photo' height='70' width='70' \/><\/a><div class=\"text\"><a href=\"https:\/\/www.home.dbrsp.de\/index.php\/author\/scd\/\" rel=\"author\">Dominik Sch\u00f6nberger<\/a><span>14. M\u00e4rz 2024<\/span><\/div><\/div>        <\/div>\n      <\/div>\n    <\/div>\n  <\/div>\n<\/article>     \n     \n<article id=\"post-22141\" class=\"post-22141 post type-post status-publish format-standard has-post-thumbnail category-mint category-schuljahr-2023-24\">  \n  <div class=\"inner-wrap animated\">\n    <div class=\"post-content\">\n      <div class=\"article-content-wrap\">\n        <div class=\"post-featured-img-wrap\">\n          <a href=\"https:\/\/www.home.dbrsp.de\/index.php\/2024\/02\/20\/ausflug-insektenforscher\/\" aria-label=\"Ausflug Insektenforscher\"><span class=\"post-featured-img\"><img class=\"nectar-lazy wp-post-image skip-lazy\" alt=\"\" height=\"2560\" width=\"1920\" data-nectar-img-src=\"https:\/\/www.home.dbrsp.de\/wp-content\/uploads\/2024\/02\/IMG_2720-900x600.jpeg\" data-nectar-img-srcset=\"\" sizes=\"(min-width: 690px) 40vw, 100vw\" \/><\/span><\/a>          \n        <\/div>\n        <div class=\"post-content-wrap\">\n          <a class=\"entire-meta-link\" href=\"https:\/\/www.home.dbrsp.de\/index.php\/2024\/02\/20\/ausflug-insektenforscher\/\"><span class=\"screen-reader-text\">Ausflug Insektenforscher<\/span><\/a>\n          <span class=\"meta-category\"><a class=\"mint\" href=\"https:\/\/www.home.dbrsp.de\/index.php\/category\/mint\/\">MINT<\/a><a class=\"schuljahr-2023-24\" href=\"https:\/\/www.home.dbrsp.de\/index.php\/category\/schuljahr-2023-24\/\">Schuljahr 2023\/24<\/a><\/span>          \n          <div class=\"post-header\">\n            <h3 class=\"title\"><a href=\"https:\/\/www.home.dbrsp.de\/index.php\/2024\/02\/20\/ausflug-insektenforscher\/\"> Ausflug Insektenforscher<\/a><\/h3>\n          <\/div>\n          \n          <div class=\"excerpt\">Insekten \u00fcber Insekten! Vor den Weihnachtsferien besuchten die InsektenforscherInnen die zoologische Staatssammlung in M\u00fcnchen. Diese Einrichtung ist eine sammlungsorientierte Forschungsinstitution und besitzt ca. 22 Millionen zoologische Objekte. Die Sch\u00fclerinnen und&hellip;<\/div><div class=\"grav-wrap\"><a href=\"https:\/\/www.home.dbrsp.de\/index.php\/author\/scd\/\"><img alt='Dominik Sch\u00f6nberger' src='https:\/\/secure.gravatar.com\/avatar\/424b31adfd755eb6702733d40a76617851a3e1e1b6f7e77c14e01ab2d2ed6f7b?s=70&#038;d=blank&#038;r=g' srcset='https:\/\/secure.gravatar.com\/avatar\/424b31adfd755eb6702733d40a76617851a3e1e1b6f7e77c14e01ab2d2ed6f7b?s=140&#038;d=blank&#038;r=g 2x' class='avatar avatar-70 photo' height='70' width='70' \/><\/a><div class=\"text\"><a href=\"https:\/\/www.home.dbrsp.de\/index.php\/author\/scd\/\" rel=\"author\">Dominik Sch\u00f6nberger<\/a><span>20. Februar 2024<\/span><\/div><\/div>        <\/div>\n      <\/div>\n    <\/div>\n  <\/div>\n<\/article>     \n     \n<article id=\"post-19938\" class=\"post-19938 post type-post status-publish format-standard has-post-thumbnail category-mint category-schuljahr-2023-24\">  \n  <div class=\"inner-wrap animated\">\n    <div class=\"post-content\">\n      <div class=\"article-content-wrap\">\n        <div class=\"post-featured-img-wrap\">\n          <a href=\"https:\/\/www.home.dbrsp.de\/index.php\/2024\/01\/12\/mathe-im-advent\/\" aria-label=\"Mathe im Advent\"><span class=\"post-featured-img\"><img class=\"nectar-lazy wp-post-image skip-lazy\" alt=\"\" height=\"1538\" width=\"2182\" data-nectar-img-src=\"https:\/\/www.home.dbrsp.de\/wp-content\/uploads\/2023\/01\/Bild-zum-Artikel-Mathe-im-Advent-7-900x600.jpg\" data-nectar-img-srcset=\"\" sizes=\"(min-width: 690px) 40vw, 100vw\" \/><\/span><\/a>          \n        <\/div>\n        <div class=\"post-content-wrap\">\n          <a class=\"entire-meta-link\" href=\"https:\/\/www.home.dbrsp.de\/index.php\/2024\/01\/12\/mathe-im-advent\/\"><span class=\"screen-reader-text\">Mathe im Advent<\/span><\/a>\n          <span class=\"meta-category\"><a class=\"mint\" href=\"https:\/\/www.home.dbrsp.de\/index.php\/category\/mint\/\">MINT<\/a><a class=\"schuljahr-2023-24\" href=\"https:\/\/www.home.dbrsp.de\/index.php\/category\/schuljahr-2023-24\/\">Schuljahr 2023\/24<\/a><\/span>          \n          <div class=\"post-header\">\n            <h3 class=\"title\"><a href=\"https:\/\/www.home.dbrsp.de\/index.php\/2024\/01\/12\/mathe-im-advent\/\"> Mathe im Advent<\/a><\/h3>\n          <\/div>\n          \n          <div class=\"excerpt\">\u2013 MINT-Begeisterung schaffen mit einem etwas anderen Adventskalender. Auch dieses Schuljahr hatten alle Sch\u00fclerinnen und Sch\u00fcler der f\u00fcnften und sechsten Klassen die M\u00f6glichkeit, am Mathe-Adventskalender teilzunehmen. Die Schule sponserte dabei&hellip;<\/div><div class=\"grav-wrap\"><a href=\"https:\/\/www.home.dbrsp.de\/index.php\/author\/tinaminkus\/\"><img alt='Tina Minkus' src='https:\/\/secure.gravatar.com\/avatar\/9b75ef99671ec42d26259c7550af534546a8cd2df89e0bb635523434cf1c3b0b?s=70&#038;d=blank&#038;r=g' srcset='https:\/\/secure.gravatar.com\/avatar\/9b75ef99671ec42d26259c7550af534546a8cd2df89e0bb635523434cf1c3b0b?s=140&#038;d=blank&#038;r=g 2x' class='avatar avatar-70 photo' height='70' width='70' \/><\/a><div class=\"text\"><a href=\"https:\/\/www.home.dbrsp.de\/index.php\/author\/tinaminkus\/\" rel=\"author\">Tina Minkus<\/a><span>12. Januar 2024<\/span><\/div><\/div>        <\/div>\n      <\/div>\n    <\/div>\n  <\/div>\n<\/article>     \n     \n<article id=\"post-21986\" class=\"post-21986 post type-post status-publish format-standard has-post-thumbnail category-schuljahr-2023-24\">  \n  <div class=\"inner-wrap animated\">\n    <div class=\"post-content\">\n      <div class=\"article-content-wrap\">\n        <div class=\"post-featured-img-wrap\">\n          <a href=\"https:\/\/www.home.dbrsp.de\/index.php\/2023\/12\/21\/gedanken-zum-winter\/\" aria-label=\"Gedanken zum Winter\"><span class=\"post-featured-img\"><img class=\"nectar-lazy wp-post-image skip-lazy\" alt=\"\" height=\"2048\" width=\"1480\" data-nectar-img-src=\"https:\/\/www.home.dbrsp.de\/wp-content\/uploads\/2023\/12\/IMG_2672-900x600.jpeg\" data-nectar-img-srcset=\"\" sizes=\"(min-width: 690px) 40vw, 100vw\" \/><\/span><\/a>          \n        <\/div>\n        <div class=\"post-content-wrap\">\n          <a class=\"entire-meta-link\" href=\"https:\/\/www.home.dbrsp.de\/index.php\/2023\/12\/21\/gedanken-zum-winter\/\"><span class=\"screen-reader-text\">Gedanken zum Winter<\/span><\/a>\n          <span class=\"meta-category\"><a class=\"schuljahr-2023-24\" href=\"https:\/\/www.home.dbrsp.de\/index.php\/category\/schuljahr-2023-24\/\">Schuljahr 2023\/24<\/a><\/span>          \n          <div class=\"post-header\">\n            <h3 class=\"title\"><a href=\"https:\/\/www.home.dbrsp.de\/index.php\/2023\/12\/21\/gedanken-zum-winter\/\"> Gedanken zum Winter<\/a><\/h3>\n          <\/div>\n          \n          <div class=\"excerpt\"><\/div><div class=\"grav-wrap\"><a href=\"https:\/\/www.home.dbrsp.de\/index.php\/author\/tinaminkus\/\"><img alt='Tina Minkus' src='https:\/\/secure.gravatar.com\/avatar\/9b75ef99671ec42d26259c7550af534546a8cd2df89e0bb635523434cf1c3b0b?s=70&#038;d=blank&#038;r=g' srcset='https:\/\/secure.gravatar.com\/avatar\/9b75ef99671ec42d26259c7550af534546a8cd2df89e0bb635523434cf1c3b0b?s=140&#038;d=blank&#038;r=g 2x' class='avatar avatar-70 photo' height='70' width='70' \/><\/a><div class=\"text\"><a href=\"https:\/\/www.home.dbrsp.de\/index.php\/author\/tinaminkus\/\" rel=\"author\">Tina Minkus<\/a><span>21. Dezember 2023<\/span><\/div><\/div>        <\/div>\n      <\/div>\n    <\/div>\n  <\/div>\n<\/article>     \n     \n<article id=\"post-21895\" class=\"post-21895 post type-post status-publish format-standard has-post-thumbnail category-schuljahr-2023-24\">  \n  <div class=\"inner-wrap animated\">\n    <div class=\"post-content\">\n      <div class=\"article-content-wrap\">\n        <div class=\"post-featured-img-wrap\">\n          <a href=\"https:\/\/www.home.dbrsp.de\/index.php\/2023\/12\/12\/adventsbazar-2023-schoen-wars\/\" aria-label=\"Adventsbazar 2023 &#8211; sch\u00f6n war&#8217;s!\"><span class=\"post-featured-img\"><img class=\"nectar-lazy wp-post-image skip-lazy\" alt=\"\" height=\"1920\" width=\"2560\" data-nectar-img-src=\"https:\/\/www.home.dbrsp.de\/wp-content\/uploads\/2023\/12\/DSC_2081-900x600.jpg\" data-nectar-img-srcset=\"https:\/\/www.home.dbrsp.de\/wp-content\/uploads\/2023\/12\/DSC_2081-900x600.jpg 900w, https:\/\/www.home.dbrsp.de\/wp-content\/uploads\/2023\/12\/DSC_2081-16x12.jpg 16w\" sizes=\"(min-width: 690px) 40vw, 100vw\" \/><\/span><\/a>          \n        <\/div>\n        <div class=\"post-content-wrap\">\n          <a class=\"entire-meta-link\" href=\"https:\/\/www.home.dbrsp.de\/index.php\/2023\/12\/12\/adventsbazar-2023-schoen-wars\/\"><span class=\"screen-reader-text\">Adventsbazar 2023 &#8211; sch\u00f6n war&#8217;s!<\/span><\/a>\n          <span class=\"meta-category\"><a class=\"schuljahr-2023-24\" href=\"https:\/\/www.home.dbrsp.de\/index.php\/category\/schuljahr-2023-24\/\">Schuljahr 2023\/24<\/a><\/span>          \n          <div class=\"post-header\">\n            <h3 class=\"title\"><a href=\"https:\/\/www.home.dbrsp.de\/index.php\/2023\/12\/12\/adventsbazar-2023-schoen-wars\/\"> Adventsbazar 2023 &#8211; sch\u00f6n war&#8217;s!<\/a><\/h3>\n          <\/div>\n          \n          <div class=\"excerpt\">Am 29.11.2023 fand unser traditioneller Adventsmarkt auf dem Vorplatz der drei Schulen statt. Nach der Begr\u00fc\u00dfung durch den Poinger B\u00fcrgermeister, der standesgem\u00e4\u00df vom Nikolaus und seinen Engeln begleitet wurde, konnte&hellip;<\/div><div class=\"grav-wrap\"><a href=\"https:\/\/www.home.dbrsp.de\/index.php\/author\/tinaminkus\/\"><img alt='Tina Minkus' src='https:\/\/secure.gravatar.com\/avatar\/9b75ef99671ec42d26259c7550af534546a8cd2df89e0bb635523434cf1c3b0b?s=70&#038;d=blank&#038;r=g' srcset='https:\/\/secure.gravatar.com\/avatar\/9b75ef99671ec42d26259c7550af534546a8cd2df89e0bb635523434cf1c3b0b?s=140&#038;d=blank&#038;r=g 2x' class='avatar avatar-70 photo' height='70' width='70' \/><\/a><div class=\"text\"><a href=\"https:\/\/www.home.dbrsp.de\/index.php\/author\/tinaminkus\/\" rel=\"author\">Tina Minkus<\/a><span>12. Dezember 2023<\/span><\/div><\/div>        <\/div>\n      <\/div>\n    <\/div>\n  <\/div>\n<\/article>     \n     \n<article id=\"post-21810\" class=\"post-21810 post type-post status-publish format-standard has-post-thumbnail category-schuljahr-2023-24\">  \n  <div class=\"inner-wrap animated\">\n    <div class=\"post-content\">\n      <div class=\"article-content-wrap\">\n        <div class=\"post-featured-img-wrap\">\n          <a href=\"https:\/\/www.home.dbrsp.de\/index.php\/2023\/12\/02\/media-for-you-kunstzweig-der-8d-auf-den-medientagen-muenchen-2023\/\" aria-label=\"Media For You \u2013 Kunstzweig der 8d auf den  Medientagen M\u00fcnchen 2023\"><span class=\"post-featured-img\"><img class=\"nectar-lazy wp-post-image skip-lazy\" alt=\"\" height=\"651\" width=\"868\" data-nectar-img-src=\"https:\/\/www.home.dbrsp.de\/wp-content\/uploads\/2023\/12\/DSC_1888-868x600.jpg\" data-nectar-img-srcset=\"https:\/\/www.home.dbrsp.de\/wp-content\/uploads\/2023\/12\/DSC_1888-868x600.jpg 868w, https:\/\/www.home.dbrsp.de\/wp-content\/uploads\/2023\/12\/DSC_1888-16x12.jpg 16w\" sizes=\"(min-width: 690px) 40vw, 100vw\" \/><\/span><\/a>          \n        <\/div>\n        <div class=\"post-content-wrap\">\n          <a class=\"entire-meta-link\" href=\"https:\/\/www.home.dbrsp.de\/index.php\/2023\/12\/02\/media-for-you-kunstzweig-der-8d-auf-den-medientagen-muenchen-2023\/\"><span class=\"screen-reader-text\">Media For You \u2013 Kunstzweig der 8d auf den  Medientagen M\u00fcnchen 2023<\/span><\/a>\n          <span class=\"meta-category\"><a class=\"schuljahr-2023-24\" href=\"https:\/\/www.home.dbrsp.de\/index.php\/category\/schuljahr-2023-24\/\">Schuljahr 2023\/24<\/a><\/span>          \n          <div class=\"post-header\">\n            <h3 class=\"title\"><a href=\"https:\/\/www.home.dbrsp.de\/index.php\/2023\/12\/02\/media-for-you-kunstzweig-der-8d-auf-den-medientagen-muenchen-2023\/\"> Media For You \u2013 Kunstzweig der 8d auf den  Medientagen M\u00fcnchen 2023<\/a><\/h3>\n          <\/div>\n          \n          <div class=\"excerpt\">Der Kunstzweig der 8. Klasse besuchte die Media For You, eine Career- und Erlebnismesse, die im Rahmen der Medientage M\u00fcnchen 2023 im Werksviertel stattfand. Dort pr\u00e4sentierten Ausbildungsanbieter sich und ihr&hellip;<\/div><div class=\"grav-wrap\"><a href=\"https:\/\/www.home.dbrsp.de\/index.php\/author\/tinaminkus\/\"><img alt='Tina Minkus' src='https:\/\/secure.gravatar.com\/avatar\/9b75ef99671ec42d26259c7550af534546a8cd2df89e0bb635523434cf1c3b0b?s=70&#038;d=blank&#038;r=g' srcset='https:\/\/secure.gravatar.com\/avatar\/9b75ef99671ec42d26259c7550af534546a8cd2df89e0bb635523434cf1c3b0b?s=140&#038;d=blank&#038;r=g 2x' class='avatar avatar-70 photo' height='70' width='70' \/><\/a><div class=\"text\"><a href=\"https:\/\/www.home.dbrsp.de\/index.php\/author\/tinaminkus\/\" rel=\"author\">Tina Minkus<\/a><span>2. Dezember 2023<\/span><\/div><\/div>        <\/div>\n      <\/div>\n    <\/div>\n  <\/div>\n<\/article>    \n    <\/div><!--\/posts container-->\n    \n    <nav id=\"pagination\" role=\"navigation\" aria-label=\"Pagination Navigation\" data-is-text=\"All items loaded\"><ul class='page-numbers'>\n\t<li><span aria-current=\"page\" class=\"page-numbers current\">1<\/span><\/li>\n\t<li><a class=\"page-numbers\" href=\"https:\/\/www.home.dbrsp.de\/index.php\/wp-json\/wp\/v2\/pages\/209\/page\/2\/\">2<\/a><\/li>\n\t<li><a class=\"next page-numbers\" href=\"https:\/\/www.home.dbrsp.de\/index.php\/wp-json\/wp\/v2\/pages\/209\/page\/2\/\">Weiter &raquo;<\/a><\/li>\n<\/ul>\n<\/nav>  \n<\/div><!--\/post area-->\n\n  \n  <div id=\"sidebar\" data-nectar-ss=\"true\" class=\"col span_3 col_last\">\n    <div id=\"block-2\" class=\"widget widget_block widget_search\"><form role=\"search\" method=\"get\" action=\"https:\/\/www.home.dbrsp.de\/\" class=\"wp-block-search__button-outside wp-block-search__text-button wp-block-search\"    ><label class=\"wp-block-search__label\" for=\"wp-block-search__input-2\" >Suchen<\/label><div class=\"wp-block-search__inside-wrapper\" ><input class=\"wp-block-search__input\" id=\"wp-block-search__input-2\" placeholder=\"\" value=\"\" type=\"search\" name=\"s\" required \/><button aria-label=\"Suchen\" class=\"wp-block-search__button wp-element-button\" type=\"submit\" >Suchen<\/button><\/div><\/form><\/div>  <\/div><!--\/span_3-->\n \n<\/div>\n\n\n\t\t\t<\/div> \n\t\t<\/div>\n\t<\/div> \n<\/div><\/div>\n","protected":false},"excerpt":{"rendered":"Der Kunstzweig der 8. Klasse besuchte die Media For You, eine Career- und Erlebnismesse, die im Rahmen der Medientage M\u00fcnchen 2023 im Werksviertel stattfand. Dort pr\u00e4sentierten Ausbildungsanbieter sich und ihr...","protected":false},"author":6,"featured_media":0,"parent":0,"menu_order":0,"comment_status":"closed","ping_status":"closed","template":"","meta":{"inline_featured_image":false,"footnotes":""},"class_list":["post-209","page","type-page","status-publish"],"_links":{"self":[{"href":"https:\/\/www.home.dbrsp.de\/index.php\/wp-json\/wp\/v2\/pages\/209","targetHints":{"allow":["GET"]}}],"collection":[{"href":"https:\/\/www.home.dbrsp.de\/index.php\/wp-json\/wp\/v2\/pages"}],"about":[{"href":"https:\/\/www.home.dbrsp.de\/index.php\/wp-json\/wp\/v2\/types\/page"}],"author":[{"embeddable":true,"href":"https:\/\/www.home.dbrsp.de\/index.php\/wp-json\/wp\/v2\/users\/6"}],"replies":[{"embeddable":true,"href":"https:\/\/www.home.dbrsp.de\/index.php\/wp-json\/wp\/v2\/comments?post=209"}],"version-history":[{"count":7,"href":"https:\/\/www.home.dbrsp.de\/index.php\/wp-json\/wp\/v2\/pages\/209\/revisions"}],"predecessor-version":[{"id":22282,"href":"https:\/\/www.home.dbrsp.de\/index.php\/wp-json\/wp\/v2\/pages\/209\/revisions\/22282"}],"wp:attachment":[{"href":"https:\/\/www.home.dbrsp.de\/index.php\/wp-json\/wp\/v2\/media?parent=209"}],"curies":[{"name":"wp","href":"https:\/\/api.w.org\/{rel}","templated":true}]}}