{"id":6701,"date":"2022-12-27T09:50:51","date_gmt":"2022-12-27T08:50:51","guid":{"rendered":"https:\/\/www.home.dbrsp.de\/?page_id=6701"},"modified":"2024-05-06T15:10:10","modified_gmt":"2024-05-06T13:10:10","slug":"einzugsgebiet-unserer-realschule","status":"publish","type":"page","link":"https:\/\/www.home.dbrsp.de\/index.php\/einzugsgebiet-unserer-realschule\/","title":{"rendered":"Einzugsgebiet unserer Realschule"},"content":{"rendered":"\n\t\t<div id=\"fws_6a044ec417d20\"  data-column-margin=\"default\" data-midnight=\"light\" data-top-percent=\"15%\" data-bottom-percent=\"13%\"  class=\"wpb_row vc_row-fluid vc_row full-width-section vc_row-o-equal-height vc_row-flex vc_row-o-content-bottom\"  style=\"padding-top: calc(100vw * 0.15); padding-bottom: calc(100vw * 0.13); \"><div class=\"row-bg-wrap\" data-bg-animation=\"none\" data-bg-animation-delay=\"\" data-bg-overlay=\"true\"><div class=\"inner-wrap row-bg-layer using-image\" ><div class=\"row-bg viewport-desktop using-image\"  style=\"background-image: url(https:\/\/www.home.dbrsp.de\/wp-content\/uploads\/2022\/12\/einzugsgebiet_realschule_background-scaled.jpg); background-position: left top; background-repeat: no-repeat; \"><\/div><\/div><div class=\"row-bg-overlay row-bg-layer\" style=\"background-color:rgba(10,10,10,0.6);  opacity: 0.3; \"><\/div><\/div><div class=\"row_col_wrap_12 col span_12 light left\">\n\t<div  class=\"vc_col-sm-12 wpb_column column_container vc_column_container col no-extra-padding inherit_tablet inherit_phone \"  data-padding-pos=\"all\" data-has-bg-color=\"false\" data-bg-color=\"\" data-bg-opacity=\"1\" data-animation=\"\" data-delay=\"0\" >\n\t\t<div class=\"vc_column-inner\" >\n\t\t\t<div class=\"wpb_wrapper\">\n\t\t\t\t<div class=\"nectar-split-heading  font_size_phone_35px \" data-align=\"default\" data-m-align=\"inherit\" data-text-effect=\"default\" data-animation-type=\"line-reveal-by-space\" data-animation-delay=\"0\" data-animation-offset=\"\" data-m-rm-animation=\"\" data-stagger=\"\" data-custom-font-size=\"false\" ><h1 >Einzugsgebiet unserer Realschule<\/h1><\/div>\n\t\t\t<\/div> \n\t\t<\/div>\n\t<\/div> \n<\/div><\/div>\n\t\t<div id=\"fws_6a044ec41829f\"  data-column-margin=\"default\" data-midnight=\"dark\"  class=\"wpb_row vc_row-fluid vc_row\"  style=\"padding-top: 0px; padding-bottom: 0px; \"><div class=\"row-bg-wrap\" data-bg-animation=\"none\" data-bg-animation-delay=\"\" data-bg-overlay=\"false\"><div class=\"inner-wrap row-bg-layer\" ><div class=\"row-bg viewport-desktop\"  style=\"\"><\/div><\/div><\/div><div class=\"row_col_wrap_12 col span_12 dark left\">\n\t<div  class=\"vc_col-sm-12 wpb_column column_container vc_column_container col no-extra-padding inherit_tablet inherit_phone \"  data-padding-pos=\"all\" data-has-bg-color=\"false\" data-bg-color=\"\" data-bg-opacity=\"1\" data-animation=\"\" data-delay=\"0\" >\n\t\t<div class=\"vc_column-inner\" >\n\t\t\t<div class=\"wpb_wrapper\">\n\t\t\t\t<div class=\"divider-wrap\" data-alignment=\"default\"><div style=\"height: 25px;\" class=\"divider\"><\/div><\/div>\n\t\t\t<\/div> \n\t\t<\/div>\n\t<\/div> \n<\/div><\/div>\n\t\t<div id=\"fws_6a044ec418477\"  data-column-margin=\"default\" data-midnight=\"dark\"  class=\"wpb_row vc_row-fluid vc_row\"  style=\"padding-top: 0px; padding-bottom: 0px; \"><div class=\"row-bg-wrap\" data-bg-animation=\"none\" data-bg-animation-delay=\"\" data-bg-overlay=\"false\"><div class=\"inner-wrap row-bg-layer\" ><div class=\"row-bg viewport-desktop\"  style=\"\"><\/div><\/div><\/div><div class=\"row_col_wrap_12 col span_12 dark left\">\n\t<div  class=\"vc_col-sm-12 wpb_column column_container vc_column_container col no-extra-padding inherit_tablet inherit_phone \"  data-padding-pos=\"all\" data-has-bg-color=\"false\" data-bg-color=\"\" data-bg-opacity=\"1\" data-animation=\"\" data-delay=\"0\" >\n\t\t<div class=\"vc_column-inner\" >\n\t\t\t<div class=\"wpb_wrapper\">\n\t\t\t\t\n<div class=\"wpb_text_column wpb_content_element \" >\n\t<p>Sehr geehrte Eltern,<\/p>\n<p>allj\u00e4hrlich, wenn im Fr\u00fchjahr die \u00dcbertrittszeugnisse ausgestellt werden, erreichen uns viele Anfragen zum Schulwechsel.<br \/>\nUnter den Anfragen sind auch zahlreiche Antr\u00e4ge von Eltern, die nicht mehr im Einzugsgebiet unserer Schule wohnen (Stadt und Landkreis M\u00fcnchen bis Landkreis M\u00fchldorf \u2026).<\/p>\n<p>Nat\u00fcrlich freuen wir uns sehr, dass uns so viele Eltern durch dieses Interesse einen gro\u00dfen Vertrauensvorschuss schenken. Vielen Dank daf\u00fcr!<\/p>\n<p>Gleichzeitig bedeutet das f\u00fcr uns, dass wir leider vielen Eltern eine \u201eAbsage\u201c geben m\u00fcssen. Deshalb haben wir hier ein paar Informationen zusammengestellt, die das Einzugsgebiet und unsere Aufnahmekriterien betreffen.<\/p>\n<p><b>1. Informationen zu unserem Einzugsgebiet<\/b><\/p>\n<p>Grunds\u00e4tzlich genie\u00dfen alle Kinder aus den Gemeinden unseres unmittelbaren Einzugsgebietes Vorrang bei der Anmeldung an unserer Realschule in Poing. Das sind die Gemeinden\u00a0<b>Poing, Pliening\u00a0<\/b>und<b>\u00a0Anzing<\/b>\u00a0und\u00a0deren Gemeindeteile. Kindern aus anderen Gemeinden und St\u00e4dten k\u00f6nnen wir in der Regel keinen Schulplatz bei uns anbieten.\u00a0Diese Regelung ist auf gemeinsame Absprachen mit unseren benachbarten Realschulen bzw. mit dem Landkreis Ebersberg zur\u00fcckzuf\u00fchren und dient dazu, den Kindern vor Ort Schulpl\u00e4tze zu garantieren.\u00a0Etwaige \u201e<b>Restkapazit\u00e4ten\u201c<\/b>\u00a0in den Klassen m\u00fcssen wir f\u00fcr jene Sch\u00fclerinnen und Sch\u00fcler dieses Einzugsgebietes vorhalten, die im Laufe des Schuljahres (z.B. durch Zuzug oder Schulartwechsel) zu uns kommen.<\/p>\n<p>Die Kinder anderer Gemeinden und Landkreise, die sich bei uns melden, genie\u00dfen dieselben \u201ePrivilegien\u201c, allerdings an der f\u00fcr sie n\u00e4chstgelegenen Realschule. Diese finden Sie zum Beispiel \u00fcber das\u00a0<a href=\"https:\/\/www.realschulebayern.de\/bezirke\/oberbayern-ost\/realschulen\/\" target=\"_blank\" rel=\"noopener\">Bayerische Realschulnetz (BRN)<\/a>.<\/p>\n<p><b>2. Abgelehnte Aufnahmeantr\u00e4ge \u2013 auch f\u00fcr uns sehr unangenehm!<\/b><\/p>\n<p>Aufgrund der gro\u00dfen Nachfrage finden wir uns leider immer h\u00e4ufiger in einer f\u00fcr uns ungl\u00fccklichen Rolle wieder, weil wir zahlreiche Anfragen ablehnen m\u00fcssen. Dies betrifft in der Regel alle Anfragen aus anderen als den genannten Gemeinden. Das ist auch f\u00fcr uns sehr unangenehm, zumal wir uns doch \u00fcber alle neuen Sch\u00fclerinnen und Sch\u00fcler sehr freuen!\u00a0Viele Eltern f\u00fchren\u00a0<b>individuelle und f\u00fcr uns durchaus nachvollziehbare Gr\u00fcnde<\/b>\u00a0daf\u00fcr an, warum sie ihr Kind bei uns anmelden m\u00f6chten. Oftmals erreichen uns sogar Anfragen aus der Stadt M\u00fcnchen oder aus entfernteren Gemeinden und St\u00e4dten. Viele Eltern w\u00fcrden sogar gro\u00dfe Fahrwege f\u00fcr ihr Kind in Kauf nehmen.<\/p>\n<p><b>3. Was neben Ihnen auch viele andere Eltern bewegt<\/b><\/p>\n<p>H\u00e4ufig streben Eltern unsere Schule deshalb an, weil sie die \u201efamili\u00e4re\u201c und \u00fcberschaubare Gr\u00f6\u00dfe der Realschule Poing sch\u00e4tzen. Wir haben diesen Vorzug einer vergleichsweise kleinen Schule im Aufbau nun selbst mehrere Jahre erlebt und genossen. Seit dem Schuljahr 2014\/15 unterrichten wir aber alle Jahrgangsstufen und haben damit die letzte Ausbaustufe erreicht. Somit sind auch wir eine \u201enormale\u201c Realschule, wenn man es so bezeichnen will.<\/p>\n<p>Auch unsere beiden gebundenen Ganztagsklassen (5a und 6a) werden zunehmend als Anreiz f\u00fcr einen Schulwechsel empfunden. Hier gilt: Beide Klassen werden aus p\u00e4dagogischen Gr\u00fcnden eine festgelegte Klassengr\u00f6\u00dfe haben, sodass wir auch aus Gr\u00fcnden der p\u00e4dagogischen Konzeption keine weiteren Sch\u00fclerinnen und Sch\u00fcler (aus anderen Einzugsgebieten) aufnehmen k\u00f6nnen.<\/p>\n<p>Viele Eltern m\u00f6chten uns ihre individuellen Beweggr\u00fcnde auch gerne in pers\u00f6nlichen Vorstellungsgespr\u00e4chen darstellen und ihrem Wunsch dadurch Nachdruck verleihen. Angesichts der vielen Anfragen ist uns das aber oftmals schon aus zeitlichen Gr\u00fcnden nicht m\u00f6glich. Bitte haben Sie auch daf\u00fcr Verst\u00e4ndnis.<\/p>\n<p>Glauben Sie uns:\u00a0<b>Es f\u00e4llt uns allen wirklich sehr schwer, bei so viel Engagement und offensichtlicher Begeisterung f\u00fcr die Realschule Poing eine Ablehnung auszusprechen!\u00a0<\/b><\/p>\n<p><b>3. Alternativen und Perspektiven<\/b><\/p>\n<p>Den meisten Eltern, vielleicht auch Ihnen, k\u00f6nnen wir dadurch helfen, indem wir sie an unsere benachbarten oder dem Wohnort n\u00e4chstgelegenen Realschulen verweisen. Nahezu alle Realschulen in unserer Umgebung k\u00f6nnen (unter anderem)<\/p>\n<ul>\n<li>ein Ganztagsangebot anbieten,<\/li>\n<li>unterrichten wie alle bayerischen Schulen \u201einklusiv\u201c (Art. 2 BayEUG),<\/li>\n<li>sind ebenfalls behindertengerecht ausgebaut,<\/li>\n<li>k\u00f6nnen selbstverst\u00e4ndlich auch alle ad\u00e4quat mit den g\u00e4ngigen \u201eProblemen\u201c wie z.B. mit ADHS und LRS umgehen,<\/li>\n<li>gehen alle aktiv gegen \u201eMobbing\u201c vor und<\/li>\n<li>k\u00f6nnen somit auch die p\u00e4dagogischen \u201eSonderbed\u00fcrfnisse und -erfordernisse\u201c befriedigen, wie wir.<\/li>\n<\/ul>\n<p><strong>\u00a0<\/strong><\/p>\n<p>Wir empfehlen Ihnen daher grunds\u00e4tzlich, dass Sie Ihr Kind an der f\u00fcr Sie n\u00e4chstgelegenen Realschule anmelden. Die n\u00e4chstgelegene Realschule finden Sie auch \u00fcber folgende Suchseiten:<\/p>\n<div>\n<ul>\n<li><a href=\"https:\/\/www.realschulebayern.de\/realschule\/realschule-suchen\/\" target=\"_blank\" rel=\"noopener\">allgemeine Suche<\/a><\/li>\n<\/ul>\n<\/div>\n<\/div>\n\n\n\n\n\t\t\t<\/div> \n\t\t<\/div>\n\t<\/div> \n<\/div><\/div>\n","protected":false},"excerpt":{"rendered":"Einzugsgebiet unserer Realschule Sehr geehrte Eltern, allj\u00e4hrlich, wenn im Fr\u00fchjahr die \u00dcbertrittszeugnisse ausgestellt werden, erreichen uns viele Anfragen zum Schulwechsel. Unter den Anfragen sind auch zahlreiche Antr\u00e4ge von Eltern, die...","protected":false},"author":6,"featured_media":0,"parent":0,"menu_order":0,"comment_status":"closed","ping_status":"closed","template":"","meta":{"inline_featured_image":false,"footnotes":""},"class_list":["post-6701","page","type-page","status-publish"],"_links":{"self":[{"href":"https:\/\/www.home.dbrsp.de\/index.php\/wp-json\/wp\/v2\/pages\/6701","targetHints":{"allow":["GET"]}}],"collection":[{"href":"https:\/\/www.home.dbrsp.de\/index.php\/wp-json\/wp\/v2\/pages"}],"about":[{"href":"https:\/\/www.home.dbrsp.de\/index.php\/wp-json\/wp\/v2\/types\/page"}],"author":[{"embeddable":true,"href":"https:\/\/www.home.dbrsp.de\/index.php\/wp-json\/wp\/v2\/users\/6"}],"replies":[{"embeddable":true,"href":"https:\/\/www.home.dbrsp.de\/index.php\/wp-json\/wp\/v2\/comments?post=6701"}],"version-history":[{"count":12,"href":"https:\/\/www.home.dbrsp.de\/index.php\/wp-json\/wp\/v2\/pages\/6701\/revisions"}],"predecessor-version":[{"id":6705,"href":"https:\/\/www.home.dbrsp.de\/index.php\/wp-json\/wp\/v2\/pages\/6701\/revisions\/6705"}],"wp:attachment":[{"href":"https:\/\/www.home.dbrsp.de\/index.php\/wp-json\/wp\/v2\/media?parent=6701"}],"curies":[{"name":"wp","href":"https:\/\/api.w.org\/{rel}","templated":true}]}}