{"id":6759,"date":"2022-12-27T14:11:28","date_gmt":"2022-12-27T13:11:28","guid":{"rendered":"https:\/\/www.home.dbrsp.de\/?page_id=6759"},"modified":"2024-05-07T08:19:17","modified_gmt":"2024-05-07T06:19:17","slug":"jahrgangsstufenprofile","status":"publish","type":"page","link":"https:\/\/www.home.dbrsp.de\/index.php\/jahrgangsstufenprofile\/","title":{"rendered":"Jahrgangsstufenprofile"},"content":{"rendered":"\n\t\t<div id=\"fws_69f1fa83a1a03\"  data-column-margin=\"default\" data-midnight=\"light\" data-top-percent=\"15%\" data-bottom-percent=\"13%\"  class=\"wpb_row vc_row-fluid vc_row full-width-section vc_row-o-equal-height vc_row-flex vc_row-o-content-bottom\"  style=\"padding-top: calc(100vw * 0.15); padding-bottom: calc(100vw * 0.13); \"><div class=\"row-bg-wrap\" data-bg-animation=\"none\" data-bg-animation-delay=\"\" data-bg-overlay=\"true\"><div class=\"inner-wrap row-bg-layer using-image\" ><div class=\"row-bg viewport-desktop using-image\"  style=\"background-image: url(https:\/\/www.home.dbrsp.de\/wp-content\/uploads\/2022\/12\/jahrgangsstufenprofile_backgroundimage-scaled.jpg); background-position: center center; background-repeat: no-repeat; \"><\/div><\/div><div class=\"row-bg-overlay row-bg-layer\" style=\"background-color:rgba(10,10,10,0.6);  opacity: 0.3; \"><\/div><\/div><div class=\"row_col_wrap_12 col span_12 light left\">\n\t<div  class=\"vc_col-sm-12 wpb_column column_container vc_column_container col no-extra-padding inherit_tablet inherit_phone \"  data-padding-pos=\"all\" data-has-bg-color=\"false\" data-bg-color=\"\" data-bg-opacity=\"1\" data-animation=\"\" data-delay=\"0\" >\n\t\t<div class=\"vc_column-inner\" >\n\t\t\t<div class=\"wpb_wrapper\">\n\t\t\t\t<div class=\"nectar-split-heading  font_size_phone_30px \" data-align=\"default\" data-m-align=\"inherit\" data-text-effect=\"default\" data-animation-type=\"line-reveal-by-space\" data-animation-delay=\"0\" data-animation-offset=\"\" data-m-rm-animation=\"\" data-stagger=\"\" data-custom-font-size=\"false\" ><h1 >Jahrgangsstufenprofile<\/h1><\/div>\n\t\t\t<\/div> \n\t\t<\/div>\n\t<\/div> \n<\/div><\/div>\n\t\t<div id=\"fws_69f1fa83a1fa5\"  data-column-margin=\"default\" data-midnight=\"dark\"  class=\"wpb_row vc_row-fluid vc_row\"  style=\"padding-top: 0px; padding-bottom: 0px; \"><div class=\"row-bg-wrap\" data-bg-animation=\"none\" data-bg-animation-delay=\"\" data-bg-overlay=\"false\"><div class=\"inner-wrap row-bg-layer\" ><div class=\"row-bg viewport-desktop\"  style=\"\"><\/div><\/div><\/div><div class=\"row_col_wrap_12 col span_12 dark left\">\n\t<div  class=\"vc_col-sm-12 wpb_column column_container vc_column_container col no-extra-padding inherit_tablet inherit_phone \"  data-padding-pos=\"all\" data-has-bg-color=\"false\" data-bg-color=\"\" data-bg-opacity=\"1\" data-animation=\"\" data-delay=\"0\" >\n\t\t<div class=\"vc_column-inner\" >\n\t\t\t<div class=\"wpb_wrapper\">\n\t\t\t\t<div class=\"divider-wrap\" data-alignment=\"default\"><div style=\"height: 25px;\" class=\"divider\"><\/div><\/div>\n\t\t\t<\/div> \n\t\t<\/div>\n\t<\/div> \n<\/div><\/div>\n\t\t<div id=\"features\"  data-column-margin=\"default\" data-midnight=\"dark\" data-top-percent=\"7%\" data-bottom-percent=\"10%\"  class=\"wpb_row vc_row-fluid vc_row full-width-content has-row-bg-color vc_row-o-equal-height vc_row-flex vc_row-o-content-top  zindex-set right_padding_6pct left_padding_6pct top_padding_phone_25pct right_padding_tablet_8pct right_padding_phone_24px left_padding_tablet_8pct left_padding_phone_24px\"  style=\"padding-top: calc(100vw * 0.07); padding-bottom: calc(100vw * 0.10);  z-index: 10;--row-bg-color: #ffffff;\"><div class=\"row-bg-wrap\" data-bg-animation=\"none\" data-bg-animation-delay=\"\" data-bg-overlay=\"false\"><div class=\"inner-wrap row-bg-layer\" ><div class=\"row-bg viewport-desktop using-bg-color\"  style=\"background-color: #ffffff; \"><\/div><\/div><\/div><div class=\"row_col_wrap_12 col span_12 dark left\">\n\t<div  class=\"vc_col-sm-12 wpb_column column_container vc_column_container col no-extra-padding inherit_tablet inherit_phone \"  data-padding-pos=\"all\" data-has-bg-color=\"false\" data-bg-color=\"\" data-bg-opacity=\"1\" data-animation=\"\" data-delay=\"0\" >\n\t\t<div class=\"vc_column-inner\" >\n\t\t\t<div class=\"wpb_wrapper\">\n\t\t\t\t<div class=\"nectar-sticky-media-sections media-width-60pct media-height-75vh content-spacing-45vh content-position-right mobile-aspect-ratio-4-3 media-border-radius-15px\" style=\"--section-count:1\"><div class=\"nectar-sticky-media-section__featured-media\"><div class=\"nectar-sticky-media-section__media-wrap active\"><div class=\"nectar-sticky-media-section__media\" style=\"background-image:url(https:\/\/www.home.dbrsp.de\/wp-content\/uploads\/2022\/12\/schulwechselanfrage_background-scaled.jpg)\" data-type=\"image\"><\/div><\/div><\/div><div class=\"nectar-sticky-media-section__content\"><div class=\"nectar-sticky-media-section__content-section\"><div class=\"nectar-sticky-media-content__media-wrap\"><div class=\"nectar-sticky-media-section__media\" style=\"background-image:url(https:\/\/www.home.dbrsp.de\/wp-content\/uploads\/2022\/12\/schulwechselanfrage_background-scaled.jpg)\" data-type=\"image\"><\/div><\/div><div id=\"fws_69f1fa83a343a\" data-midnight=\"\" data-column-margin=\"default\" class=\"wpb_row vc_row-fluid vc_row inner_row  bottom_padding_tablet_0px\"  style=\"\"><div class=\"row-bg-wrap\"> <div class=\"row-bg\" ><\/div> <\/div><div class=\"row_col_wrap_12_inner col span_12  left\">\n\t<div  class=\"vc_col-sm-12 wpb_column column_container vc_column_container col child_column no-extra-padding inherit_tablet inherit_phone \"   data-padding-pos=\"all\" data-has-bg-color=\"false\" data-bg-color=\"\" data-bg-opacity=\"1\" data-animation=\"\" data-delay=\"0\" >\n\t\t<div class=\"vc_column-inner\" >\n\t\t<div class=\"wpb_wrapper\">\n\t\t\t<div class=\"nectar-split-heading  font_size_2vw \" data-align=\"default\" data-m-align=\"inherit\" data-text-effect=\"none\" data-animation-type=\"line-reveal-by-space\" data-animation-delay=\"0\" data-animation-offset=\"\" data-m-rm-animation=\"\" data-stagger=\"\" data-custom-font-size=\"true\" style=\"font-size: 2vw; line-height: 2.2vw;\"><h2 >Jahrgangsstufen\u00fcbergreifend<\/h2><\/div>\n\t\t<\/div> \n\t<\/div>\n\t<\/div> \n<\/div><\/div><div id=\"fws_69f1fa83a3788\" data-midnight=\"\" data-column-margin=\"default\" class=\"wpb_row vc_row-fluid vc_row inner_row\"  style=\"\"><div class=\"row-bg-wrap\"> <div class=\"row-bg\" ><\/div> <\/div><div class=\"row_col_wrap_12_inner col span_12  left\">\n\t<div  class=\"vc_col-sm-12 wpb_column column_container vc_column_container col child_column no-extra-padding inherit_tablet inherit_phone \"   data-padding-pos=\"all\" data-has-bg-color=\"false\" data-bg-color=\"\" data-bg-opacity=\"1\" data-animation=\"\" data-delay=\"0\" >\n\t\t<div class=\"vc_column-inner\" >\n\t\t<div class=\"wpb_wrapper\">\n\t\t\t<div class=\"nectar-fancy-ul font_size_min_16px font_size_max_19px font_size_desktop_0vw\" data-list-icon=\"dot\" data-animation=\"false\" data-animation-delay=\"0\" data-spacing=\"10px\" data-alignment=\"left\"> \n<ul>\n<li>Flexible Ganztagsschule<\/li>\n<li>Sch\u00fcler helfen Sch\u00fcler: Schulsanit\u00e4ter und Tutoren<\/li>\n<li>Sch\u00fclermitverantwortung (SMV)<\/li>\n<li>Wandertage<\/li>\n<li>Kulturtag<\/li>\n<li>Dominik-Brunner-Fest<\/li>\n<li>Sportliche Highlights: z.B. V\u00f6lkerballturnier, Bundesjugendspiele, Fu\u00dfballturnier, Sportcamp, \u2026<\/li>\n<li>Wahlf\u00e4cher: Junge Forscher, Schulband, Schultheater, \u2026<\/li>\n<\/ul>\n <\/div><div class=\"divider-wrap height_phone_25px \" data-alignment=\"default\"><div style=\"margin-top: 47.5px; height: 1px; margin-bottom: 47.5px;\" data-width=\"100%\" data-animate=\"\" data-animation-delay=\"\" data-color=\"default\" class=\"divider-border\"><\/div><\/div>\n\t\t<\/div> \n\t<\/div>\n\t<\/div> \n<\/div><\/div><div class=\"nectar-split-heading  font_size_2vw \" data-align=\"default\" data-m-align=\"inherit\" data-text-effect=\"none\" data-animation-type=\"line-reveal-by-space\" data-animation-delay=\"0\" data-animation-offset=\"\" data-m-rm-animation=\"\" data-stagger=\"\" data-custom-font-size=\"true\" style=\"font-size: 2vw; line-height: 2.2vw;\"><h2 >5. Klasse<\/h2><\/div><div class=\"nectar-fancy-ul font_size_min_16px font_size_max_19px font_size_desktop_0vw\" data-list-icon=\"dot\" data-animation=\"false\" data-animation-delay=\"0\" data-spacing=\"10px\" data-alignment=\"left\"> \n<ul>\n<li>Kennenlerntage zu Beginn des Schuljahres<\/li>\n<li>Betreuung durch Tutoren (Sch\u00fcler f\u00fcr Sch\u00fcler): z.B. gemeinsamer Ausflug, Spielenachmittag<\/li>\n<li>Verkehrserziehung durch den ADAC<\/li>\n<li>Vortrag zur Zahngesundheit Teil I<\/li>\n<li>Medienschulung: Start IT-Unterricht und Medienf\u00fchrerschein Bayern<\/li>\n<\/ul>\n <\/div><div class=\"divider-wrap height_phone_25px \" data-alignment=\"default\"><div style=\"margin-top: 47.5px; height: 1px; margin-bottom: 47.5px;\" data-width=\"100%\" data-animate=\"\" data-animation-delay=\"\" data-color=\"default\" class=\"divider-border\"><\/div><\/div><div class=\"nectar-split-heading  font_size_2vw \" data-align=\"default\" data-m-align=\"inherit\" data-text-effect=\"none\" data-animation-type=\"line-reveal-by-space\" data-animation-delay=\"0\" data-animation-offset=\"\" data-m-rm-animation=\"\" data-stagger=\"\" data-custom-font-size=\"true\" style=\"font-size: 2vw; line-height: 2.2vw;\"><h2 >6. Klasse<\/h2><\/div><div class=\"nectar-fancy-ul font_size_min_16px font_size_max_19px font_size_desktop_0vw\" data-list-icon=\"dot\" data-animation=\"false\" data-animation-delay=\"0\" data-spacing=\"10px\" data-alignment=\"left\"> \n<ul>\n<li>Vorlesewettbewerb<\/li>\n<li>Vortrag zur Zahngesundheit Teil II<\/li>\n<li>Kunstausflug (\u00c4gyptisches Museum)<\/li>\n<li>Entscheidung \u00fcber die Wahlpflichtf\u00e4chergruppe<\/li>\n<\/ul>\n <\/div><div class=\"divider-wrap height_phone_25px \" data-alignment=\"default\"><div style=\"margin-top: 47.5px; height: 1px; margin-bottom: 47.5px;\" data-width=\"100%\" data-animate=\"\" data-animation-delay=\"\" data-color=\"default\" class=\"divider-border\"><\/div><\/div><div class=\"nectar-split-heading  font_size_2vw \" data-align=\"default\" data-m-align=\"inherit\" data-text-effect=\"none\" data-animation-type=\"line-reveal-by-space\" data-animation-delay=\"0\" data-animation-offset=\"\" data-m-rm-animation=\"\" data-stagger=\"\" data-custom-font-size=\"true\" style=\"font-size: 2vw; line-height: 2.2vw;\"><h2 >7. Klasse<\/h2><\/div><div class=\"nectar-fancy-ul font_size_min_16px font_size_max_19px font_size_desktop_0vw\" data-list-icon=\"dot\" data-animation=\"false\" data-animation-delay=\"0\" data-spacing=\"10px\" data-alignment=\"left\"> \n<ul>\n<li>Start der Wahlpflichtf\u00e4cher und neue Klassengemeinschaft<\/li>\n<li>Pack ma\u2019s (= Pr\u00e4ventionsprojekt mit Sozial- und Verhaltenstraining)<\/li>\n<li>Aufkl\u00e4rungsprojekt<\/li>\n<li>Sommercamp: St\u00e4rkung der Klassengemeinschaft durch sportliche Aktivit\u00e4ten<\/li>\n<\/ul>\n <\/div><div class=\"divider-wrap height_phone_25px \" data-alignment=\"default\"><div style=\"margin-top: 47.5px; height: 1px; margin-bottom: 47.5px;\" data-width=\"100%\" data-animate=\"\" data-animation-delay=\"\" data-color=\"default\" class=\"divider-border\"><\/div><\/div><div class=\"nectar-split-heading  font_size_2vw \" data-align=\"default\" data-m-align=\"inherit\" data-text-effect=\"none\" data-animation-type=\"line-reveal-by-space\" data-animation-delay=\"0\" data-animation-offset=\"\" data-m-rm-animation=\"\" data-stagger=\"\" data-custom-font-size=\"true\" style=\"font-size: 2vw; line-height: 2.2vw;\"><h2 >8. Klasse<\/h2><\/div><div class=\"nectar-fancy-ul font_size_min_16px font_size_max_19px font_size_desktop_0vw\" data-list-icon=\"dot\" data-animation=\"false\" data-animation-delay=\"0\" data-spacing=\"10px\" data-alignment=\"left\"> \n<ul>\n<li>Tage der Orientierung: Selbstreflexion im Klassenverband<\/li>\n<li>Berufsinfowoche: Orientierung \u2013 Beratung \u2013 Berufsbasar \u2013 Bewerbungstraining<\/li>\n<li>Franz\u00f6sisch-Zweig: Cinefet\u00e9<\/li>\n<\/ul>\n <\/div><div class=\"divider-wrap height_phone_25px \" data-alignment=\"default\"><div style=\"margin-top: 47.5px; height: 1px; margin-bottom: 47.5px;\" data-width=\"100%\" data-animate=\"\" data-animation-delay=\"\" data-color=\"default\" class=\"divider-border\"><\/div><\/div><div class=\"nectar-split-heading  font_size_2vw \" data-align=\"default\" data-m-align=\"inherit\" data-text-effect=\"none\" data-animation-type=\"line-reveal-by-space\" data-animation-delay=\"0\" data-animation-offset=\"\" data-m-rm-animation=\"\" data-stagger=\"\" data-custom-font-size=\"true\" style=\"font-size: 2vw; line-height: 2.2vw;\"><h2 >9. Klasse<\/h2><\/div><div class=\"nectar-fancy-ul font_size_min_16px font_size_max_19px font_size_desktop_0vw\" data-list-icon=\"dot\" data-animation=\"false\" data-animation-delay=\"0\" data-spacing=\"10px\" data-alignment=\"left\"> \n<ul>\n<li>Berufspraktikum<\/li>\n<li>Berufsmesse VOCATIUM<\/li>\n<li>F\u00e4cher\u00fcbergreifende Projektpr\u00e4sentation: F\u00f6rderung der Methodenkompetenzen<\/li>\n<li>Besuch einer Gedenkst\u00e4tte<\/li>\n<li>Option des PET-Tests vom Cambridge Institute<\/li>\n<li>English Week<\/li>\n<li>Wirtschafts-Zweig: Gerichtsbesuch<\/li>\n<li>Franz\u00f6sisch-Zweig: Frankreichaustausch<\/li>\n<li>Option des DELF-Diploms A2<\/li>\n<\/ul>\n <\/div><div class=\"divider-wrap height_phone_25px \" data-alignment=\"default\"><div style=\"margin-top: 47.5px; height: 1px; margin-bottom: 47.5px;\" data-width=\"100%\" data-animate=\"\" data-animation-delay=\"\" data-color=\"default\" class=\"divider-border\"><\/div><\/div><div class=\"nectar-split-heading  font_size_2vw \" data-align=\"default\" data-m-align=\"inherit\" data-text-effect=\"none\" data-animation-type=\"line-reveal-by-space\" data-animation-delay=\"0\" data-animation-offset=\"\" data-m-rm-animation=\"\" data-stagger=\"\" data-custom-font-size=\"true\" style=\"font-size: 2vw; line-height: 2.2vw;\"><h2 >10. Klasse<\/h2><\/div><div class=\"nectar-fancy-ul font_size_min_16px font_size_max_19px font_size_desktop_0vw\" data-list-icon=\"dot\" data-animation=\"false\" data-animation-delay=\"0\" data-spacing=\"10px\" data-alignment=\"left\"> \n<ul>\n<li>Verkehrserziehung durch den ADAC<\/li>\n<li>AIDS-Vortrag an der LMU M\u00fcnchen<\/li>\n<li>Studienfahrt<\/li>\n<li>Tanzkurs auf freiwilliger Basis<\/li>\n<li>Infoabend zur Abschlusspr\u00fcfung<\/li>\n<li>Franz\u00f6sisch-Zweig: Option des DELF-Diploms B1<\/li>\n<\/ul>\n <\/div><\/div><\/div><\/div>\n\t\t\t<\/div> \n\t\t<\/div>\n\t<\/div> \n<\/div><\/div>\n","protected":false},"excerpt":{"rendered":"Jahrgangsstufenprofile Jahrgangsstufen\u00fcbergreifend Flexible Ganztagsschule Sch\u00fcler helfen Sch\u00fcler: Schulsanit\u00e4ter und Tutoren Sch\u00fclermitverantwortung (SMV) Wandertage Kulturtag Dominik-Brunner-Fest Sportliche Highlights: z.B. V\u00f6lkerballturnier, Bundesjugendspiele, Fu\u00dfballturnier, Sportcamp, \u2026 Wahlf\u00e4cher: Junge Forscher, Schulband, Schultheater, \u2026 5....","protected":false},"author":6,"featured_media":0,"parent":0,"menu_order":0,"comment_status":"closed","ping_status":"closed","template":"","meta":{"inline_featured_image":false,"footnotes":""},"class_list":["post-6759","page","type-page","status-publish"],"_links":{"self":[{"href":"https:\/\/www.home.dbrsp.de\/index.php\/wp-json\/wp\/v2\/pages\/6759","targetHints":{"allow":["GET"]}}],"collection":[{"href":"https:\/\/www.home.dbrsp.de\/index.php\/wp-json\/wp\/v2\/pages"}],"about":[{"href":"https:\/\/www.home.dbrsp.de\/index.php\/wp-json\/wp\/v2\/types\/page"}],"author":[{"embeddable":true,"href":"https:\/\/www.home.dbrsp.de\/index.php\/wp-json\/wp\/v2\/users\/6"}],"replies":[{"embeddable":true,"href":"https:\/\/www.home.dbrsp.de\/index.php\/wp-json\/wp\/v2\/comments?post=6759"}],"version-history":[{"count":39,"href":"https:\/\/www.home.dbrsp.de\/index.php\/wp-json\/wp\/v2\/pages\/6759\/revisions"}],"predecessor-version":[{"id":22537,"href":"https:\/\/www.home.dbrsp.de\/index.php\/wp-json\/wp\/v2\/pages\/6759\/revisions\/22537"}],"wp:attachment":[{"href":"https:\/\/www.home.dbrsp.de\/index.php\/wp-json\/wp\/v2\/media?parent=6759"}],"curies":[{"name":"wp","href":"https:\/\/api.w.org\/{rel}","templated":true}]}}