{"id":6848,"date":"2022-12-28T17:59:38","date_gmt":"2022-12-28T16:59:38","guid":{"rendered":"https:\/\/www.home.dbrsp.de\/?page_id=6848"},"modified":"2024-05-07T08:36:43","modified_gmt":"2024-05-07T06:36:43","slug":"offene-ganztagsschule","status":"publish","type":"page","link":"https:\/\/www.home.dbrsp.de\/index.php\/offene-ganztagsschule\/","title":{"rendered":"Offene Ganztagsschule"},"content":{"rendered":"\n\t\t<div id=\"fws_69e88ed6900ca\"  data-column-margin=\"default\" data-midnight=\"light\" data-top-percent=\"15%\" data-bottom-percent=\"13%\"  class=\"wpb_row vc_row-fluid vc_row full-width-section vc_row-o-equal-height vc_row-flex vc_row-o-content-bottom\"  style=\"padding-top: calc(100vw * 0.15); padding-bottom: calc(100vw * 0.13); \"><div class=\"row-bg-wrap\" data-bg-animation=\"none\" data-bg-animation-delay=\"\" data-bg-overlay=\"true\"><div class=\"inner-wrap row-bg-layer using-image\" ><div class=\"row-bg viewport-desktop using-image\"  style=\"background-image: url(https:\/\/www.home.dbrsp.de\/wp-content\/uploads\/2022\/12\/ganztagsschule_background-scaled.jpg); background-position: left center; background-repeat: no-repeat; \"><\/div><\/div><div class=\"row-bg-overlay row-bg-layer\" style=\"background-color:rgba(10,10,10,0.6);  opacity: 0.3; \"><\/div><\/div><div class=\"row_col_wrap_12 col span_12 light left\">\n\t<div  class=\"vc_col-sm-12 wpb_column column_container vc_column_container col no-extra-padding inherit_tablet inherit_phone \"  data-padding-pos=\"all\" data-has-bg-color=\"false\" data-bg-color=\"\" data-bg-opacity=\"1\" data-animation=\"\" data-delay=\"0\" >\n\t\t<div class=\"vc_column-inner\" >\n\t\t\t<div class=\"wpb_wrapper\">\n\t\t\t\t<div class=\"nectar-split-heading  font_size_phone_35px \" data-align=\"default\" data-m-align=\"inherit\" data-text-effect=\"default\" data-animation-type=\"line-reveal-by-space\" data-animation-delay=\"0\" data-animation-offset=\"\" data-m-rm-animation=\"\" data-stagger=\"\" data-custom-font-size=\"false\" ><h1 >Offene Ganztagsschule<\/h1><\/div>\n\t\t\t<\/div> \n\t\t<\/div>\n\t<\/div> \n<\/div><\/div>\n\t\t<div id=\"fws_69e88ed6905d2\"  data-column-margin=\"default\" data-midnight=\"dark\"  class=\"wpb_row vc_row-fluid vc_row\"  style=\"padding-top: 0px; padding-bottom: 0px; \"><div class=\"row-bg-wrap\" data-bg-animation=\"none\" data-bg-animation-delay=\"\" data-bg-overlay=\"false\"><div class=\"inner-wrap row-bg-layer\" ><div class=\"row-bg viewport-desktop\"  style=\"\"><\/div><\/div><\/div><div class=\"row_col_wrap_12 col span_12 dark left\">\n\t<div  class=\"vc_col-sm-12 vc_hidden-sm vc_hidden-xs wpb_column column_container vc_column_container col no-extra-padding inherit_tablet inherit_phone \"  data-padding-pos=\"all\" data-has-bg-color=\"false\" data-bg-color=\"\" data-bg-opacity=\"1\" data-animation=\"\" data-delay=\"0\" >\n\t\t<div class=\"vc_column-inner\" >\n\t\t\t<div class=\"wpb_wrapper\">\n\t\t\t\t<div class=\"divider-wrap\" data-alignment=\"default\"><div style=\"height: 25px;\" class=\"divider\"><\/div><\/div>\n\t\t\t<\/div> \n\t\t<\/div>\n\t<\/div> \n<\/div><\/div>\n\t\t<div id=\"fws_69e88ed69078e\"  data-column-margin=\"none\" data-midnight=\"dark\" data-top-percent=\"3%\" data-bottom-percent=\"3%\"  class=\"wpb_row vc_row-fluid vc_row full-width-content vc_row-o-equal-height vc_row-flex vc_row-o-content-middle  right_padding_7pct left_padding_7pct\"  style=\"padding-top: calc(100vw * 0.03); padding-bottom: calc(100vw * 0.03); \"><div class=\"row-bg-wrap\" data-bg-animation=\"none\" data-bg-animation-delay=\"\" data-bg-overlay=\"false\"><div class=\"inner-wrap row-bg-layer\" ><div class=\"row-bg viewport-desktop\"  style=\"\"><\/div><\/div><\/div><div class=\"row_col_wrap_12 col span_12 dark left\">\n\t<div  class=\"vc_col-sm-3 vc_hidden-sm vc_hidden-xs wpb_column column_container vc_column_container col no-extra-padding column_position_relative force-desktop-text-align-center el_spacing_0px inherit_tablet inherit_phone max_width_tablet_600px max_width_phone_420px \"  data-padding-pos=\"all\" data-has-bg-color=\"false\" data-bg-color=\"\" data-bg-opacity=\"1\" data-animation=\"\" data-delay=\"0\" >\n\t\t<div class=\"vc_column-inner\" >\n\t\t\t<div class=\"wpb_wrapper\">\n\t\t\t\t<div class=\"nectar_icon_wrap \" data-style=\"default\" data-padding=\"20px\" data-color=\"accent-color\" style=\"\" >\n\t\t<div class=\"nectar_icon\" ><span class=\"im-icon-wrap\" data-color=\"accent-color\" style=\"height: 160px; width: 160px;\"><span><svg role=\"presentation\" version=\"1.1\" xmlns=\"http:\/\/www.w3.org\/2000\/svg\" width=\"160\" height=\"160\" viewBox=\"0 0 32 32\">\n        <path d=\"M14.536 30c-7.72 0-14-6.28-14-14s6.28-14 14-14c7.72 0 14 6.28 14 14s-6.281 14-14 14zM14.536 3.333c-6.984 0-12.667 5.683-12.667 12.667s5.683 12.667 12.667 12.667c6.985 0 12.667-5.683 12.667-12.667s-5.681-12.667-12.667-12.667zM14.536 16.667c-0.172 0-0.344-0.067-0.473-0.197-0.259-0.259-0.256-0.684 0.005-0.943l7.333-7.251c0.263-0.26 0.685-0.255 0.943 0.005 0.257 0.261 0.255 0.684-0.005 0.943l-7.333 7.251c-0.131 0.128-0.3 0.192-0.469 0.192zM30.56 18.736l-2.763-2.545-3.059 2.183-0.772-1.085 3.5-2.489c0.256-0.188 0.605-0.161 0.839 0.052l3.159 2.912-0.904 0.973z\"><\/path>\n        <\/svg><\/span><\/span><\/div>\n\t<\/div>\n\t\t\t<\/div> \n\t\t<\/div>\n\t<\/div> \n\n\t<div  class=\"vc_col-sm-9 wpb_column column_container vc_column_container col column_position_static el_spacing_30px left_padding_desktop_7vw \"  data-padding-pos=\"all\" data-has-bg-color=\"false\" data-bg-color=\"\" data-bg-opacity=\"1\" data-animation=\"\" data-delay=\"0\" >\n\t\t<div class=\"vc_column-inner\" >\n\t\t\t<div class=\"wpb_wrapper\">\n\t\t\t\t<div id=\"fws_69e88ed690d05\" data-midnight=\"\" data-column-margin=\"none\" class=\"wpb_row vc_row-fluid vc_row inner_row  right_padding_5pct top_padding_tablet_8pct\"  style=\"\"><div class=\"row-bg-wrap\"> <div class=\"row-bg\" ><\/div> <\/div><div class=\"row_col_wrap_12_inner col span_12  left\">\n\t<div  class=\"vc_col-sm-12 wpb_column column_container vc_column_container col child_column no-extra-padding inherit_tablet inherit_phone \"   data-padding-pos=\"all\" data-has-bg-color=\"false\" data-bg-color=\"\" data-bg-opacity=\"1\" data-animation=\"\" data-delay=\"0\" >\n\t\t<div class=\"vc_column-inner\" >\n\t\t<div class=\"wpb_wrapper\">\n\t\t\t<div class=\"nectar-split-heading  font_size_1vw font_line_height_1-3 \" data-align=\"default\" data-m-align=\"inherit\" data-text-effect=\"default\" data-animation-type=\"line-reveal-by-space\" data-animation-delay=\"0\" data-animation-offset=\"\" data-m-rm-animation=\"true\" data-stagger=\"true\" data-custom-font-size=\"true\" style=\"font-size: 1.3vw; line-height: 1.43vw;\"><h2 style=\" color: #000000;\">Warum \"offen\"?<\/h2><\/div>\n\t\t<\/div> \n\t<\/div>\n\t<\/div> \n<\/div><\/div><div id=\"fws_69e88ed690f52\" data-midnight=\"\" data-column-margin=\"default\" class=\"wpb_row vc_row-fluid vc_row inner_row  right_padding_14pct\"  style=\"\"><div class=\"row-bg-wrap\"> <div class=\"row-bg\" ><\/div> <\/div><div class=\"row_col_wrap_12_inner col span_12  left\">\n\t<div  class=\"vc_col-sm-12 wpb_column column_container vc_column_container col child_column has-animation no-extra-padding inherit_tablet inherit_phone \"   data-padding-pos=\"all\" data-has-bg-color=\"false\" data-bg-color=\"\" data-bg-opacity=\"1\" data-animation=\"fade-in\" data-delay=\"0\" data-animation-easing=\"easeInOutQuad\" >\n\t\t<div class=\"vc_column-inner\" >\n\t\t<div class=\"wpb_wrapper\">\n\t\t\t\n<div class=\"wpb_text_column wpb_content_element \" >\n\t<p>Sie k\u00f6nnen Ihr Kind an mindestens <strong>2<\/strong> Tagen und maximal an <strong>4<\/strong> Tagen von Montag bis Donnerstag anmelden. So wie es f\u00fcr Sie und Ihr Kind am besten passt. Manchmal sind nach Schuljahresbeginn, also dann, wenn der Stundenplan des aktuellen Schuljahres gilt, nochmals \u00c4nderungen n\u00f6tig. Kein Problem, wir sind flexibel!<\/p>\n<\/div>\n\n\n\n<div class=\"nectar-cta  alignment_tablet_default alignment_phone_default display_tablet_inherit display_phone_inherit has-icon \" data-color=\"default\" data-using-bg=\"false\" data-display=\"block\" data-style=\"underline\" data-alignment=\"left\" data-text-color=\"custom\" style=\"--nectar-text-color: #4d648d; --nectar-button-color: var(--nectar-default); --nectar-icon-gap: 10px; \"><span style=\"color: #4d648d;\" class=\"nectar-button-type\"> <span class=\"link_wrap\" style=\"padding-top: 4px; padding-bottom: 4px; \"><i><span class=\"im-icon-wrap\"><span><svg role=\"presentation\" version=\"1.1\" xmlns=\"http:\/\/www.w3.org\/2000\/svg\" width=\"32\" height=\"32\" viewBox=\"0 0 32 32\">\n        <path d=\"M16.672 29.661c-0.367 0-0.667-0.3-0.667-0.667v-12c0-0.368 0.3-0.667 0.667-0.667s0.667 0.299 0.667 0.667v12c0 0.367-0.3 0.667-0.667 0.667zM16.623 29.661c-0.145 0-0.295-0.049-0.416-0.143l-3.221-2.555c-0.289-0.229-0.339-0.648-0.109-0.937 0.231-0.289 0.645-0.336 0.937-0.109l2.809 2.233 2.917-2.241c0.293-0.221 0.708-0.169 0.932 0.127 0.224 0.291 0.169 0.709-0.123 0.933l-3.333 2.555c-0.107 0.091-0.251 0.137-0.393 0.137zM26.001 24.995h-5.996c-0.367 0-0.667-0.3-0.667-0.667s0.3-0.667 0.667-0.667h5.996c2.575 0 4.665-2.091 4.665-4.66 0-1.676-0.885-3.185-2.367-4.031-0.221-0.127-0.353-0.371-0.333-0.627 0.020-0.281 0.033-0.473 0.033-0.671 0-5.513-4.484-10-9.997-10-4.573 0-8.553 3.096-9.683 7.532-0.081 0.307-0.361 0.513-0.677 0.501-0.076-0.004-0.143-0.012-0.213-0.024-0.008 0-0.016 0-0.025 0-3.395 0-6.076 2.685-6.076 5.981 0 3.305 2.695 5.995 6.001 5.995h6.008c0.367 0 0.667 0.299 0.667 0.667 0 0.367-0.3 0.667-0.667 0.667h-6.003c-4.044 0-7.335-3.287-7.335-7.328 0-3.987 3.205-7.241 7.179-7.325 1.455-4.739 5.827-8.001 10.824-8.001 6.248 0 11.331 5.084 11.331 11.333 0 0.121-0.004 0.243-0.011 0.363 1.661 1.111 2.677 2.977 2.677 4.967 0 3.305-2.691 5.995-5.999 5.995z\"><\/path>\n        <\/svg><\/span><\/span><\/i><a target=\"_blank\" class=\"link_text\" style=\"border-color: #4d648d;\" role=\"button\" href=\"https:\/\/www.home.dbrsp.de\/wp-content\/uploads\/2022\/12\/Konzept-oGS-2017.pdf\">Konzept der Ganztagsschule<\/a><\/span><\/span><\/div>\n\t\t<\/div> \n\t<\/div>\n\t<\/div> \n<\/div><\/div>\n\t\t\t<\/div> \n\t\t<\/div>\n\t<\/div> \n<\/div><\/div>\n\t\t<div id=\"fws_69e88ed6914a3\"  data-column-margin=\"default\" data-midnight=\"dark\"  class=\"wpb_row vc_row-fluid vc_row\"  style=\"padding-top: 0px; padding-bottom: 0px; \"><div class=\"row-bg-wrap\" data-bg-animation=\"none\" data-bg-animation-delay=\"\" data-bg-overlay=\"false\"><div class=\"inner-wrap row-bg-layer\" ><div class=\"row-bg viewport-desktop\"  style=\"\"><\/div><\/div><\/div><div class=\"row_col_wrap_12 col span_12 dark left\">\n\t<div  class=\"vc_col-sm-12 wpb_column column_container vc_column_container col no-extra-padding inherit_tablet inherit_phone \"  data-padding-pos=\"all\" data-has-bg-color=\"false\" data-bg-color=\"\" data-bg-opacity=\"1\" data-animation=\"\" data-delay=\"0\" >\n\t\t<div class=\"vc_column-inner\" >\n\t\t\t<div class=\"wpb_wrapper\">\n\t\t\t\t\n\t<div class=\"wpb_content_element\" data-interval=\"0\">\n\t\t<div class=\"wpb_wrapper tabbed clearfix\" data-style=\"minimal\" data-animation=\"fade\" data-spacing=\"default\" data-icon-size=\"24\" data-full-width-line=\"\" data-color-scheme=\"accent-color\" data-alignment=\"center\">\n\t\t\t<ul class=\"wpb_tabs_nav ui-tabs-nav clearfix\"><li class=\"tab-item active-tab\"><a role=\"button\" href=\"#tab-1715063765472-1\" class=\"active-tab\"><span>Infos und Anmeldung<\/span><\/a><\/li><li class=\"tab-item\"><a role=\"button\" href=\"#tab-1715063765517-10\" ><span>Koordinatiorin<\/span><\/a><\/li><li class=\"tab-item\"><a role=\"button\" href=\"#tab-1715063765557-7\" ><span>Konzeption<\/span><\/a><\/li><li class=\"tab-item\"><a role=\"button\" href=\"#tab-1715063765597-1\" ><span>R\u00e4umlichkeiten<\/span><\/a><\/li><\/ul>\n\n\t\t\t\n\t\t\t<div id=\"tab-infos-und-anmeldung\" data-tab-icon=\"iconsmind-Information\" class=\"wpb_tab ui-tabs-panel wpb_ui-tabs-hide clearfix\"><span class=\"im-icon-wrap tab-icon\"><span><svg role=\"presentation\" version=\"1.1\" xmlns=\"http:\/\/www.w3.org\/2000\/svg\" width=\"32\" height=\"32\" viewBox=\"0 0 32 32\">\n        <path d=\"M18.007 24.028h-4c-0.368 0-0.667-0.3-0.667-0.667v-9.333c0-0.367 0.299-0.667 0.667-0.667h4c0.368 0 0.667 0.3 0.667 0.667v9.333c0 0.368-0.299 0.667-0.667 0.667zM14.673 22.695h2.667v-8h-2.667v8zM16.007 12.073c-1.475 0-2.675-1.197-2.675-2.675s1.2-2.675 2.675-2.675c1.475 0 2.675 1.197 2.675 2.675s-1.2 2.675-2.675 2.675zM16.007 8.057c-0.74 0-1.341 0.601-1.341 1.341s0.601 1.341 1.341 1.341c0.741 0 1.341-0.601 1.341-1.341s-0.6-1.341-1.341-1.341zM16 32c-8.823 0-16-7.177-16-16s7.177-16 16-16 16 7.177 16 16-7.177 16-16 16zM16 1.333c-8.087 0-14.667 6.583-14.667 14.667 0 8.087 6.58 14.667 14.667 14.667 8.085 0 14.667-6.58 14.667-14.667 0-8.085-6.579-14.667-14.667-14.667z\"><\/path>\n        <\/svg><\/span><\/span>\n\t\t\t\t\n<div class=\"wpb_text_column wpb_content_element \" >\n\t<p>Sehr geehrte Eltern,<\/p>\n<p>die\u00a0Anmeldung f\u00fcr unser Ganztagsangebot\u00a0erfolgt im Zuge der offiziellen Schuleinschreibung.<\/p>\n<p>W\u00e4hrend des Schuljahres ist eine Aufnahme in Einzelf\u00e4llen noch m\u00f6glich. Nehmen Sie dazu bitte als Erstes Kontakt zu Frau\u00a0Zagel\u00a0auf, die mit Ihnen und der Schulleitung alles Weitere kl\u00e4ren wird.<\/p>\n<p><strong>Downloads:<\/strong><\/p>\n<ul>\n<li><a href=\"https:\/\/www.home.dbrsp.de\/wp-content\/uploads\/2022\/12\/Anmeldung_Ganztagsschule.pdf\" target=\"_blank\" rel=\"noopener\">Anmeldeblatt offene Ganztagsschule<\/a><\/li>\n<li><a href=\"https:\/\/www.home.dbrsp.de\/wp-content\/uploads\/2022\/12\/Schweigepflichtsentbindung-OGS.pdf\" target=\"_blank\" rel=\"noopener\">Schweigepflichtentbindung Ganztagsschule<\/a><\/li>\n<li><a href=\"https:\/\/www.home.dbrsp.de\/wp-content\/uploads\/2022\/12\/Haeufig-gestellte-Fragen-zur-OGS.pdf\" target=\"_blank\" rel=\"noopener\">H\u00e4ufig gestellte Fragen zur offenen Ganztagsschule<\/a><\/li>\n<\/ul>\n<p>Allgemeine Informationen rund um das offene Ganztagsangebot in Bayern:\u00a0<a href=\"http:\/\/www.ganztagsschulen.bayern.de\/index.html\" target=\"_blank\" rel=\"noopener\">http:\/\/www.ganztagsschulen.bayern.de<\/a><\/p>\n<\/div>\n\n\n\n\n\t\t\t<\/div> \n\t\t\t<div id=\"tab-koordinatiorin\" data-tab-icon=\"iconsmind-Identification-Badge\" class=\"wpb_tab ui-tabs-panel wpb_ui-tabs-hide clearfix\"><span class=\"im-icon-wrap tab-icon\"><span><svg role=\"presentation\" version=\"1.1\" xmlns=\"http:\/\/www.w3.org\/2000\/svg\" width=\"32\" height=\"32\" viewBox=\"0 0 32 32\">\n        <path d=\"M16 14.664c-2.168 0-4-1.527-4-3.332v-6.665c0-0.368 0.299-0.667 0.667-0.667h6.667c0.367 0 0.667 0.299 0.667 0.667v6.665c0 1.807-1.832 3.332-4 3.332zM13.333 5.333v5.999c0 1.065 1.247 1.999 2.667 1.999 1.419 0 2.667-0.933 2.667-1.999v-5.999h-5.333zM31.333 28h-30.667c-0.368 0-0.667-0.299-0.667-0.667v-17.333c0-0.368 0.299-0.667 0.667-0.667h11.333c0.368 0 0.667 0.299 0.667 0.667s-0.299 0.667-0.667 0.667h-10.667v16h29.333v-16h-10.667c-0.367 0-0.667-0.299-0.667-0.667s0.3-0.667 0.667-0.667h11.333c0.367 0 0.667 0.299 0.667 0.667v17.333c0 0.368-0.3 0.667-0.667 0.667zM12 18.667h-6.667c-0.368 0-0.667-0.299-0.667-0.667s0.299-0.667 0.667-0.667h6.667c0.368 0 0.667 0.299 0.667 0.667s-0.299 0.667-0.667 0.667zM16 21.333h-10.667c-0.368 0-0.667-0.299-0.667-0.667s0.299-0.667 0.667-0.667h10.667c0.368 0 0.667 0.299 0.667 0.667s-0.299 0.667-0.667 0.667zM28.667 24h-8c-0.367 0-0.667-0.299-0.667-0.667v-9.333c0-0.368 0.3-0.667 0.667-0.667h8c0.367 0 0.667 0.299 0.667 0.667v9.333c0 0.368-0.3 0.667-0.667 0.667zM21.333 22.667h6.667v-8h-6.667v8z\"><\/path>\n        <\/svg><\/span><\/span>\n\t\t\t\t\n<div class=\"wpb_text_column wpb_content_element \" >\n\t<h3 class=\"\" data-fontsize=\"22\" data-lineheight=\"29.92px\">Andrea Zagel, Soz.P\u00e4d.<\/h3>\n<p class=\"fusion-responsive-typography-calculated\" data-fontsize=\"22\" data-lineheight=\"29.92px\">Schon seit 2012 koordiniert Frau Zagel alle Belange unserer Ganztagsschule.\u00a0Frau Zagel ist ausgebildete Sozialp\u00e4dagogin und bei unserem Kooperationspartner (Diakonisches Werk Rosenheim) angestellt.<\/p>\n<p>Sie erreichen Frau Zagel von Montag bis Donnerstag jeweils von 08.30 Uhr bis 16.00 Uhr und am Freitag von 08.30 Uhr bis 13.00 Uhr \u00fcber<\/p>\n<ul>\n<li>direkt per E-Mail unter <a href=\"mailto:andrea.zagel@realschule-poing.de\">andrea.zagel@realschule-poing.de<\/a><\/li>\n<li>telefonisch\u00a0 im B\u00fcro unter:\u00a0 <a href=\"tel:08121254789-38\">08121 \/ 254789-38<\/a><\/li>\n<\/ul>\n<\/div>\n\n\n\n\n\t\t\t<\/div> \n\t\t\t<div id=\"tab-konzeption\" data-tab-icon=\"iconsmind-Network-Window\" class=\"wpb_tab ui-tabs-panel wpb_ui-tabs-hide clearfix\"><span class=\"im-icon-wrap tab-icon\"><span><svg role=\"presentation\" version=\"1.1\" xmlns=\"http:\/\/www.w3.org\/2000\/svg\" width=\"32\" height=\"32\" viewBox=\"0 0 32 32\">\n        <path d=\"M31.333 29.333h-30.667c-0.368 0-0.667-0.3-0.667-0.667v-25.333c0-0.367 0.299-0.667 0.667-0.667h30.667c0.367 0 0.667 0.3 0.667 0.667v25.333c0 0.367-0.3 0.667-0.667 0.667zM1.333 28h29.333v-24h-29.333v24zM30.667 9.333h-29.333c-0.368 0-0.667-0.3-0.667-0.667s0.299-0.667 0.667-0.667h29.333c0.367 0 0.667 0.3 0.667 0.667s-0.3 0.667-0.667 0.667zM19.333 17.333h-5.333c-0.368 0-0.667-0.3-0.667-0.667v-4c0-0.367 0.299-0.667 0.667-0.667h5.333c0.367 0 0.667 0.3 0.667 0.667v4c0 0.367-0.3 0.667-0.667 0.667zM14.667 16h4v-2.667h-4v2.667zM14 26.667h-5.333c-0.368 0-0.667-0.3-0.667-0.667v-4c0-0.367 0.299-0.667 0.667-0.667h5.333c0.368 0 0.667 0.3 0.667 0.667v4c0 0.367-0.299 0.667-0.667 0.667zM9.333 25.333h4v-2.667h-4v2.667zM24.667 26.667h-5.333c-0.367 0-0.667-0.3-0.667-0.667v-4c0-0.367 0.3-0.667 0.667-0.667h5.333c0.367 0 0.667 0.3 0.667 0.667v4c0 0.367-0.3 0.667-0.667 0.667zM20 25.333h4v-2.667h-4v2.667zM22 22c-0.367 0-0.667-0.3-0.667-0.667v-1.333h-9.333v1.333c0 0.367-0.299 0.667-0.667 0.667s-0.667-0.3-0.667-0.667v-2c0-0.367 0.299-0.667 0.667-0.667h10.667c0.367 0 0.667 0.3 0.667 0.667v2c0 0.367-0.3 0.667-0.667 0.667zM16.667 19.333c-0.368 0-0.667-0.3-0.667-0.667v-1.333c0-0.367 0.299-0.667 0.667-0.667 0.367 0 0.667 0.3 0.667 0.667v1.333c0 0.367-0.3 0.667-0.667 0.667zM4 6c0 0.368-0.299 0.667-0.667 0.667s-0.667-0.299-0.667-0.667c0-0.368 0.299-0.667 0.667-0.667s0.667 0.299 0.667 0.667zM6.667 6c0 0.368-0.299 0.667-0.667 0.667s-0.667-0.299-0.667-0.667c0-0.368 0.299-0.667 0.667-0.667s0.667 0.299 0.667 0.667zM9.333 6c0 0.368-0.299 0.667-0.667 0.667s-0.667-0.299-0.667-0.667c0-0.368 0.299-0.667 0.667-0.667s0.667 0.299 0.667 0.667z\"><\/path>\n        <\/svg><\/span><\/span>\n\t\t\t\t\n<div class=\"wpb_text_column wpb_content_element \" >\n\t<p>Konzept der Ganztagsschule zum Downloaden:<\/p>\n<\/div>\n\n\n\n<a class=\"nectar-button medium see-through-2  has-icon\"  role=\"button\" style=\"\" target=\"_blank\" href=\"https:\/\/www.home.dbrsp.de\/wp-content\/uploads\/2022\/12\/Konzept-oGS-2017.pdf\" data-color-override=\"false\" data-hover-color-override=\"false\" data-hover-text-color-override=\"#ffffff\"><span>Download Konzept<\/span><i  class=\"icon-button-arrow\"><\/i><\/a>\n<div class=\"wpb_text_column wpb_content_element \" >\n\t<p>Unsere Ganztagsschule ist ein freiwilliges schulisches Angebot der ganzt\u00e4gigen F\u00f6rderung und Betreuung von Sch\u00fclerinnen und Sch\u00fclern ab der Jahrgangsstufen 5.\u00a0 Der Unterricht findet wie gewohnt \u00fcberwiegend am Vormittag im Klassenverband statt.<\/p>\n<p>Diejenigen Sch\u00fclerinnen und Sch\u00fcler, deren Eltern dies w\u00fcnschen, besuchen dann nach dem stundenplanm\u00e4\u00dfigen Unterricht die jeweiligen Ganztagsangebote.<\/p>\n<hr \/>\n<p>Zur familiengerechten F\u00f6rderung und Betreuung geh\u00f6rt grob umrissen folgender Nachmittagsablauf:<\/p>\n<ul>\n<li>12.20 \u2013 13.05 Uhr: \u00a0\u00a0\u00a0 individueller Schulschluss (abh\u00e4ngig vom individuellen Stundenplan der Kinder)<\/li>\n<li>Im Anschluss daran\u00a0 (im Zeitfenster von 12 \u2013 ca. 13.45 Uhr) gemeinschaftliches verpflichtendes Mittagessen in unserer Mensa.<\/li>\n<li>Hausaufgaben\/Lernzeit f\u00fcr alle Gruppen ab 13.45 Uhr.<\/li>\n<li>Anschlie\u00dfend Freizeitangebote bis 15.30 Uhr wie\n<ul>\n<li>gezielte Angebote (Basteln, Malen, Spiele\u2026)<\/li>\n<li>Projekte<\/li>\n<li>Turnhalle \/ Soccer five \/ Pausenhof<\/li>\n<li>spontane Aktivit\u00e4ten<\/li>\n<li>Lesen \/ Ratschen\/ etc.<\/li>\n<li>Einzelgespr\u00e4che mit Kindern<\/li>\n<li>usw.<\/li>\n<\/ul>\n<\/li>\n<\/ul>\n<p>Unsere schulischen Wahlunterrichte und Arbeitsgemeinschaften werden selbstverst\u00e4ndlich f\u00fcr alle Sch\u00fclerinnen und Sch\u00fcler fortgef\u00fchrt, also auch f\u00fcr diejenigen, die nicht am Ganztagsangebot teilnehmen.<\/p>\n<\/div>\n\n\n\n\n\t\t\t<\/div> \n\t\t\t<div id=\"tab-raeumlichkeiten\" data-tab-icon=\"iconsmind-Door\" class=\"wpb_tab ui-tabs-panel wpb_ui-tabs-hide clearfix\"><span class=\"im-icon-wrap tab-icon\"><span><svg role=\"presentation\" version=\"1.1\" xmlns=\"http:\/\/www.w3.org\/2000\/svg\" width=\"32\" height=\"32\" viewBox=\"0 0 32 32\">\n        <path d=\"M26 32h-20c-0.368 0-0.667-0.3-0.667-0.667v-30.667c0-0.368 0.299-0.667 0.667-0.667h20c0.367 0 0.667 0.299 0.667 0.667v30.667c0 0.367-0.3 0.667-0.667 0.667zM6.667 30.667h18.667v-29.333h-18.667v29.333zM23.333 13.333h-14.667c-0.368 0-0.667-0.299-0.667-0.667v-9.333c0-0.368 0.299-0.667 0.667-0.667h14.667c0.367 0 0.667 0.299 0.667 0.667v9.333c0 0.368-0.3 0.667-0.667 0.667zM9.333 12h13.333v-8h-13.333v8zM10.667 19.333c-1.103 0-2-0.897-2-2s0.897-2 2-2 2 0.897 2 2-0.897 2-2 2zM10.667 16.667c-0.368 0-0.667 0.3-0.667 0.667s0.299 0.667 0.667 0.667 0.667-0.3 0.667-0.667-0.299-0.667-0.667-0.667z\"><\/path>\n        <\/svg><\/span><\/span>\n\t\t\t\t\n<div class=\"wpb_text_column wpb_content_element \" >\n\t<p>Unsere Ganztagsgruppen profitieren von den bestens ausgestatteten R\u00e4umlichkeiten im Schulhaus, die idealen Voraussetzungen f\u00fcr den Ganztagsschulbetrieb bieten.<\/p>\n<p>Unsere Ganztagssch\u00fcler haben zudem Zugang zur <strong>Mediathek<\/strong>, zum <strong>Meditationsraum<\/strong> und zur <strong>schuleigenen Mensa<\/strong>, in denen sie gen\u00fcgend Platz f\u00fcr Lernzeiten, \u00dcbungseinheiten, Entspannungsphasen und Sport- und Spielpausen haben. Die R\u00e4umlichkeiten sind so gestaltet, dass sich alle Sch\u00fcler dort wohlf\u00fchlen k\u00f6nnen.<\/p>\n<\/div>\n\n\n\n\n\t\t\t<\/div> \n\t\t<\/div> \n\t<\/div> \n\t\t\t<\/div> \n\t\t<\/div>\n\t<\/div> \n<\/div><\/div>\n","protected":false},"excerpt":{"rendered":"Offene Ganztagsschule Warum \"offen\"? Sie k\u00f6nnen Ihr Kind an mindestens 2 Tagen und maximal an 4 Tagen von Montag bis Donnerstag anmelden. So wie es f\u00fcr Sie und Ihr Kind...","protected":false},"author":6,"featured_media":0,"parent":0,"menu_order":0,"comment_status":"closed","ping_status":"closed","template":"","meta":{"inline_featured_image":false,"footnotes":""},"class_list":["post-6848","page","type-page","status-publish"],"_links":{"self":[{"href":"https:\/\/www.home.dbrsp.de\/index.php\/wp-json\/wp\/v2\/pages\/6848","targetHints":{"allow":["GET"]}}],"collection":[{"href":"https:\/\/www.home.dbrsp.de\/index.php\/wp-json\/wp\/v2\/pages"}],"about":[{"href":"https:\/\/www.home.dbrsp.de\/index.php\/wp-json\/wp\/v2\/types\/page"}],"author":[{"embeddable":true,"href":"https:\/\/www.home.dbrsp.de\/index.php\/wp-json\/wp\/v2\/users\/6"}],"replies":[{"embeddable":true,"href":"https:\/\/www.home.dbrsp.de\/index.php\/wp-json\/wp\/v2\/comments?post=6848"}],"version-history":[{"count":38,"href":"https:\/\/www.home.dbrsp.de\/index.php\/wp-json\/wp\/v2\/pages\/6848\/revisions"}],"predecessor-version":[{"id":22562,"href":"https:\/\/www.home.dbrsp.de\/index.php\/wp-json\/wp\/v2\/pages\/6848\/revisions\/22562"}],"wp:attachment":[{"href":"https:\/\/www.home.dbrsp.de\/index.php\/wp-json\/wp\/v2\/media?parent=6848"}],"curies":[{"name":"wp","href":"https:\/\/api.w.org\/{rel}","templated":true}]}}