{"id":6894,"date":"2022-12-28T20:09:24","date_gmt":"2022-12-28T19:09:24","guid":{"rendered":"https:\/\/www.home.dbrsp.de\/?page_id=6894"},"modified":"2025-12-07T14:46:18","modified_gmt":"2025-12-07T13:46:18","slug":"formulare","status":"publish","type":"page","link":"https:\/\/www.home.dbrsp.de\/index.php\/formulare\/","title":{"rendered":"Formulare"},"content":{"rendered":"\n\t\t<div id=\"fws_69f4cd4f7408d\"  data-column-margin=\"default\" data-midnight=\"light\" data-top-percent=\"15%\" data-bottom-percent=\"13%\"  class=\"wpb_row vc_row-fluid vc_row full-width-section vc_row-o-equal-height vc_row-flex vc_row-o-content-bottom\"  style=\"padding-top: calc(100vw * 0.15); padding-bottom: calc(100vw * 0.13); \"><div class=\"row-bg-wrap\" data-bg-animation=\"none\" data-bg-animation-delay=\"\" data-bg-overlay=\"true\"><div class=\"inner-wrap row-bg-layer using-image\" ><div class=\"row-bg viewport-desktop using-image\"  style=\"background-image: url(https:\/\/www.home.dbrsp.de\/wp-content\/uploads\/2022\/12\/formulare_background-scaled.jpg); background-position: left top; background-repeat: no-repeat; \"><\/div><\/div><div class=\"row-bg-overlay row-bg-layer\" style=\"background-color:rgba(10,10,10,0.6);  opacity: 0.3; \"><\/div><\/div><div class=\"row_col_wrap_12 col span_12 light left\">\n\t<div  class=\"vc_col-sm-12 wpb_column column_container vc_column_container col no-extra-padding inherit_tablet inherit_phone \"  data-padding-pos=\"all\" data-has-bg-color=\"false\" data-bg-color=\"\" data-bg-opacity=\"1\" data-animation=\"\" data-delay=\"0\" >\n\t\t<div class=\"vc_column-inner\" >\n\t\t\t<div class=\"wpb_wrapper\">\n\t\t\t\t<div class=\"nectar-split-heading  font_size_phone_35px \" data-align=\"default\" data-m-align=\"inherit\" data-text-effect=\"default\" data-animation-type=\"line-reveal-by-space\" data-animation-delay=\"0\" data-animation-offset=\"\" data-m-rm-animation=\"\" data-stagger=\"\" data-custom-font-size=\"false\" ><h1 >Formulare<\/h1><\/div>\n\t\t\t<\/div> \n\t\t<\/div>\n\t<\/div> \n<\/div><\/div>\n\t\t<div id=\"fws_69f4cd4f74742\"  data-column-margin=\"default\" data-midnight=\"dark\"  class=\"wpb_row vc_row-fluid vc_row\"  style=\"padding-top: 0px; padding-bottom: 0px; \"><div class=\"row-bg-wrap\" data-bg-animation=\"none\" data-bg-animation-delay=\"\" data-bg-overlay=\"false\"><div class=\"inner-wrap row-bg-layer\" ><div class=\"row-bg viewport-desktop\"  style=\"\"><\/div><\/div><\/div><div class=\"row_col_wrap_12 col span_12 dark left\">\n\t<div  class=\"vc_col-sm-12 wpb_column column_container vc_column_container col no-extra-padding inherit_tablet inherit_phone \"  data-padding-pos=\"all\" data-has-bg-color=\"false\" data-bg-color=\"\" data-bg-opacity=\"1\" data-animation=\"\" data-delay=\"0\" >\n\t\t<div class=\"vc_column-inner\" >\n\t\t\t<div class=\"wpb_wrapper\">\n\t\t\t\t<div class=\"divider-wrap\" data-alignment=\"default\"><div style=\"height: 25px;\" class=\"divider\"><\/div><\/div>\n\t\t\t<\/div> \n\t\t<\/div>\n\t<\/div> \n<\/div><\/div>\n\t\t<div id=\"fws_69f4cd4f749ea\"  data-column-margin=\"default\" data-midnight=\"dark\"  class=\"wpb_row vc_row-fluid vc_row\"  style=\"padding-top: 0px; padding-bottom: 0px; \"><div class=\"row-bg-wrap\" data-bg-animation=\"none\" data-bg-animation-delay=\"\" data-bg-overlay=\"false\"><div class=\"inner-wrap row-bg-layer\" ><div class=\"row-bg viewport-desktop\"  style=\"\"><\/div><\/div><\/div><div class=\"row_col_wrap_12 col span_12 dark left\">\n\t<div  class=\"vc_col-sm-12 wpb_column column_container vc_column_container col no-extra-padding inherit_tablet inherit_phone \"  data-padding-pos=\"all\" data-has-bg-color=\"false\" data-bg-color=\"\" data-bg-opacity=\"1\" data-animation=\"\" data-delay=\"0\" >\n\t\t<div class=\"vc_column-inner\" >\n\t\t\t<div class=\"wpb_wrapper\">\n\t\t\t\t\n\t<div class=\"wpb_content_element  blog_portfolio\" data-interval=\"0\">\n\t\t<div class=\"wpb_wrapper tabbed clearfix\" data-style=\"material\" data-animation=\"fade\" data-spacing=\"default\" data-icon-size=\"24\" data-full-width-line=\"\" data-color-scheme=\"accent-color\" data-alignment=\"left\">\n\t\t\t<ul class=\"wpb_tabs_nav ui-tabs-nav clearfix\"><li class=\"tab-item active-tab\"><a role=\"button\" href=\"#tab-1765114633211-1\" class=\"active-tab\"><span>Eltern<\/span><\/a><\/li><li class=\"tab-item\"><a role=\"button\" href=\"#tab-1765114633218-6\" ><span>Lehrkr\u00e4fte<\/span><\/a><\/li><\/ul>\n\n\t\t\t\n\t\t\t<div id=\"tab-eltern\" data-tab-icon=\"iconsmind-File-Download\" class=\"wpb_tab ui-tabs-panel wpb_ui-tabs-hide clearfix\"><span class=\"im-icon-wrap tab-icon\"><span><svg role=\"presentation\" version=\"1.1\" xmlns=\"http:\/\/www.w3.org\/2000\/svg\" width=\"32\" height=\"32\" viewBox=\"0 0 32 32\">\n        <path d=\"M23.312 29.972c-0.117 0-0.237-0.029-0.341-0.092l-3.312-1.972c-0.316-0.188-0.419-0.596-0.232-0.915 0.189-0.315 0.599-0.42 0.915-0.232l2.972 1.767 2.972-1.767c0.316-0.191 0.725-0.084 0.916 0.232 0.188 0.315 0.084 0.725-0.232 0.915l-3.312 1.972c-0.109 0.060-0.227 0.092-0.345 0.092zM23.333 30c-0.367 0-0.667-0.3-0.667-0.667v-8c0-0.367 0.3-0.667 0.667-0.667s0.667 0.3 0.667 0.667v8c0 0.367-0.3 0.667-0.667 0.667zM17.333 32h-12.667c-0.368 0-0.667-0.3-0.667-0.667v-23.224c0-0.164 0.060-0.321 0.169-0.444l6.667-7.443c0.127-0.141 0.307-0.223 0.497-0.223h16c0.367 0 0.667 0.299 0.667 0.667v19.333c0 0.367-0.3 0.667-0.667 0.667s-0.667-0.3-0.667-0.667v-18.667h-15.035l-6.299 7.031v22.303h12c0.367 0 0.667 0.3 0.667 0.667s-0.3 0.667-0.667 0.667zM11.333 9.333h-6c-0.368 0-0.667-0.299-0.667-0.667s0.299-0.667 0.667-0.667h5.333v-6.667c0-0.368 0.299-0.667 0.667-0.667s0.667 0.299 0.667 0.667v7.333c0 0.368-0.299 0.667-0.667 0.667z\"><\/path>\n        <\/svg><\/span><\/span>\n\t\t\t\t\n<div class=\"wpb_text_column wpb_content_element  blog_portfolio\" >\n\t<p><strong>Links:<\/strong><\/p>\n<ul>\n<li><a href=\"https:\/\/www.home.dbrsp.de\/index.php\/schulwechsel-anfrage\/\">Schulwechsel Anfrage<\/a><\/li>\n<li><a href=\"https:\/\/www.home.dbrsp.de\/index.php\/krankmeldung\/\">Krankmeldung via SchulApp<\/a><\/li>\n<li><a href=\"https:\/\/www.home.dbrsp.de\/index.php\/beurlaubung\/\">Antrag auf Beurlaubung via SchulApp<\/a><\/li>\n<li><a href=\"https:\/\/www.home.dbrsp.de\/index.php\/loesungsweiser\/\">L\u00f6sungswegweiser<\/a><\/li>\n<li><a href=\"https:\/\/www.home.dbrsp.de\/index.php\/merkblaetter-zu-unfaellen-krankheiten\/\">Merkbl\u00e4tter zu Unf\u00e4llen &amp; Krankheiten<\/a><\/li>\n<li><a href=\"https:\/\/www.home.dbrsp.de\/index.php\/religionsunterricht\/\">Religionsunterricht<\/a><\/li>\n<li><a href=\"https:\/\/www.home.dbrsp.de\/index.php\/datenschutz-formulare\/\">Datenschutz Formulare<\/a><\/li>\n<\/ul>\n<p><strong>Downloads:<\/strong><\/p>\n<ul>\n<li><a href=\"https:\/\/www.home.dbrsp.de\/wp-content\/uploads\/2023\/01\/2021-12-16-Datenschutzvereinbarung-Ganztagsschulen-1.pdf\" target=\"_blank\" rel=\"noopener\">Datenschutzvereinbarung Ganztagsschule<\/a><\/li>\n<li><a href=\"https:\/\/www.home.dbrsp.de\/wp-content\/uploads\/2023\/01\/Formular-Antrag-Freiwilliges-Wiederholen.pdf\" target=\"_blank\" rel=\"noopener\">R\u00fccktritt \/ freiwilliges Wiederholen<\/a><\/li>\n<li><a href=\"https:\/\/www.home.dbrsp.de\/wp-content\/uploads\/2024\/05\/Abmeldung-Realschule-Poing.pdf\">Formular f\u00fcr die Abmeldung<\/a><\/li>\n<li><a href=\"https:\/\/www.home.dbrsp.de\/wp-content\/uploads\/2024\/07\/Unsere-bewaehrte-Einkaufsliste-2024.pdf\">Einkaufsliste \/ Materialliste<\/a><\/li>\n<li><a href=\"https:\/\/www.home.dbrsp.de\/wp-content\/uploads\/2025\/12\/a-Antrag-L-R-St-24_25.pdf\">Antrag Lese-Rechtschreib-St\u00f6rung<\/a><\/li>\n<\/ul>\n<\/div>\n\n\n\n\n\t\t\t<\/div> \n\t\t\t<div id=\"tab-lehrkraefte\" data-tab-icon=\"iconsmind-File-Download\" class=\"wpb_tab ui-tabs-panel wpb_ui-tabs-hide clearfix\"><span class=\"im-icon-wrap tab-icon\"><span><svg role=\"presentation\" version=\"1.1\" xmlns=\"http:\/\/www.w3.org\/2000\/svg\" width=\"32\" height=\"32\" viewBox=\"0 0 32 32\">\n        <path d=\"M23.312 29.972c-0.117 0-0.237-0.029-0.341-0.092l-3.312-1.972c-0.316-0.188-0.419-0.596-0.232-0.915 0.189-0.315 0.599-0.42 0.915-0.232l2.972 1.767 2.972-1.767c0.316-0.191 0.725-0.084 0.916 0.232 0.188 0.315 0.084 0.725-0.232 0.915l-3.312 1.972c-0.109 0.060-0.227 0.092-0.345 0.092zM23.333 30c-0.367 0-0.667-0.3-0.667-0.667v-8c0-0.367 0.3-0.667 0.667-0.667s0.667 0.3 0.667 0.667v8c0 0.367-0.3 0.667-0.667 0.667zM17.333 32h-12.667c-0.368 0-0.667-0.3-0.667-0.667v-23.224c0-0.164 0.060-0.321 0.169-0.444l6.667-7.443c0.127-0.141 0.307-0.223 0.497-0.223h16c0.367 0 0.667 0.299 0.667 0.667v19.333c0 0.367-0.3 0.667-0.667 0.667s-0.667-0.3-0.667-0.667v-18.667h-15.035l-6.299 7.031v22.303h12c0.367 0 0.667 0.3 0.667 0.667s-0.3 0.667-0.667 0.667zM11.333 9.333h-6c-0.368 0-0.667-0.299-0.667-0.667s0.299-0.667 0.667-0.667h5.333v-6.667c0-0.368 0.299-0.667 0.667-0.667s0.667 0.299 0.667 0.667v7.333c0 0.368-0.299 0.667-0.667 0.667z\"><\/path>\n        <\/svg><\/span><\/span>\n\t\t\t\t\n<div class=\"wpb_text_column wpb_content_element  blog_portfolio\" >\n\t<ul>\n<li><a href=\"https:\/\/www.home.dbrsp.de\/wp-content\/uploads\/2024\/05\/Antrag-auf-Dienstbefreiung-2024-05-14-06_29_37.pdf\">Antrag auf Dienstbefreiung<\/a><\/li>\n<li><a href=\"https:\/\/www.home.dbrsp.de\/wp-content\/uploads\/2024\/05\/Schulinterne-Multiplikation-von-Fortbildungen-2024-05-14-06_29_22.pdf\">Antrag auf die Teilnahme an einer Fortbildung<\/a><\/li>\n<li><a href=\"https:\/\/www.home.dbrsp.de\/wp-content\/uploads\/2024\/05\/Schulinterne-Multiplikation-von-Fortbildungen-2024-05-14-06_29_22.pdf\">Schulinterne Multiplikation einer Fortbildung<\/a><\/li>\n<li><a href=\"https:\/\/www.home.dbrsp.de\/index.php\/veranstaltungsplanung\/\">Veranstaltungsplanung<\/a><\/li>\n<li><a href=\"https:\/\/www.home.dbrsp.de\/index.php\/einheitliche-mail-signatur\/\">Einheitliche Mail-Signatur<\/a><\/li>\n<li><a href=\"https:\/\/www.home.dbrsp.de\/index.php\/informationen-an-alle-bewerber-innen\/\">Informationen an alle Bewerber\/-innen<\/a><\/li>\n<li><a href=\"https:\/\/www.home.dbrsp.de\/index.php\/stellenausschreibungen-und-bewerbungen\/\">Stellenausschreibungen und Bewerbungen<\/a><\/li>\n<li><a href=\"https:\/\/www.home.dbrsp.de\/index.php\/datenschutz-formulare\/\">Datenschutz Formulare<\/a><\/li>\n<\/ul>\n<\/div>\n\n\n\n\n\t\t\t<\/div> \n\t\t<\/div> \n\t<\/div> \n\t\t\t<\/div> \n\t\t<\/div>\n\t<\/div> \n<\/div><\/div>\n","protected":false},"excerpt":{"rendered":"Formulare ElternLehrkr\u00e4fte Links: Schulwechsel Anfrage Krankmeldung via SchulApp Antrag auf Beurlaubung via SchulApp L\u00f6sungswegweiser Merkbl\u00e4tter zu Unf\u00e4llen &amp; Krankheiten Religionsunterricht Datenschutz Formulare Downloads: Datenschutzvereinbarung Ganztagsschule R\u00fccktritt \/ freiwilliges Wiederholen Formular...","protected":false},"author":6,"featured_media":0,"parent":0,"menu_order":0,"comment_status":"closed","ping_status":"closed","template":"","meta":{"inline_featured_image":false,"footnotes":""},"class_list":["post-6894","page","type-page","status-publish"],"_links":{"self":[{"href":"https:\/\/www.home.dbrsp.de\/index.php\/wp-json\/wp\/v2\/pages\/6894","targetHints":{"allow":["GET"]}}],"collection":[{"href":"https:\/\/www.home.dbrsp.de\/index.php\/wp-json\/wp\/v2\/pages"}],"about":[{"href":"https:\/\/www.home.dbrsp.de\/index.php\/wp-json\/wp\/v2\/types\/page"}],"author":[{"embeddable":true,"href":"https:\/\/www.home.dbrsp.de\/index.php\/wp-json\/wp\/v2\/users\/6"}],"replies":[{"embeddable":true,"href":"https:\/\/www.home.dbrsp.de\/index.php\/wp-json\/wp\/v2\/comments?post=6894"}],"version-history":[{"count":51,"href":"https:\/\/www.home.dbrsp.de\/index.php\/wp-json\/wp\/v2\/pages\/6894\/revisions"}],"predecessor-version":[{"id":22719,"href":"https:\/\/www.home.dbrsp.de\/index.php\/wp-json\/wp\/v2\/pages\/6894\/revisions\/22719"}],"wp:attachment":[{"href":"https:\/\/www.home.dbrsp.de\/index.php\/wp-json\/wp\/v2\/media?parent=6894"}],"curies":[{"name":"wp","href":"https:\/\/api.w.org\/{rel}","templated":true}]}}