{"id":7000,"date":"2022-12-29T17:14:57","date_gmt":"2022-12-29T16:14:57","guid":{"rendered":"https:\/\/www.home.dbrsp.de\/?page_id=7000"},"modified":"2024-05-07T08:16:08","modified_gmt":"2024-05-07T06:16:08","slug":"informationen-an-alle-bewerber-innen","status":"publish","type":"page","link":"https:\/\/www.home.dbrsp.de\/index.php\/informationen-an-alle-bewerber-innen\/","title":{"rendered":"Informationen an alle Bewerber\/-innen"},"content":{"rendered":"\n\t\t<div id=\"fws_69f4e0bba1468\"  data-column-margin=\"default\" data-midnight=\"light\" data-top-percent=\"15%\" data-bottom-percent=\"13%\"  class=\"wpb_row vc_row-fluid vc_row full-width-section vc_row-o-equal-height vc_row-flex vc_row-o-content-bottom\"  style=\"padding-top: calc(100vw * 0.15); padding-bottom: calc(100vw * 0.13); \"><div class=\"row-bg-wrap\" data-bg-animation=\"none\" data-bg-animation-delay=\"\" data-bg-overlay=\"true\"><div class=\"inner-wrap row-bg-layer using-image\" ><div class=\"row-bg viewport-desktop using-image\"  style=\"background-image: url(https:\/\/www.home.dbrsp.de\/wp-content\/uploads\/2023\/01\/informationen_an_bewerber_background-scaled.jpg); background-position: center center; background-repeat: no-repeat; \"><\/div><\/div><div class=\"row-bg-overlay row-bg-layer\" style=\"background-color:rgba(10,10,10,0.6);  opacity: 0.3; \"><\/div><\/div><div class=\"row_col_wrap_12 col span_12 light left\">\n\t<div  class=\"vc_col-sm-12 wpb_column column_container vc_column_container col no-extra-padding inherit_tablet inherit_phone \"  data-padding-pos=\"all\" data-has-bg-color=\"false\" data-bg-color=\"\" data-bg-opacity=\"1\" data-animation=\"\" data-delay=\"0\" >\n\t\t<div class=\"vc_column-inner\" >\n\t\t\t<div class=\"wpb_wrapper\">\n\t\t\t\t<div class=\"nectar-split-heading  font_size_phone_35px \" data-align=\"default\" data-m-align=\"inherit\" data-text-effect=\"default\" data-animation-type=\"line-reveal-by-space\" data-animation-delay=\"0\" data-animation-offset=\"\" data-m-rm-animation=\"\" data-stagger=\"\" data-custom-font-size=\"false\" ><h1 >Informationen an alle Bewerber\/-innen<\/h1><\/div>\n\t\t\t<\/div> \n\t\t<\/div>\n\t<\/div> \n<\/div><\/div>\n\t\t<div id=\"fws_69f4e0bba1904\"  data-column-margin=\"default\" data-midnight=\"dark\"  class=\"wpb_row vc_row-fluid vc_row\"  style=\"padding-top: 0px; padding-bottom: 0px; \"><div class=\"row-bg-wrap\" data-bg-animation=\"none\" data-bg-animation-delay=\"\" data-bg-overlay=\"false\"><div class=\"inner-wrap row-bg-layer\" ><div class=\"row-bg viewport-desktop\"  style=\"\"><\/div><\/div><\/div><div class=\"row_col_wrap_12 col span_12 dark left\">\n\t<div style=\"margin-top: 4%; margin-bottom: 4%; \" class=\"vc_col-sm-12 wpb_column column_container vc_column_container col no-extra-padding inherit_tablet inherit_phone \"  data-padding-pos=\"all\" data-has-bg-color=\"false\" data-bg-color=\"\" data-bg-opacity=\"1\" data-animation=\"\" data-delay=\"0\" >\n\t\t<div class=\"vc_column-inner\" >\n\t\t\t<div class=\"wpb_wrapper\">\n\t\t\t\t<div class=\"divider-wrap height_phone_15px \" data-alignment=\"default\"><div  class=\"divider\"><\/div><\/div>\n<div class=\"wpb_text_column wpb_content_element \" >\n\t<p>Sehr geehrte Kolleginnen und Kollegen,<br \/>\nsehr geehrte Damen und Herren,<\/p>\n<p>uns erreichen das ganze Schuljahr \u00fcber viele interessante Bewerbungen. Vielen Dank f\u00fcr Ihr Interesse, in unserem Team zu arbeiten und f\u00fcr die von Ihnen \u00fcbersandten Unterlagen!<br \/>\nEs soll keinesfalls Ausdruck mangelnder Wertsch\u00e4tzung sein, wenn wir im laufenden Schulbetrieb nur vereinzelt Bewerbungsmails beantworten k\u00f6nnen.<\/p>\n<p>Gerne stellen wir Ihnen im Folgenden Antworten auf h\u00e4ufig gestellte Fragen zusammen:<\/p>\n<ol>\n<li><strong>Wann entscheidet sich, ob wir im Rahmen des Versetzungsverfahrens haben?<br \/>\n<\/strong>Wenn wir konkreten Bedarf haben und eine Stelle ausschreiben k\u00f6nnen, dann finden Sie dies im BRN dort,\u00a0wo alle Schulen Stellen anbieten.<br \/>\nOft k\u00f6nnen wir erst in der zweiten Phase des offenen Versetzungsverfahrens konkrete Auskunft dar\u00fcber erteilen, ob wir eine Ihrem Profil entsprechende Stelle anbieten k\u00f6nnen. Dies ist dann der Fall, wenn \u00fcber Versetzungsantr\u00e4ge entschieden wurde, die Kolleginnen und Kollegen unserer Schule gestellt haben. Erst dann wird ggf. eine Stelle bei uns frei.<\/li>\n<li><strong>K\u00f6nnen wir Lehrkr\u00e4fte, die eine Planstelle suchen, anfordern?<\/strong><br \/>\nNein. Bei der \u00dcbernahme in das Beamtenverh\u00e4ltnis (auf Probe \/ Lebenszeit) gilt das Leistungsprinzip. Wir haben keinen Einfluss auf Einstellungen in den Staatsdienst.<\/li>\n<li><strong>Wann wissen wir, ob wir Bedarf an Aushilfen haben?<\/strong><br \/>\nAushilfsvertr\u00e4ge k\u00f6nnen wir i.d.R. erst nach dem finalen Planungsabgleich mit dem Kultusministerium (ebenfalls im Juli) abschlie\u00dfen. Dies h\u00e4ngt u.a. mit dem laufenden Versetzungsverfahren, mit den Neuneinschreibungen und auch mit den im August zu erwartenden Schulwechslern zusammen. Dies alles beeinflusst unser \u201eBudget\u201c und unsere Klassen- bzw. Personalplanungen.<\/li>\n<li><strong>Was passiert mit Ihrer Bewerbung?<\/strong><br \/>\nWenn wir von Ihnen nichts Gegenteiliges h\u00f6ren, archivieren wir Ihre Bewerbungs-\/Unterlagen bei uns und setzen uns dann ggf. wieder mit Ihnen in Verbindung.\u00a0Unaufgefordert zugeschickte Bewerbungsmappen in Papierform k\u00f6nnen wir nicht zur\u00fccksenden.<\/li>\n<li><strong>K\u00f6nnen Sie sich bei uns pers\u00f6nlich vorstellen?<\/strong><br \/>\nGrunds\u00e4tzlich, ja. Wir kommen dann aber direkt auf Sie zu. Wenn wir mit Ihnen einen Vorstellungstermin vereinbaren, k\u00f6nnen wir hierf\u00fcr leider keinerlei Kosten \u00fcbernehmen (z.B. Fahrt-, \u00dcbernachtungs- oder sonstige Bewerbungskosten, Verdienstausfall).<\/li>\n<\/ol>\n<p>Mit freundlichen Gr\u00fc\u00dfen<\/p>\n<p>Claudia Althammer<\/p>\n<p>Schulleiterin<\/p>\n<\/div>\n\n\n\n\n\t\t\t<\/div> \n\t\t<\/div>\n\t<\/div> \n<\/div><\/div>\n","protected":false},"excerpt":{"rendered":"Informationen an alle Bewerber\/-innen Sehr geehrte Kolleginnen und Kollegen, sehr geehrte Damen und Herren, uns erreichen das ganze Schuljahr \u00fcber viele interessante Bewerbungen. Vielen Dank f\u00fcr Ihr Interesse, in unserem...","protected":false},"author":6,"featured_media":0,"parent":0,"menu_order":0,"comment_status":"closed","ping_status":"closed","template":"","meta":{"inline_featured_image":false,"footnotes":""},"class_list":["post-7000","page","type-page","status-publish"],"_links":{"self":[{"href":"https:\/\/www.home.dbrsp.de\/index.php\/wp-json\/wp\/v2\/pages\/7000","targetHints":{"allow":["GET"]}}],"collection":[{"href":"https:\/\/www.home.dbrsp.de\/index.php\/wp-json\/wp\/v2\/pages"}],"about":[{"href":"https:\/\/www.home.dbrsp.de\/index.php\/wp-json\/wp\/v2\/types\/page"}],"author":[{"embeddable":true,"href":"https:\/\/www.home.dbrsp.de\/index.php\/wp-json\/wp\/v2\/users\/6"}],"replies":[{"embeddable":true,"href":"https:\/\/www.home.dbrsp.de\/index.php\/wp-json\/wp\/v2\/comments?post=7000"}],"version-history":[{"count":10,"href":"https:\/\/www.home.dbrsp.de\/index.php\/wp-json\/wp\/v2\/pages\/7000\/revisions"}],"predecessor-version":[{"id":22529,"href":"https:\/\/www.home.dbrsp.de\/index.php\/wp-json\/wp\/v2\/pages\/7000\/revisions\/22529"}],"wp:attachment":[{"href":"https:\/\/www.home.dbrsp.de\/index.php\/wp-json\/wp\/v2\/media?parent=7000"}],"curies":[{"name":"wp","href":"https:\/\/api.w.org\/{rel}","templated":true}]}}