{"id":7029,"date":"2022-12-31T11:02:50","date_gmt":"2022-12-31T10:02:50","guid":{"rendered":"https:\/\/www.home.dbrsp.de\/?page_id=7029"},"modified":"2024-05-07T15:20:17","modified_gmt":"2024-05-07T13:20:17","slug":"anmeldung-5-10","status":"publish","type":"page","link":"https:\/\/www.home.dbrsp.de\/index.php\/anmeldung-5-10\/","title":{"rendered":"Wechsel in die Jahrgangsstufen 5-10"},"content":{"rendered":"\n\t\t<div id=\"fws_69f1fa6d82650\"  data-column-margin=\"default\" data-midnight=\"light\" data-top-percent=\"15%\" data-bottom-percent=\"13%\"  class=\"wpb_row vc_row-fluid vc_row full-width-section vc_row-o-equal-height vc_row-flex vc_row-o-content-bottom\"  style=\"padding-top: calc(100vw * 0.15); padding-bottom: calc(100vw * 0.13); \"><div class=\"row-bg-wrap\" data-bg-animation=\"none\" data-bg-animation-delay=\"\" data-bg-overlay=\"true\"><div class=\"inner-wrap row-bg-layer using-image\" ><div class=\"row-bg viewport-desktop using-image\"  style=\"background-image: url(https:\/\/www.home.dbrsp.de\/wp-content\/uploads\/2023\/02\/anmeldeung_background_1_1-scaled.jpg); background-position: center center; background-repeat: no-repeat; \"><\/div><\/div><div class=\"row-bg-overlay row-bg-layer\" style=\"background-color:rgba(10,10,10,0.6);  opacity: 0.3; \"><\/div><\/div><div class=\"row_col_wrap_12 col span_12 light left\">\n\t<div  class=\"vc_col-sm-12 wpb_column column_container vc_column_container col no-extra-padding inherit_tablet inherit_phone \"  data-padding-pos=\"all\" data-has-bg-color=\"false\" data-bg-color=\"\" data-bg-opacity=\"1\" data-animation=\"\" data-delay=\"0\" >\n\t\t<div class=\"vc_column-inner\" >\n\t\t\t<div class=\"wpb_wrapper\">\n\t\t\t\t<div class=\"nectar-split-heading  font_size_phone_35px \" data-align=\"default\" data-m-align=\"inherit\" data-text-effect=\"default\" data-animation-type=\"line-reveal-by-space\" data-animation-delay=\"0\" data-animation-offset=\"\" data-m-rm-animation=\"\" data-stagger=\"\" data-custom-font-size=\"false\" ><h1 >Wechsel in die Jahrgangsstufen 5-10<\/h1><\/div>\n\t\t\t<\/div> \n\t\t<\/div>\n\t<\/div> \n<\/div><\/div>\n\t\t<div id=\"fws_69f1fa6d82d37\"  data-column-margin=\"none\" data-midnight=\"dark\" data-top-percent=\"5%\"  class=\"wpb_row vc_row-fluid vc_row full-width-content vc_row-o-equal-height vc_row-flex vc_row-o-content-middle  right_padding_7pct left_padding_7pct top_padding_phone_3pct\"  style=\"padding-top: calc(100vw * 0.05); padding-bottom: 0px; \"><div class=\"row-bg-wrap\" data-bg-animation=\"none\" data-bg-animation-delay=\"\" data-bg-overlay=\"false\"><div class=\"inner-wrap row-bg-layer\" ><div class=\"row-bg viewport-desktop\"  style=\"\"><\/div><\/div><\/div><div class=\"row_col_wrap_12 col span_12 dark left\">\n\t<div  class=\"vc_col-sm-6 vc_hidden-sm vc_hidden-xs wpb_column column_container vc_column_container col no-extra-padding column_position_relative el_spacing_0px inherit_tablet inherit_phone \"  data-overlay-color=\"true\" data-padding-pos=\"all\" data-has-bg-color=\"false\" data-bg-color=\"\" data-bg-opacity=\"1\" data-animation=\"\" data-delay=\"0\" >\n\t\t<div class=\"vc_column-inner\" ><div class=\"column-bg-overlay-wrap column-bg-layer\" data-bg-animation=\"none\"><div class=\"column-bg-overlay\"><\/div><div class=\"column-overlay-layer\" style=\"\"><\/div><\/div>\n\t\t\t<div class=\"wpb_wrapper\">\n\t\t\t\t<div id=\"fws_69f1fa6d82ff9\" data-midnight=\"\" data-column-margin=\"default\" class=\"wpb_row vc_row-fluid vc_row inner_row\"  style=\"\"><div class=\"row-bg-wrap\"> <div class=\"row-bg\" ><\/div> <\/div><div class=\"row_col_wrap_12_inner col span_12  left\">\n\t<div style=\"\" class=\"vc_col-sm-12 vc_hidden-sm vc_hidden-xs wpb_column column_container vc_column_container col child_column bg_img_front top_padding_desktop_60vh top_padding_tablet_50vh top_padding_phone_40vh \"  data-using-bg=\"true\" data-border-radius=\"20px\" data-bg-cover=\"true\" data-padding-pos=\"all\" data-has-bg-color=\"false\" data-bg-color=\"\" data-bg-opacity=\"1\" data-animation=\"\" data-delay=\"0\" >\n\t\t<div class=\"vc_column-inner\" ><div class=\"column-image-bg-wrap column-bg-layer viewport-desktop\" data-n-parallax-bg=\"true\" data-parallax-speed=\"minimum\" data-bg-pos=\"center center\" data-bg-animation=\"none\" data-bg-overlay=\"false\"><div class=\"inner-wrap\"><div class=\"column-image-bg parallax-layer\" style=\" background-image: url('https:\/\/www.home.dbrsp.de\/wp-content\/uploads\/2022\/12\/anmeldung_5-10_image-scaled.jpg'); \"><\/div><\/div><\/div>\n\t\t<div class=\"wpb_wrapper\">\n\t\t\t\n\t\t<\/div> \n\t<\/div>\n\t<\/div> \n<\/div><\/div>\n\t\t\t<\/div> \n\t\t<\/div>\n\t<\/div> \n\n\t<div  class=\"vc_col-sm-6 wpb_column column_container vc_column_container col column_position_static el_spacing_30px left_padding_desktop_7vw \"  data-padding-pos=\"all\" data-has-bg-color=\"false\" data-bg-color=\"\" data-bg-opacity=\"1\" data-animation=\"\" data-delay=\"0\" >\n\t\t<div class=\"vc_column-inner\" >\n\t\t\t<div class=\"wpb_wrapper\">\n\t\t\t\t<div id=\"fws_69f1fa6d83838\" data-midnight=\"\" data-column-margin=\"none\" class=\"wpb_row vc_row-fluid vc_row inner_row  right_padding_5pct top_padding_tablet_8pct\"  style=\"\"><div class=\"row-bg-wrap\"> <div class=\"row-bg\" ><\/div> <\/div><div class=\"row_col_wrap_12_inner col span_12  left\">\n\t<div  class=\"vc_col-sm-12 wpb_column column_container vc_column_container col child_column no-extra-padding inherit_tablet inherit_phone \"   data-padding-pos=\"all\" data-has-bg-color=\"false\" data-bg-color=\"\" data-bg-opacity=\"1\" data-animation=\"\" data-delay=\"0\" >\n\t\t<div class=\"vc_column-inner\" >\n\t\t<div class=\"wpb_wrapper\">\n\t\t\t\n<div class=\"wpb_text_column wpb_content_element \" >\n\t<h3>Informationen und Hilfestellungen zum Schulwechsel<\/h3>\n<\/div>\n\n\n\n\n\t\t<\/div> \n\t<\/div>\n\t<\/div> \n<\/div><\/div><div id=\"fws_69f1fa6d83b4b\" data-midnight=\"\" data-column-margin=\"default\" class=\"wpb_row vc_row-fluid vc_row inner_row  right_padding_14pct\"  style=\"\"><div class=\"row-bg-wrap\"> <div class=\"row-bg\" ><\/div> <\/div><div class=\"row_col_wrap_12_inner col span_12  left\">\n\t<div  class=\"vc_col-sm-12 wpb_column column_container vc_column_container col child_column no-extra-padding inherit_tablet inherit_phone \"   data-padding-pos=\"all\" data-has-bg-color=\"false\" data-bg-color=\"\" data-bg-opacity=\"1\" data-animation=\"\" data-delay=\"0\" >\n\t\t<div class=\"vc_column-inner\" >\n\t\t<div class=\"wpb_wrapper\">\n\t\t\t\n<div class=\"wpb_text_column wpb_content_element  body_portfolio\" >\n\t<p>Die erste Schulwahl nach der Grundschule bedeutet keine abschlie\u00dfende Entscheidung \u00fcber die schulische Laufbahn des Kindes. Das bayerische Schulsystem er\u00f6ffnet jedem Kind einen individuellen Bildungsweg.<\/p>\n<p>Im Laufe eines Schullebens k\u00f6nnen sich die Leistungen von Kindern und Jugendlichen \u00e4ndern. Jede Sch\u00fclerin und jeder Sch\u00fcler erh\u00e4lt deshalb regelm\u00e4\u00dfig die M\u00f6glichkeit, ihren oder seinen Bildungsweg neuen Gegebenheiten und Zielen anzupassen.<\/p>\n<p>Am einfachsten gelingt ein Wechsel jedoch in den 5. und 6. Klassen, den sogenannten Gelenkklassen. Ab der 7. Klasse ver\u00e4ndern sich die Anforderungen in den Schularten stetig und bringen dadurch Themengebiete mit sich, die mit anderem Schwerpunkt oder gar nicht in der unterschiedlichen Schulart behandelt werden. Ein Nachlernen ist hier unerl\u00e4sslich, um an der Realschule gut Fu\u00df fassen zu k\u00f6nnen.<\/p>\n<p><strong><span style=\"color: #ed3b3b;\"><em>Bitte beachten Sie: Da die Pl\u00e4tze f\u00fcr die Aufnahme in Jahrgangsstufe 6-9 begrenzt sind, bitten wir Sie bis Mai eine Voranmeldung bei uns abzugeben.\u00a0<\/em><\/span><\/strong><\/p>\n<\/div>\n\n\n\n\n\t\t<\/div> \n\t<\/div>\n\t<\/div> \n<\/div><\/div>\n\t\t\t<\/div> \n\t\t<\/div>\n\t<\/div> \n<\/div><\/div>\n\t\t<div id=\"fws_69f1fa6d83d2d\"  data-column-margin=\"default\" data-midnight=\"dark\"  class=\"wpb_row vc_row-fluid vc_row full-width-section  bottom_padding_tablet_70px\"  style=\"padding-top: 100px; padding-bottom: 100px; \"><div class=\"row-bg-wrap\" data-bg-animation=\"none\" data-bg-animation-delay=\"\" data-bg-overlay=\"false\"><div class=\"inner-wrap row-bg-layer\" ><div class=\"row-bg viewport-desktop\"  style=\"\"><\/div><\/div><\/div><div class=\"row_col_wrap_12 col span_12 dark left\">\n\t<div  class=\"vc_col-sm-12 wpb_column column_container vc_column_container col no-extra-padding inherit_tablet inherit_phone \"  data-padding-pos=\"all\" data-has-bg-color=\"false\" data-bg-color=\"\" data-bg-opacity=\"1\" data-animation=\"\" data-delay=\"0\" >\n\t\t<div class=\"vc_column-inner\" >\n\t\t\t<div class=\"wpb_wrapper\">\n\t\t\t\t\n<div class=\"wpb_text_column wpb_content_element \" >\n\t<h2 class=\"title-heading-center fusion-responsive-typography-calculated\" data-fontsize=\"28\" data-lineheight=\"33.6px\">5.-10. Klasse (Schulwechsel aus Mittelschule und Gymnasium)<\/h2>\n<\/div>\n\n\n\n<div class=\"toggles \" data-br=\"\" data-starting=\"default\" data-style=\"minimal\"><div class=\"toggle default\" data-inner-wrap=\"true\"><h3 class=\"toggle-title\"><a href=\"#\" role=\"button\" class=\"toggle-heading\"><i role=\"presentation\" class=\"fa fa-plus\"><\/i>Wechsel in die Jahrgangsstufe 5<\/a><\/h3><div><div class=\"inner-toggle-wrap\">\n<div class=\"wpb_text_column wpb_content_element \" >\n\t<p><strong>Von der JGST 5 der Mittelschule:<\/strong><\/p>\n<p>F\u00fcr die Realschule ben\u00f6tigt die Sch\u00fclerin\/der Sch\u00fcler im Jahreszeugnis der JGST 5 einer \u00f6ffentlichen oder staatlich anerkannten Mittelschule in den F\u00e4chern Deutsch und Mathematik mindestens einen Notendurchschnitt von 2,5.<\/p>\n<p><strong>Von der JGST 5 des Gymnasiums:<\/strong><\/p>\n<p>\u00dcbertritt uneingeschr\u00e4nkt m\u00f6glich (in der Regel zu Beginn des Schuljahres).<\/p>\n<p>Quelle: Bayerisches Staatsministerium f\u00fcr Unterricht und Kultus<\/p>\n<\/div>\n\n\n\n<a class=\"nectar-button small regular accent-color  regular-button\"  role=\"button\" style=\"\" target=\"_blank\" href=\"https:\/\/www.km.bayern.de\/eltern\/schularten\/uebertritt-schulartwechsel.html#:~:text=F%C3%BCr%20die%20Realschule%20ben%C3%B6tigt%20die,einen%20Notendurchschnitt%20von%202%2C5.&#038;text=%C3%9Cbertritt%20uneingeschr%C3%A4nkt%20m%C3%B6glich%20(in%20der%20Regel%20zu%20Beginn%20des%20Schuljahres)\" data-color-override=\"false\" data-hover-color-override=\"false\" data-hover-text-color-override=\"#fff\"><span>Quelle Staatsministerium<\/span><\/a><\/div><\/div><\/div><div class=\"toggle default\" data-inner-wrap=\"true\"><h3 class=\"toggle-title\"><a href=\"#\" role=\"button\" class=\"toggle-heading\"><i role=\"presentation\" class=\"fa fa-plus\"><\/i>Wechsel in die Jahrgangstufe 6<\/a><\/h3><div><div class=\"inner-toggle-wrap\">\n<div class=\"wpb_text_column wpb_content_element \" >\n\t<p><strong>Von der JGST 5 der Mittelschule:<\/strong><\/p>\n<p>F\u00fcr den \u00dcbertritt von der JGST 5 der Mittelschule in die JGST 6 der Realschule: Im Jahreszeugnis der Mittelschule in den F\u00e4chern Deutsch, Englisch und Mathematik eine Durchschnittsnote von mindestens 2,0 und bestandene Probezeit. Auch mit einem schlechteren Notendurchschnitt kann nach einer erfolgreichen Aufnahmepr\u00fcfung und mit Probezeit ein \u00dcbertritt an die Realschule erfolgen.<\/p>\n<p>&nbsp;<\/p>\n<p><strong>Von der JGST 5 des Gymnasiums:<\/strong><\/p>\n<p>Bei Vorr\u00fcckungserlaubnis in die JGST 6: \u00dcbertritt uneingeschr\u00e4nkt m\u00f6glich. In allen anderen F\u00e4llen: Entscheidung durch die aufnehmende Realschule zur Frage des Vorr\u00fcckens oder Wiederholens.<\/p>\n<p>&nbsp;<\/p>\n<p><strong>Von der JGST 6 des Gymnasiums:<\/strong><\/p>\n<p>\u00dcbertritt uneingeschr\u00e4nkt m\u00f6glich (Ausnahme: Wiederholungsverbot nach Art. 53 Abs. 3 BayEUG).<\/p>\n<p>&nbsp;<\/p>\n<p>Quelle: Bayerisches Staatsministerium f\u00fcr Unterricht und Kultus<\/p>\n<\/div>\n\n\n\n<a class=\"nectar-button small regular accent-color  regular-button\"  role=\"button\" style=\"\" target=\"_blank\" href=\"https:\/\/www.km.bayern.de\/eltern\/schularten\/uebertritt-schulartwechsel.html#:~:text=F%C3%BCr%20die%20Realschule%20ben%C3%B6tigt%20die,einen%20Notendurchschnitt%20von%202%2C5.&#038;text=%C3%9Cbertritt%20uneingeschr%C3%A4nkt%20m%C3%B6glich%20(in%20der%20Regel%20zu%20Beginn%20des%20Schuljahres)\" data-color-override=\"false\" data-hover-color-override=\"false\" data-hover-text-color-override=\"#fff\"><span>Quelle Staatsministerium<\/span><\/a><\/div><\/div><\/div><div class=\"toggle default\" data-inner-wrap=\"true\"><h3 class=\"toggle-title\"><a href=\"#\" role=\"button\" class=\"toggle-heading\"><i role=\"presentation\" class=\"fa fa-plus\"><\/i>Wechsel in die Jahrgangstufen 7-9<\/a><\/h3><div><div class=\"inner-toggle-wrap\">\n<div class=\"wpb_text_column wpb_content_element \" >\n\t<p><strong>Von der Mittelschule:<\/strong><\/p>\n<p>Durchschnittsnote aus Deutsch, Mathematik, Englisch (Jahreszeugnis) bis 2,0 und bestandene Probezeit: \u00dcbertritt m\u00f6glich (Entscheidung der Eltern nach Beratung).<\/p>\n<p>In allen anderen F\u00e4llen: \u00dcbertritt m\u00f6glich nach bestandener Aufnahmepr\u00fcfung und Probezeit.<\/p>\n<p>&nbsp;<\/p>\n<p><strong>Vom Gymnasium:<\/strong><\/p>\n<p>Bei Vorr\u00fcckungserlaubnis in die n\u00e4chsth\u00f6here Jahrgangsstufe: \u00dcbertritt uneingeschr\u00e4nkt m\u00f6glich.<\/p>\n<p>In allen anderen F\u00e4llen Beratung durch die aufnehmende Realschule.<\/p>\n<p>&nbsp;<\/p>\n<p><strong>Von der Wirtschaftsschule oder M-Klassen der Mittelschule:<\/strong><\/p>\n<p>Bei Vorr\u00fcckungserlaubnis in die n\u00e4chsth\u00f6here Jahrgangsstufe: \u00dcbertritt mit Probezeit m\u00f6glich.<\/p>\n<p>In allen anderen F\u00e4llen Beratung durch die aufnehmende Realschule.<\/p>\n<p>&nbsp;<\/p>\n<p><strong>Bitte beachten Sie:<\/strong><\/p>\n<p>Ab der 7. Klasse ver\u00e4ndern sich die Anforderungen in den Schularten stetig und bringen dadurch Themengebiete mit sich, die mit anderem Schwerpunkt oder gar nicht in der unterschiedlichen Schulart behandelt werden. Der nachzulernende Stoff h\u00e4ngt vor allem von der Wahlpflichtf\u00e4chergruppe ab. In jedem Fall ist jedoch ein Nachlernen unerl\u00e4sslich, um an der Realschule gut Fu\u00df fassen zu k\u00f6nnen. Vor allem in den h\u00f6heren Jahrgangsstufen ist ein Wechsel aus dem Gymnasium oft nicht mehr anzuraten, da aufgrund des Nachlernens nicht die gew\u00fcnschte Arbeitserleichterung f\u00fcr die Sch\u00fclerinnen oder den Sch\u00fcler erzielt werden kann.<\/p>\n<p>&nbsp;<\/p>\n<p>Quelle: Bayerisches Staatsministerium f\u00fcr Unterricht und Kultus<\/p>\n<\/div>\n\n\n\n<a class=\"nectar-button small regular accent-color  regular-button\"  role=\"button\" style=\"\" target=\"_blank\" href=\"https:\/\/www.km.bayern.de\/eltern\/schularten\/uebertritt-schulartwechsel.html#:~:text=F%C3%BCr%20die%20Realschule%20ben%C3%B6tigt%20die,einen%20Notendurchschnitt%20von%202%2C5.&#038;text=%C3%9Cbertritt%20uneingeschr%C3%A4nkt%20m%C3%B6glich%20(in%20der%20Regel%20zu%20Beginn%20des%20Schuljahres)\" data-color-override=\"false\" data-hover-color-override=\"false\" data-hover-text-color-override=\"#fff\"><span>Quelle Staatsministerium<\/span><\/a><\/div><\/div><\/div><div class=\"toggle default\" data-inner-wrap=\"true\"><h3 class=\"toggle-title\"><a href=\"#\" role=\"button\" class=\"toggle-heading\"><i role=\"presentation\" class=\"fa fa-plus\"><\/i>Wechsel in die Jahrgangstufe 10<\/a><\/h3><div><div class=\"inner-toggle-wrap\">\n<div class=\"wpb_text_column wpb_content_element \" >\n\t<p>Nur m\u00f6glich nach bestandener Aufnahmepr\u00fcfung und Probezeit.<br \/>\nDie Aufnahmepr\u00fcfung entf\u00e4llt bei der Aufnahme von Sch\u00fclerinnen und Sch\u00fclern \u00f6ffentlicher oder staatlich anerkannter Gymnasien, Wirtschaftsschulen und Mittlerer-Reife-Klassen der Mittelschulen, wenn diesen die Erlaubnis zum Vorr\u00fccken oder zum Vorr\u00fccken auf Probe in die n\u00e4chsth\u00f6here Jahrgangsstufe erteilt wurde oder deren Jahreszeugnis in Vorr\u00fcckungsf\u00e4chern, die auch in der entsprechenden Jahrgangsstufe der Realschule unterrichtet werden, nicht mehr als einmal die Note 5 aufweist.<\/p>\n<p>&nbsp;<\/p>\n<p><strong>Ein Wechsel in die 10. Jahrgangsstufe ist in den meisten F\u00e4llen nicht mehr anzuraten.<\/strong><\/p>\n<p>&nbsp;<\/p>\n<p>Quelle: Bayerisches Staatsministerium f\u00fcr Unterricht und Kultus<\/p>\n<\/div>\n\n\n\n<a class=\"nectar-button small regular accent-color  regular-button\"  role=\"button\" style=\"\" target=\"_blank\" href=\"https:\/\/www.km.bayern.de\/eltern\/schularten\/uebertritt-schulartwechsel.html#:~:text=F%C3%BCr%20die%20Realschule%20ben%C3%B6tigt%20die,einen%20Notendurchschnitt%20von%202%2C5.&#038;text=%C3%9Cbertritt%20uneingeschr%C3%A4nkt%20m%C3%B6glich%20(in%20der%20Regel%20zu%20Beginn%20des%20Schuljahres)\" data-color-override=\"false\" data-hover-color-override=\"false\" data-hover-text-color-override=\"#fff\"><span>Quelle Staatsministerium<\/span><\/a><\/div><\/div><\/div><div class=\"toggle default\" data-inner-wrap=\"true\"><h3 class=\"toggle-title\"><a href=\"#\" role=\"button\" class=\"toggle-heading\"><i role=\"presentation\" class=\"fa fa-plus\"><\/i>Informationen zum \u00dcbertritt von Gymnasium an die Realschule<\/a><\/h3><div><div class=\"inner-toggle-wrap\">\n<div class=\"wpb_text_column wpb_content_element \" >\n\t<p>Sollten Sie n\u00e4here Informationen zu den Wahlpflichtf\u00e4chergruppen ben\u00f6tigen, dann finden Sie diese hier:<\/p>\n<\/div>\n\n\n\n<a class=\"nectar-button medium regular accent-color  regular-button\"  role=\"button\" style=\"\"  href=\"https:\/\/www.home.dbrsp.de\/index.php\/wahlpflichtfaecher\/\" data-color-override=\"false\" data-hover-color-override=\"false\" data-hover-text-color-override=\"#fff\"><span>Wahlpflichtf\u00e4cher<\/span><\/a>\n<div class=\"wpb_text_column wpb_content_element \" >\n\t<p>In dem folgenden Dokument finden Sie weitere Informationen, die bei einem Wechsel in den h\u00f6heren Jahrgangsstufen, vom Gymnasium auf die Realschule zu beachten sind.<\/p>\n<\/div>\n\n\n\n<a class=\"nectar-button medium see-through-2  has-icon\"  role=\"button\" style=\"\" target=\"_blank\" href=\"https:\/\/www.home.dbrsp.de\/wp-content\/uploads\/2023\/01\/Wichtiges-zum-Wechsel-vom-Gymnasium-auf-die-Realschule.pdf\" data-color-override=\"false\" data-hover-color-override=\"false\" data-hover-text-color-override=\"#ffffff\"><span>Download - Info Wechsel<\/span><i  class=\"icon-button-arrow\"><\/i><\/a><\/div><\/div><\/div><div class=\"toggle default\" data-inner-wrap=\"true\"><h3 class=\"toggle-title\"><a href=\"#\" role=\"button\" class=\"toggle-heading\"><i role=\"presentation\" class=\"fa fa-plus\"><\/i>Anmeldung f\u00fcr den \u00dcbertritt aus Mittelschule oder Gymnasium<\/a><\/h3><div><div class=\"inner-toggle-wrap\">\n<div class=\"wpb_text_column wpb_content_element \" >\n\t<p>Wenn Sie Ihr Kind an unserer Schule <strong>voranmelden<\/strong> m\u00f6chten, kontaktieren Sie bitte unsere Beratungslehrkraft \u00fcber die nachfolgende <strong><a href=\"https:\/\/www.home.dbrsp.de\/index.php\/schulwechsel-anfrage\/\">Schulwechselanfrage<\/a><\/strong>.<\/p>\n<p>Im Anschluss \u00fcbermitteln wir Ihnen das entsprechende Anmeldeblatt digital.<\/p>\n<p>Leider k\u00f6nnen wir Ihnen keinen Platz an unserer Schule garantieren. Aus diesem Grund werden wir Sie im Laufe der ersten Sommerferienwoche telefonisch oder per E-Mail informieren, ob wir Ihnen einen Platz anbieten k\u00f6nnen oder nicht. Sollten Sie eine Zusage von uns erhalten, ben\u00f6tigen wir innerhalb der ersten Sommerferienwoche die restlichen Anmeldeunterlagen, die wir Ihnen dann per E-Mail zukommen lassen.<\/p>\n<\/div>\n\n\n\n<\/div><\/div><\/div><\/div>\n\t\t\t<\/div> \n\t\t<\/div>\n\t<\/div> \n<\/div><\/div>\n\t\t<div id=\"home\"  data-column-margin=\"default\" data-midnight=\"dark\" data-bottom-percent=\"4%\"  class=\"wpb_row vc_row-fluid vc_row full-width-content has-row-bg-color vc_row-o-equal-height vc_row-flex vc_row-o-content-middle  bottom_padding_tablet_2pct\"  style=\"padding-top: 0px; padding-bottom: calc(100vw * 0.04); --row-bg-color: #ffffff;\"><div class=\"row-bg-wrap\" data-bg-animation=\"none\" data-bg-animation-delay=\"\" data-bg-overlay=\"false\"><div class=\"inner-wrap row-bg-layer\" ><div class=\"row-bg viewport-desktop using-bg-color\"  style=\"background-color: #ffffff; \"><\/div><\/div><\/div><div class=\"row_col_wrap_12 col span_12 dark left\">\n\t<div  class=\"vc_col-sm-3 vc_hidden-sm vc_col-xs-12 vc_hidden-xs wpb_column column_container vc_column_container col no-extra-padding force-desktop-text-align-center right_margin_tablet_auto right_margin_phone_auto left_margin_tablet_auto left_margin_phone_auto inherit_tablet inherit_phone max_width_tablet_600px max_width_phone_420px \"  data-padding-pos=\"all\" data-has-bg-color=\"false\" data-bg-color=\"\" data-bg-opacity=\"1\" data-animation=\"\" data-delay=\"0\" >\n\t\t<div class=\"vc_column-inner\" >\n\t\t\t<div class=\"wpb_wrapper\">\n\t\t\t\t<div class=\"nectar_icon_wrap translate_x_desktop_50pct \" data-style=\"default\" data-padding=\"20px\" data-color=\"accent-color\" style=\"\" >\n\t\t<div class=\"nectar_icon\" ><i style=\"font-size: 160px; line-height: 160px; height: 160px; width: 160px;\" class=\"fa fa-question-circle\"><\/i><\/div>\n\t<\/div>\n\t\t\t<\/div> \n\t\t<\/div>\n\t<\/div> \n\n\t<div style=\"z-index: 100; \" class=\"vc_col-sm-9 vc_col-xs-12 wpb_column column_container vc_column_container col padding-7-percent max_width_desktop_1000px top_margin_tablet_40px right_margin_tablet_auto right_margin_phone_auto left_margin_tablet_auto left_margin_phone_auto no-extra-padding_tablet no-extra-padding_phone max_width_tablet_600px max_width_phone_420px \"  data-padding-pos=\"left-right\" data-has-bg-color=\"false\" data-bg-color=\"\" data-bg-opacity=\"1\" data-animation=\"\" data-delay=\"0\" >\n\t\t<div class=\"vc_column-inner\" >\n\t\t\t<div class=\"wpb_wrapper\">\n\t\t\t\t<div id=\"fws_69f1fa6d855a5\" data-midnight=\"\" data-column-margin=\"40px\" class=\"wpb_row vc_row-fluid vc_row inner_row\"  style=\"\"><div class=\"row-bg-wrap\"> <div class=\"row-bg\" ><\/div> <\/div><div class=\"row_col_wrap_12_inner col span_12  left\">\n\t<div  class=\"vc_col-sm-12 wpb_column column_container vc_column_container col child_column no-extra-padding inherit_tablet inherit_phone \"   data-padding-pos=\"all\" data-has-bg-color=\"false\" data-bg-color=\"\" data-bg-opacity=\"1\" data-animation=\"\" data-delay=\"0\" >\n\t\t<div class=\"vc_column-inner\" >\n\t\t<div class=\"wpb_wrapper\">\n\t\t\t\n<div class=\"wpb_text_column wpb_content_element  vc_custom_1672484964100\" >\n\t<h2>Schulwechselanfrage<\/h2>\n<\/div>\n\n\n\n\n<div class=\"wpb_text_column wpb_content_element \" >\n\t<p>Sollten Sie sich mit dem Gedanken tragen, ein Schulwechsel an die Dominik-Brunner-Realschule k\u00f6nnte das Richtige f\u00fcr Ihr Kind sein, sind sich diesbez\u00fcglich aber noch unsicher, dann stehen Ihnen zwei Wege offen:<\/p>\n<ul>\n<li>Ein Beratungsgespr\u00e4ch an der Schule Ihres Kindes mit der Beratungslehrkraft vor Ort. Diese kann eine individuelle Einsch\u00e4tzung zu Ihrem Kind abgeben, da dieser der Kontakt zu den unterrichtenden Lehrkr\u00e4ften und der derzeitige Notenstand vorliegt.<\/li>\n<li>Ein Beratungsgespr\u00e4ch an der Dominik Brunner Realschule. Frau Lauterbach gibt Ihnen gerne Auskunft \u00fcber das Prozedere eines Schulwechsels, die verschiedenen Aufnahmem\u00f6glichkeiten, die Wahlpflichtf\u00e4chergruppen an der Realschule oder den nachzulernenden Stoff bei einem Wechsel. F\u00fcllen Sie das Kontaktformular aus, Sie erhalten zeitnah einen R\u00fcckruf.<\/li>\n<\/ul>\n<\/div>\n\n\n\n\n\t\t<\/div> \n\t<\/div>\n\t<\/div> \n<\/div><\/div><div id=\"fws_69f1fa6d857d5\" data-midnight=\"\" data-column-margin=\"default\" class=\"wpb_row vc_row-fluid vc_row inner_row  bottom_padding_tablet_40px bottom_padding_phone_40px\"  style=\"padding-bottom: 0px; \"><div class=\"row-bg-wrap\"> <div class=\"row-bg\" ><\/div> <\/div><div class=\"row_col_wrap_12_inner col span_12  left\">\n\t<div  class=\"vc_col-sm-12 wpb_column column_container vc_column_container col child_column no-extra-padding inherit_tablet inherit_phone \"   data-padding-pos=\"all\" data-has-bg-color=\"false\" data-bg-color=\"\" data-bg-opacity=\"1\" data-animation=\"\" data-delay=\"0\" >\n\t\t<div class=\"vc_column-inner\" >\n\t\t<div class=\"wpb_wrapper\">\n\t\t\t<div class=\"nectar-cta  alignment_tablet_default alignment_phone_default display_tablet_inherit display_phone_inherit \" data-color=\"accent-color\" data-using-bg=\"true\" data-style=\"arrow-animation\" data-display=\"block\" data-alignment=\"left\" data-text-color=\"custom\" style=\"--nectar-text-color: #ffffff; --nectar-button-color: var(--nectar-accent-color); --nectar-icon-gap: 10px; \"><h6 style=\"color: #ffffff;\"><span class=\"link_wrap\" style=\"padding-top: 15px; padding-right: 35px; padding-bottom: 15px; padding-left: 35px;\"><a  class=\"link_text\" role=\"button\" href=\"https:\/\/www.home.dbrsp.de\/index.php\/schulwechsel-anfrage\/\"><span class=\"text\">Schulwechselanfrage<\/span><svg class=\"next-arrow\" aria-hidden=\"true\" width=\"20px\" height=\"25px\" viewBox=\"0 0 50 80\" xml:space=\"preserve\">\n  <polyline stroke=\"#ffffff\" stroke-width=\"9\" fill=\"none\" stroke-linecap=\"round\" stroke-linejoin=\"round\" points=\"0, 0 45, 40 0, 80\"\/>\n  <\/svg>  <span aria-hidden=\"true\" class=\"line\"  style=\"background-color: #ffffff;\"><\/span> <\/a><\/span><\/h6><\/div>\n\t\t<\/div> \n\t<\/div>\n\t<\/div> \n<\/div><\/div>\n\t\t\t<\/div> \n\t\t<\/div>\n\t<\/div> \n<\/div><\/div>\n","protected":false},"excerpt":{"rendered":"Wechsel in die Jahrgangsstufen 5-10 Informationen und Hilfestellungen zum Schulwechsel Die erste Schulwahl nach der Grundschule bedeutet keine abschlie\u00dfende Entscheidung \u00fcber die schulische Laufbahn des Kindes. Das bayerische Schulsystem er\u00f6ffnet...","protected":false},"author":6,"featured_media":0,"parent":0,"menu_order":0,"comment_status":"closed","ping_status":"closed","template":"","meta":{"inline_featured_image":false,"footnotes":""},"class_list":["post-7029","page","type-page","status-publish"],"_links":{"self":[{"href":"https:\/\/www.home.dbrsp.de\/index.php\/wp-json\/wp\/v2\/pages\/7029","targetHints":{"allow":["GET"]}}],"collection":[{"href":"https:\/\/www.home.dbrsp.de\/index.php\/wp-json\/wp\/v2\/pages"}],"about":[{"href":"https:\/\/www.home.dbrsp.de\/index.php\/wp-json\/wp\/v2\/types\/page"}],"author":[{"embeddable":true,"href":"https:\/\/www.home.dbrsp.de\/index.php\/wp-json\/wp\/v2\/users\/6"}],"replies":[{"embeddable":true,"href":"https:\/\/www.home.dbrsp.de\/index.php\/wp-json\/wp\/v2\/comments?post=7029"}],"version-history":[{"count":64,"href":"https:\/\/www.home.dbrsp.de\/index.php\/wp-json\/wp\/v2\/pages\/7029\/revisions"}],"predecessor-version":[{"id":22609,"href":"https:\/\/www.home.dbrsp.de\/index.php\/wp-json\/wp\/v2\/pages\/7029\/revisions\/22609"}],"wp:attachment":[{"href":"https:\/\/www.home.dbrsp.de\/index.php\/wp-json\/wp\/v2\/media?parent=7029"}],"curies":[{"name":"wp","href":"https:\/\/api.w.org\/{rel}","templated":true}]}}