{"id":7129,"date":"2022-12-31T14:51:57","date_gmt":"2022-12-31T13:51:57","guid":{"rendered":"https:\/\/www.home.dbrsp.de\/?page_id=7129"},"modified":"2026-03-10T12:47:06","modified_gmt":"2026-03-10T11:47:06","slug":"anschlusswege-nach-der-10-klasse","status":"publish","type":"page","link":"https:\/\/www.home.dbrsp.de\/index.php\/anschlusswege-nach-der-10-klasse\/","title":{"rendered":"Anschlusswege nach der 10. Klasse"},"content":{"rendered":"\n\t\t<div id=\"fws_69e88dddc130c\"  data-column-margin=\"default\" data-midnight=\"light\" data-top-percent=\"15%\" data-bottom-percent=\"13%\"  class=\"wpb_row vc_row-fluid vc_row full-width-section vc_row-o-equal-height vc_row-flex vc_row-o-content-bottom\"  style=\"padding-top: calc(100vw * 0.15); padding-bottom: calc(100vw * 0.13); \"><div class=\"row-bg-wrap\" data-bg-animation=\"none\" data-bg-animation-delay=\"\" data-bg-overlay=\"true\"><div class=\"inner-wrap row-bg-layer using-image\" ><div class=\"row-bg viewport-desktop using-image\"  style=\"background-image: url(https:\/\/www.home.dbrsp.de\/wp-content\/uploads\/2022\/12\/abschlusswege_background-scaled.jpg); background-position: center center; background-repeat: no-repeat; \"><\/div><\/div><div class=\"row-bg-overlay row-bg-layer\" style=\"background-color:rgba(10,10,10,0.5);  opacity: 0.3; \"><\/div><\/div><div class=\"row_col_wrap_12 col span_12 light left\">\n\t<div  class=\"vc_col-sm-12 wpb_column column_container vc_column_container col no-extra-padding inherit_tablet inherit_phone flex_gap_desktop_10px \"  data-padding-pos=\"all\" data-has-bg-color=\"false\" data-bg-color=\"\" data-bg-opacity=\"1\" data-animation=\"\" data-delay=\"0\" >\n\t\t<div class=\"vc_column-inner\" >\n\t\t\t<div class=\"wpb_wrapper\">\n\t\t\t\t<div class=\"nectar-split-heading  font_size_phone_35px \" data-align=\"default\" data-m-align=\"inherit\" data-text-effect=\"default\" data-animation-type=\"line-reveal-by-space\" data-animation-delay=\"0\" data-animation-offset=\"\" data-m-rm-animation=\"\" data-stagger=\"\" data-custom-font-size=\"false\" ><h1 >Anschlusswege nach der 10. Klasse<\/h1><\/div>\n\t\t\t<\/div> \n\t\t<\/div>\n\t<\/div> \n<\/div><\/div>\n\t\t<div id=\"features\"  data-column-margin=\"default\" data-midnight=\"dark\" data-top-percent=\"7%\" data-bottom-percent=\"10%\"  class=\"wpb_row vc_row-fluid vc_row full-width-content has-row-bg-color vc_row-o-equal-height vc_row-flex vc_row-o-content-top  zindex-set right_padding_6pct left_padding_6pct top_padding_phone_25pct right_padding_tablet_8pct right_padding_phone_24px left_padding_tablet_8pct left_padding_phone_24px\"  style=\"padding-top: calc(100vw * 0.07); padding-bottom: calc(100vw * 0.10);  z-index: 10;--row-bg-color: #ffffff;\"><div class=\"row-bg-wrap\" data-bg-animation=\"none\" data-bg-animation-delay=\"\" data-bg-overlay=\"false\"><div class=\"inner-wrap row-bg-layer\" ><div class=\"row-bg viewport-desktop using-bg-color\"  style=\"background-color: #ffffff; \"><\/div><\/div><\/div><div class=\"row_col_wrap_12 col span_12 dark left\">\n\t<div  class=\"vc_col-sm-12 wpb_column column_container vc_column_container col no-extra-padding inherit_tablet inherit_phone flex_gap_desktop_10px \"  data-padding-pos=\"all\" data-has-bg-color=\"false\" data-bg-color=\"\" data-bg-opacity=\"1\" data-animation=\"\" data-delay=\"0\" >\n\t\t<div class=\"vc_column-inner\" >\n\t\t\t<div class=\"wpb_wrapper\">\n\t\t\t\t<div class=\"nectar-sticky-media-sections media-width-60pct media-height-75vh content-spacing-45vh content-position-right mobile-aspect-ratio-4-3 media-border-radius-15px\" style=\"--section-count:1\"><div class=\"nectar-sticky-media-section__featured-media\"><div class=\"nectar-sticky-media-section__media-wrap active\"><div class=\"nectar-sticky-media-section__media\" style=\"background-image:url(https:\/\/www.home.dbrsp.de\/wp-content\/uploads\/2022\/12\/abschlusswege_image_1.jpg)\" data-type=\"image\"><\/div><\/div><\/div><div class=\"nectar-sticky-media-section__content\"><div class=\"nectar-sticky-media-section__content-section\"><div class=\"nectar-sticky-media-content__media-wrap\"><div class=\"nectar-sticky-media-section__media\" style=\"background-image:url(https:\/\/www.home.dbrsp.de\/wp-content\/uploads\/2022\/12\/abschlusswege_image_1.jpg)\" data-type=\"image\"><\/div><\/div><div id=\"fws_69e88dddc2937\" data-midnight=\"\" data-column-margin=\"default\" class=\"wpb_row vc_row-fluid vc_row inner_row  top_padding_tablet_0px\"  style=\"padding-top: 15vh; \"><div class=\"row-bg-wrap\"> <div class=\"row-bg\" ><\/div> <\/div><div class=\"row_col_wrap_12_inner col span_12  left\">\n\t<div  class=\"vc_col-sm-12 wpb_column column_container vc_column_container col child_column no-extra-padding inherit_tablet inherit_phone flex_gap_desktop_10px \"   data-padding-pos=\"all\" data-has-bg-color=\"false\" data-bg-color=\"\" data-bg-opacity=\"1\" data-animation=\"\" data-delay=\"0\" >\n\t\t<div class=\"vc_column-inner\" >\n\t\t<div class=\"wpb_wrapper\">\n\t\t\t<div class=\"nectar-split-heading  font_size_2vw \" data-align=\"default\" data-m-align=\"inherit\" data-text-effect=\"none\" data-animation-type=\"line-reveal-by-space\" data-animation-delay=\"0\" data-animation-offset=\"\" data-m-rm-animation=\"\" data-stagger=\"true\" data-custom-font-size=\"true\" style=\"font-size: 2vw; line-height: 2.2vw;\"><h2 >Anschlusswege nach der 10. Klasse<\/h2><\/div><div class=\"nectar-responsive-text font_size_min_16px font_size_max_20px font_size_desktop_0vw font_line_height_1-5 nectar-link-underline-effect\"><p>Nach dem Abschluss der Mittleren Reife stehen den Sch\u00fclern verschiedene Wege offen. Im Folgenden haben wir Ihnen \/ Euch einige wichtige Informationen zusammengestellt.<\/p>\n<p><span><em><strong><span style=\"color: #283655\">Wie geht es nach der <span>Schule<\/span> weiter? Hier geht es zu einer TaskCard mit umfangreichen Informationen rund um das Thema berufliche Orientierung:<\/span><\/strong><\/em><\/span><\/p>\n<\/div><a class=\"nectar-button medium regular accent-color  regular-button\"  role=\"button\" style=\"\" target=\"_blank\" href=\"https:\/\/mzebe.taskcards.app\/#\/board\/71a80eee-39ae-448e-a406-8850d1c0cdad\" data-color-override=\"false\" data-hover-color-override=\"false\" data-hover-text-color-override=\"#fff\"><span>TaskCard zur Berufsorientierung<\/span><\/a><div class=\"divider-wrap height_phone_25px \" data-alignment=\"default\"><div style=\"margin-top: 47.5px; height: 1px; margin-bottom: 47.5px;\" data-width=\"100%\" data-animate=\"\" data-animation-delay=\"\" data-color=\"default\" class=\"divider-border\"><\/div><\/div><div class=\"nectar-split-heading  font_size_2vw \" data-align=\"default\" data-m-align=\"inherit\" data-text-effect=\"none\" data-animation-type=\"line-reveal-by-space\" data-animation-delay=\"0\" data-animation-offset=\"\" data-m-rm-animation=\"\" data-stagger=\"true\" data-custom-font-size=\"true\" style=\"font-size: 2vw; line-height: 2.2vw;\"><h3 >1. Berufsausbildung im dualen System<\/h3><\/div><div class=\"nectar-responsive-text font_size_min_16px font_size_max_20px font_size_desktop_0vw font_line_height_1-5 nectar-link-underline-effect\"><p>Nach dem Realschulabschluss (\u201eMittlerer Bildungsabschluss\u201c) ist ein direkter Eintritt in das Berufsleben m\u00f6glich. Viele Sch\u00fclerinnen und Sch\u00fcler w\u00e4hlen in der Regel den Weg mit einer Berufsausbildung im dualen System, also eine Kombination aus \u201eAusbildungsbetrieb\u201c und \u201eBerufsschule\u201c.<\/p>\n<p>Was viele nicht wissen: Auch \u00fcber diesen Weg kann man direkt die allgemeine Hochschulreife erwerben und sp\u00e4ter studieren \u2013 wenn man das m\u00f6chte. Angesichts der aktuellen Ausbildungsplatz- und Besch\u00e4ftigungssituation k\u00f6nnen wir diesen Weg sehr empfehlen. Es werden in vielen Fachbereichen Experten gesucht!<\/p>\n<\/div><div class=\"divider-wrap height_phone_25px \" data-alignment=\"default\"><div style=\"margin-top: 47.5px; height: 1px; margin-bottom: 47.5px;\" data-width=\"100%\" data-animate=\"\" data-animation-delay=\"\" data-color=\"default\" class=\"divider-border\"><\/div><\/div><div class=\"nectar-split-heading  font_size_2vw \" data-align=\"default\" data-m-align=\"inherit\" data-text-effect=\"none\" data-animation-type=\"line-reveal-by-space\" data-animation-delay=\"0\" data-animation-offset=\"\" data-m-rm-animation=\"\" data-stagger=\"true\" data-custom-font-size=\"true\" style=\"font-size: 2vw; line-height: 2.2vw;\"><h3 >2. Eintritt in die Berufliche Oberschule<\/h3><\/div><div class=\"nectar-responsive-text font_size_min_16px font_size_max_20px font_size_desktop_0vw font_line_height_1-5 nectar-link-underline-effect\"><p>Einige Sch\u00fclerinnen und Sch\u00fcler planen die Fortsetzung ihrer schulischen Ausbildung im beruflichen Bereich. Dies geschieht mit dem&nbsp;<strong>Eintritt in eine berufliche Oberschule<\/strong>&nbsp;(Fachoberschule mit den verschiedenen Ausbildungsrichtungen). Hierzu muss man bestimmte Zulassungsvoraussetzungen erf\u00fcllen. Dieser Weg empfiehlt sich f\u00fcr Sch\u00fclerinnen und Sch\u00fcler, die auch weiterhin gerne zur Schule gehen und bereit \/ in der Lage sind, gute bis sehr gute Leistungen zu erbringen. Denn auch hier gilt, dass Leistung und ein gutes Zeugnis z\u00e4hlen.<\/p>\n<p>Die berufliche Oberschule dient keinesfalls der \u201eZeit\u00fcberbr\u00fcckung\u201c, \u201aweil man noch nicht wei\u00df, welchen Beruf man mal ergreifen m\u00f6chte\u2018. F\u00fcr jemanden, der schon am Ende seiner Realschulzeit keine Lust mehr auf Lernen, Hausaufgaben usw. versp\u00fcrt, empfehlen wir dringend, sich in einer Berufsausbildung zu versuchen und sein erstes, eigenes Geld zu verdienen.<\/p>\n<\/div>\n\t\t<\/div> \n\t<\/div>\n\t<\/div> \n<\/div><\/div><\/div><\/div><\/div>\n\t\t\t<\/div> \n\t\t<\/div>\n\t<\/div> \n<\/div><\/div>\n\t\t<div id=\"fws_69e88dddc33ed\"  data-column-margin=\"default\" data-midnight=\"dark\"  class=\"wpb_row vc_row-fluid vc_row\"  style=\"padding-top: 0px; padding-bottom: 0px; \"><div class=\"row-bg-wrap\" data-bg-animation=\"none\" data-bg-animation-delay=\"\" data-bg-overlay=\"false\"><div class=\"inner-wrap row-bg-layer\" ><div class=\"row-bg viewport-desktop\"  style=\"\"><\/div><\/div><\/div><div class=\"row_col_wrap_12 col span_12 dark left\">\n\t<div  class=\"vc_col-sm-12 wpb_column column_container vc_column_container col no-extra-padding inherit_tablet inherit_phone flex_gap_desktop_10px \"  data-padding-pos=\"all\" data-has-bg-color=\"false\" data-bg-color=\"\" data-bg-opacity=\"1\" data-animation=\"\" data-delay=\"0\" >\n\t\t<div class=\"vc_column-inner\" >\n\t\t\t<div class=\"wpb_wrapper\">\n\t\t\t\t<div class=\"nectar-split-heading \" data-align=\"default\" data-m-align=\"inherit\" data-text-effect=\"default\" data-animation-type=\"line-reveal-by-space\" data-animation-delay=\"0\" data-animation-offset=\"\" data-m-rm-animation=\"\" data-stagger=\"\" data-custom-font-size=\"false\" ><h2 >M\u00f6gliche Fachoberschulen in unserer N\u00e4he:<\/h2><\/div>\n<div class=\"wpb_text_column wpb_content_element \" >\n\t\n<table id=\"tablepress-4\" class=\"tablepress tablepress-id-4\">\n<thead>\n<tr class=\"row-1\">\n\t<th class=\"column-1\">Name<\/th><th class=\"column-2\">Ausrichtung<\/th><th class=\"column-3\">Website<\/th>\n<\/tr>\n<\/thead>\n<tbody class=\"row-striping row-hover\">\n<tr class=\"row-2\">\n\t<td class=\"column-1\">Staatliche Fachoberschule und Berufsoberschule M\u00fcnchen<\/td><td class=\"column-2\">Technik sowie Agrar-, Bio- und Umwelttechnologie<\/td><td class=\"column-3\"><a href=\"https:\/\/fosbosmuenchen.de\/\" rel=\"noopener\" target=\"_blank\">https:\/\/fosbosmuenchen.de\/<\/a><\/td>\n<\/tr>\n<tr class=\"row-3\">\n\t<td class=\"column-1\">St\u00e4dt. Rainer-Warner-Fassbinder-Fachoberschule<\/td><td class=\"column-2\">Sozialwesen, Gesundheit und Pflege<\/td><td class=\"column-3\"><a href=\"https:\/\/rwf-fos.de\/\" rel=\"noopener\" target=\"_blank\">https:\/\/rwf-fos.de\/<\/a><\/td>\n<\/tr>\n<tr class=\"row-4\">\n\t<td class=\"column-1\">Berufliche Oberschule Unterschlei\u00dfheim<\/td><td class=\"column-2\">Wirtschaft, Sozialwesen, Gestaltung, Technik<\/td><td class=\"column-3\"><a href=\"https:\/\/www.fosbos-ush.de\/\" rel=\"noopener\" target=\"_blank\">https:\/\/www.fosbos-ush.de\/<\/a><\/td>\n<\/tr>\n<tr class=\"row-5\">\n\t<td class=\"column-1\">Berufs- und Fachoberschule in Erding<\/td><td class=\"column-2\">Sozialwesen, Technik und Wirtschaft<\/td><td class=\"column-3\"><a href=\"https:\/\/www.fosbos-erding.de\/\" rel=\"noopener\" target=\"_blank\">https:\/\/www.fosbos-erding.de\/<\/a><\/td>\n<\/tr>\n<tr class=\"row-6\">\n\t<td class=\"column-1\">St\u00e4dt. Fachoberschule f\u00fcr Gestaltung<\/td><td class=\"column-2\">Gestaltung<\/td><td class=\"column-3\"><a href=\"https:\/\/fos-gestaltung.musin.de\/\" rel=\"noopener\" target=\"_blank\">https:\/\/fos-gestaltung.musin.de\/<\/a><\/td>\n<\/tr>\n<tr class=\"row-7\">\n\t<td class=\"column-1\">St\u00e4dt. Robert-Bosch-Fachoberschule<\/td><td class=\"column-2\">Wirtschaft und Verwaltung, Internationale Wirtschaft<\/td><td class=\"column-3\"><a href=\"https:\/\/robofos.musin.de\/\" rel=\"noopener\" target=\"_blank\">https:\/\/robofos.musin.de\/<\/a><\/td>\n<\/tr>\n<tr class=\"row-8\">\n\t<td class=\"column-1\">Therese-von-Bayern-Schule (M\u00fcnchen)<\/td><td class=\"column-2\">Wirtschaft und Verwaltung<\/td><td class=\"column-3\"><a href=\"https:\/\/www.fosbos.org\/\" rel=\"noopener\" target=\"_blank\">https:\/\/www.fosbos.org\/<\/a><\/td>\n<\/tr>\n<tr class=\"row-9\">\n\t<td class=\"column-1\">Staatliche Fachoberschule Haar<\/td><td class=\"column-2\">Gesundheit und Pflege, Sozialwesen und Wirtschaft und Rechtspflege, Technik<\/td><td class=\"column-3\"><a href=\"https:\/\/www.fos-haar.de\/\" rel=\"noopener\" target=\"_blank\">https:\/\/www.fos-haar.de\/<\/a><\/td>\n<\/tr>\n<tr class=\"row-10\">\n\t<td class=\"column-1\">Berufliche Oberschule Rosenheim<\/td><td class=\"column-2\">Technik, Wirtschaft und Verwaltung, Sozialwesen, Gestaltung<\/td><td class=\"column-3\"><a href=\"https:\/\/www.fosbos-rosenheim.de\/\" rel=\"noopener\" target=\"_blank\">https:\/\/www.fosbos-rosenheim.de\/<\/a><\/td>\n<\/tr>\n<tr class=\"row-11\">\n\t<td class=\"column-1\">Emile Fachoberschule Neubiberg<\/td><td class=\"column-2\">Angewandte Naturwissenschaften, Sozialwesen<\/td><td class=\"column-3\"><a href=\"https:\/\/www.emile-montessori.de\/\" rel=\"noopener\" target=\"_blank\">https:\/\/www.emile-montessori.de\/<\/a><\/td>\n<\/tr>\n<tr class=\"row-12\">\n\t<td class=\"column-1\">Fachoberschule Karlsfeld<\/td><td class=\"column-2\">Agrarwirtschaft, Bio- &amp; Umwelttechnologie, Wirtschaft &amp; Verwaltung, Sozialwesen, Gestaltung<\/td><td class=\"column-3\"><a href=\"https:\/\/www.fos-karlsfeld.de\/\" rel=\"noopener\" target=\"_blank\">https:\/\/www.fos-karlsfeld.de\/<\/a><\/td>\n<\/tr>\n<tr class=\"row-13\">\n\t<td class=\"column-1\">Staatliche Fachoberschule und Berufsoberschule Landshut-Sch\u00f6nbrunn<\/td><td class=\"column-2\">Agrarwirtschaft, Bio- und Umwelttechnologie, Gesundheit<\/td><td class=\"column-3\"><a href=\"http:\/\/www.bs-schoenbrunn.de\/\" rel=\"noopener\" target=\"_blank\">http:\/\/www.bs-schoenbrunn.de\/<\/a><\/td>\n<\/tr>\n<\/tbody>\n<\/table>\n<!-- #tablepress-4 from cache -->\n<\/div>\n\n\n\n\n\t\t\t<\/div> \n\t\t<\/div>\n\t<\/div> \n<\/div><\/div>\n\t\t<div id=\"features\"  data-column-margin=\"default\" data-midnight=\"dark\" data-top-percent=\"7%\" data-bottom-percent=\"10%\"  class=\"wpb_row vc_row-fluid vc_row full-width-content has-row-bg-color vc_row-o-equal-height vc_row-flex vc_row-o-content-top  zindex-set right_padding_6pct left_padding_6pct top_padding_phone_25pct right_padding_tablet_8pct right_padding_phone_24px left_padding_tablet_8pct left_padding_phone_24px\"  style=\"padding-top: calc(100vw * 0.07); padding-bottom: calc(100vw * 0.10);  z-index: 10;--row-bg-color: #ffffff;\"><div class=\"row-bg-wrap\" data-bg-animation=\"none\" data-bg-animation-delay=\"\" data-bg-overlay=\"false\"><div class=\"inner-wrap row-bg-layer\" ><div class=\"row-bg viewport-desktop using-bg-color\"  style=\"background-color: #ffffff; \"><\/div><\/div><\/div><div class=\"row_col_wrap_12 col span_12 dark left\">\n\t<div  class=\"vc_col-sm-12 wpb_column column_container vc_column_container col no-extra-padding inherit_tablet inherit_phone flex_gap_desktop_10px \"  data-padding-pos=\"all\" data-has-bg-color=\"false\" data-bg-color=\"\" data-bg-opacity=\"1\" data-animation=\"\" data-delay=\"0\" >\n\t\t<div class=\"vc_column-inner\" >\n\t\t\t<div class=\"wpb_wrapper\">\n\t\t\t\t<div class=\"nectar-sticky-media-sections media-width-60pct media-height-75vh content-spacing-45vh content-position-right mobile-aspect-ratio-4-3 media-border-radius-15px\" style=\"--section-count:1\"><div class=\"nectar-sticky-media-section__featured-media\"><div class=\"nectar-sticky-media-section__media-wrap active\"><div class=\"nectar-sticky-media-section__media\" style=\"background-image:url(https:\/\/www.home.dbrsp.de\/wp-content\/uploads\/2022\/12\/abschlusswege_image_1.jpg)\" data-type=\"image\"><\/div><\/div><\/div><div class=\"nectar-sticky-media-section__content\"><div class=\"nectar-sticky-media-section__content-section\"><div class=\"nectar-sticky-media-content__media-wrap\"><div class=\"nectar-sticky-media-section__media\" style=\"background-image:url(https:\/\/www.home.dbrsp.de\/wp-content\/uploads\/2022\/12\/abschlusswege_image_1.jpg)\" data-type=\"image\"><\/div><\/div><div id=\"fws_69e88dddc463a\" data-midnight=\"\" data-column-margin=\"default\" class=\"wpb_row vc_row-fluid vc_row inner_row  top_padding_tablet_0px\"  style=\"padding-top: 15vh; \"><div class=\"row-bg-wrap\"> <div class=\"row-bg\" ><\/div> <\/div><div class=\"row_col_wrap_12_inner col span_12  left\">\n\t<div  class=\"vc_col-sm-12 wpb_column column_container vc_column_container col child_column no-extra-padding inherit_tablet inherit_phone flex_gap_desktop_10px \"   data-padding-pos=\"all\" data-has-bg-color=\"false\" data-bg-color=\"\" data-bg-opacity=\"1\" data-animation=\"\" data-delay=\"0\" >\n\t\t<div class=\"vc_column-inner\" >\n\t\t<div class=\"wpb_wrapper\">\n\t\t\t<div class=\"nectar-split-heading  font_size_2vw \" data-align=\"default\" data-m-align=\"inherit\" data-text-effect=\"none\" data-animation-type=\"line-reveal-by-space\" data-animation-delay=\"0\" data-animation-offset=\"\" data-m-rm-animation=\"\" data-stagger=\"true\" data-custom-font-size=\"true\" style=\"font-size: 2vw; line-height: 2.2vw;\"><h2 >3. Eintritt in ein Gymnasium<\/h2><\/div><div class=\"nectar-responsive-text font_size_min_16px font_size_max_20px font_size_desktop_0vw font_line_height_1-5 nectar-link-underline-effect\"><p>F\u00fcr gute bis sehr gute Realschulabsolventen\/innen steht auch die M\u00f6glichkeit offen, die schulische Ausbildung im allgemeinbildenden Bereich fortzusetzen und an ein\u00a0<strong>Gymnasium\u00a0<\/strong>zu wechseln. Hierf\u00fcr gibt es die M\u00f6glichkeit der Einf\u00fchrungsklasse:<\/p>\n<\/div><a class=\"nectar-button medium see-through-2  has-icon\"  role=\"button\" style=\"\" target=\"_blank\" href=\"https:\/\/www.home.dbrsp.de\/wp-content\/uploads\/2023\/01\/Einfuehrungsklasse-am-Gymnasium.pdf\" data-color-override=\"false\" data-hover-color-override=\"false\" data-hover-text-color-override=\"#ffffff\"><span>Download Info<\/span><i  class=\"icon-button-arrow\"><\/i><\/a>\n<div class=\"wpb_text_column wpb_content_element \" >\n\t<p>Flyer zur Einf\u00fchrungsklasse an bayrischen Gymnasien:<\/p>\n<\/div>\n\n\n\n<a class=\"nectar-button medium see-through-2  has-icon\"  role=\"button\" style=\"\" target=\"_blank\" href=\"https:\/\/www.home.dbrsp.de\/wp-content\/uploads\/2023\/01\/Flyer-Einfuehrungsklassen-Gymnasium-2023.pdf\" data-color-override=\"false\" data-hover-color-override=\"false\" data-hover-text-color-override=\"#ffffff\"><span>Download Flyer<\/span><i  class=\"icon-button-arrow\"><\/i><\/a><div class=\"divider-wrap\" data-alignment=\"default\"><div style=\"height: 25px;\" class=\"divider\"><\/div><\/div>\n<div class=\"wpb_text_column wpb_content_element \" >\n\t<p><span style=\"color: #ed3b3b\"><em><strong>Bitte denken Sie in jedem Fall daran, eine Voranmeldung im Februar an der entsprechenden Schule abzugeben. Eine sp\u00e4tere Anmeldung kann sonst leider nicht mehr ber\u00fccksichtigt werden.<\/strong><\/em><\/span><\/p>\n<\/div>\n\n\n\n<div class=\"divider-wrap height_phone_25px \" data-alignment=\"default\"><div style=\"margin-top: 47.5px; height: 1px; margin-bottom: 47.5px;\" data-width=\"100%\" data-animate=\"\" data-animation-delay=\"\" data-color=\"default\" class=\"divider-border\"><\/div><\/div><div class=\"nectar-responsive-text font_size_min_16px font_size_max_20px font_size_desktop_0vw font_line_height_1-5 nectar-link-underline-effect\"><p><i>Weitere Informative Links zu Einf\u00fchrungsklasse:<\/i><\/p>\n<\/div><a class=\"nectar-button medium regular accent-color  regular-button\"  role=\"button\" style=\"margin-right: 10px; \" target=\"_blank\" href=\"https:\/\/www.km.bayern.de\/ministerium\/institutionen\/schulberatung.html\" data-color-override=\"false\" data-hover-color-override=\"false\" data-hover-text-color-override=\"#fff\"><span>Staatliche Schulberatung Bayern<\/span><\/a><a class=\"nectar-button medium regular accent-color  regular-button\"  role=\"button\" style=\"\" target=\"_blank\" href=\"https:\/\/www.km.bayern.de\/schueler\/schularten\/uebertritt-schulartwechsel.html#einf\" data-color-override=\"false\" data-hover-color-override=\"false\" data-hover-text-color-override=\"#fff\"><span>\u00dcbertritt\/Schulwechseln Bayern<\/span><\/a>\n\t\t<\/div> \n\t<\/div>\n\t<\/div> \n<\/div><\/div><\/div><\/div><\/div>\n\t\t\t<\/div> \n\t\t<\/div>\n\t<\/div> \n<\/div><\/div>\n","protected":false},"excerpt":{"rendered":"Anschlusswege nach der 10. Klasse Anschlusswege nach der 10. KlasseNach dem Abschluss der Mittleren Reife stehen den Sch\u00fclern verschiedene Wege offen. Im Folgenden haben wir Ihnen \/ Euch einige wichtige...","protected":false},"author":6,"featured_media":0,"parent":0,"menu_order":0,"comment_status":"closed","ping_status":"closed","template":"","meta":{"inline_featured_image":false,"footnotes":""},"class_list":["post-7129","page","type-page","status-publish"],"_links":{"self":[{"href":"https:\/\/www.home.dbrsp.de\/index.php\/wp-json\/wp\/v2\/pages\/7129","targetHints":{"allow":["GET"]}}],"collection":[{"href":"https:\/\/www.home.dbrsp.de\/index.php\/wp-json\/wp\/v2\/pages"}],"about":[{"href":"https:\/\/www.home.dbrsp.de\/index.php\/wp-json\/wp\/v2\/types\/page"}],"author":[{"embeddable":true,"href":"https:\/\/www.home.dbrsp.de\/index.php\/wp-json\/wp\/v2\/users\/6"}],"replies":[{"embeddable":true,"href":"https:\/\/www.home.dbrsp.de\/index.php\/wp-json\/wp\/v2\/comments?post=7129"}],"version-history":[{"count":88,"href":"https:\/\/www.home.dbrsp.de\/index.php\/wp-json\/wp\/v2\/pages\/7129\/revisions"}],"predecessor-version":[{"id":23132,"href":"https:\/\/www.home.dbrsp.de\/index.php\/wp-json\/wp\/v2\/pages\/7129\/revisions\/23132"}],"wp:attachment":[{"href":"https:\/\/www.home.dbrsp.de\/index.php\/wp-json\/wp\/v2\/media?parent=7129"}],"curies":[{"name":"wp","href":"https:\/\/api.w.org\/{rel}","templated":true}]}}